{"id":222052,"date":"2020-02-18T16:01:19","date_gmt":"2020-02-18T14:01:19","guid":{"rendered":"https:\/\/www.huntersfriend.eu\/product\/final-approach-waterfowl-rucksack\/"},"modified":"2024-08-27T09:04:55","modified_gmt":"2024-08-27T07:04:55","slug":"final-approach-waterfowl-rucksack","status":"publish","type":"product","link":"https:\/\/www.huntersfriend.eu\/de\/produkt\/final-approach-waterfowl-rucksack\/","title":{"rendered":"Final Approach Waterfowl Rucksack"},"content":{"rendered":"<p>Final Approach Wasservogel-Rucksack.<\/p>\n<p>&nbsp;<\/p>\n<p>Merkmale:<\/p>\n<p>Hauptfach 20 &#8222;H x 14 &#8222;W x 9 &#8222;D (50,8cm * 35,6cm * 22,8cm)<\/p>\n<p>Mehrere sekund\u00e4re Taschen und Stauraum<\/p>\n<p>2 Zubeh\u00f6rtaschen auf der Vorderseite<\/p>\n<p>Gepolsterter H\u00fcftgurt mit Schnalle<\/p>\n<p>Bequeme Schultergurte mit Brustgurt<\/p>\n<p>Ausklappbare Gewehrscheide<\/p>\n<p>Expandierbarer Getr\u00e4nkehalter an einer Seite des Rucksacks<\/p>\n<p>Fronttasche f\u00fcr schnellen Zugriff auf das Zubeh\u00f6r<\/p>\n<p>Robustes 600 D-Material mit Rei\u00dfverschlussgriffen an jedem Rei\u00dfverschluss<\/p>\n<p>Wasserdicht geformter Boden<\/p>\n<p>Baumschlaufe und Tragegriff zum Aufh\u00e4ngen in einem Blind oder an einem Baum<\/p>\n<p>Baumgurt zum Befestigen des Rucksacks an einem Baum<\/p>\n<p>&nbsp;<\/p>\n<p>&nbsp;<\/p>\n","protected":false},"excerpt":{"rendered":"<p>Final Approach Wasservogel-Rucksack. &nbsp; Merkmale: Hauptfach 20 &#8222;H x 14 &#8222;W x 9 &#8222;D (50,8cm * 35,6cm * 22,8cm) Mehrere sekund\u00e4re Taschen und Stauraum 2 Zubeh\u00f6rtaschen auf der Vorderseite Gepolsterter H\u00fcftgurt mit Schnalle Bequeme Schultergurte mit Brustgurt Ausklappbare Gewehrscheide Expandierbarer Getr\u00e4nkehalter an einer Seite des Rucksacks Fronttasche f\u00fcr schnellen Zugriff auf das Zubeh\u00f6r Robustes 600 [&#8230;]\n","protected":false},"featured_media":208901,"comment_status":"open","ping_status":"closed","template":"","meta":[],"product_brand":[],"product_cat":[1407],"product_tag":[],"class_list":{"0":"post-222052","1":"product","2":"type-product","3":"status-publish","4":"has-post-thumbnail","6":"product_cat-jagdrucksacke","7":"product_shipping_class-medium-de","9":"first","10":"onbackorder","11":"taxable","12":"shipping-taxable","13":"purchasable","14":"product-type-simple"},"composite_virtual":false,"composite_layout":"","composite_add_to_cart_form_location":"","composite_editable_in_cart":false,"composite_sold_individually_context":"","composite_shop_price_calc":"","composite_components":[],"composite_scenarios":[],"group_of_quantity":0,"min_quantity":0,"max_quantity":"","exclude_order_quantity_value_rules":"no","exclude_category_quantity_rules":"no","combine_variations":"no","exclude_global_add_ons":[],"addons":[],"_links":{"self":[{"href":"https:\/\/www.huntersfriend.eu\/de\/wp-json\/wp\/v2\/product\/222052","targetHints":{"allow":["GET"]}}],"collection":[{"href":"https:\/\/www.huntersfriend.eu\/de\/wp-json\/wp\/v2\/product"}],"about":[{"href":"https:\/\/www.huntersfriend.eu\/de\/wp-json\/wp\/v2\/types\/product"}],"replies":[{"embeddable":true,"href":"https:\/\/www.huntersfriend.eu\/de\/wp-json\/wp\/v2\/comments?post=222052"}],"wp:featuredmedia":[{"embeddable":true,"href":"https:\/\/www.huntersfriend.eu\/de\/wp-json\/wp\/v2\/media\/208901"}],"wp:attachment":[{"href":"https:\/\/www.huntersfriend.eu\/de\/wp-json\/wp\/v2\/media?parent=222052"}],"wp:term":[{"taxonomy":"product_brand","embeddable":true,"href":"https:\/\/www.huntersfriend.eu\/de\/wp-json\/wp\/v2\/product_brand?post=222052"},{"taxonomy":"product_cat","embeddable":true,"href":"https:\/\/www.huntersfriend.eu\/de\/wp-json\/wp\/v2\/product_cat?post=222052"},{"taxonomy":"product_tag","embeddable":true,"href":"https:\/\/www.huntersfriend.eu\/de\/wp-json\/wp\/v2\/product_tag?post=222052"}],"curies":[{"name":"wp","href":"https:\/\/api.w.org\/{rel}","templated":true}]}}