{"id":222049,"date":"2020-02-18T16:01:20","date_gmt":"2020-02-18T14:01:20","guid":{"rendered":"https:\/\/www.huntersfriend.eu\/product\/final-approach-last-pass-krahen-lockvogel\/"},"modified":"2026-04-15T11:47:39","modified_gmt":"2026-04-15T09:47:39","slug":"final-approach-last-pass-krahen-lockvogel","status":"publish","type":"product","link":"https:\/\/www.huntersfriend.eu\/de\/produkt\/final-approach-last-pass-krahen-lockvogel\/","title":{"rendered":"Final Approach Last Pass Nebelkr\u00e4hen-Lockvogel"},"content":{"rendered":"<p>Final Approach Last Pass Nebelkr\u00e4hen-Lockv\u00f6gel sind realistische, bemalte Attrappen. Verkauft im 3er-Pack. Diese Lockv\u00f6gel ben\u00f6tigen keine sonnigen Tage, um sich n\u00e4hernde V\u00f6gel zu verscheuchen.  <\/p>\n<p><strong>Achtung: Online-Bestellungen sind auf zwei Kartons pro Bestellung begrenzt. F\u00fcr gr\u00f6\u00dfere Mengen kontaktieren Sie bitte direkt den Kundenservice, um die Lieferkosten zu erfragen. <\/strong><\/p>\n","protected":false},"excerpt":{"rendered":"<p><strong>Achtung: Online-Bestellungen sind auf zwei Kartons pro Bestellung begrenzt. F\u00fcr gr\u00f6\u00dfere Mengen kontaktieren Sie bitte direkt den Kundenservice, um die Lieferkosten zu erfragen. <\/strong><\/p>\n","protected":false},"featured_media":208913,"comment_status":"open","ping_status":"closed","template":"","meta":[],"product_brand":[],"product_cat":[1204,1396],"product_tag":[],"class_list":{"0":"post-222049","1":"product","2":"type-product","3":"status-publish","4":"has-post-thumbnail","6":"product_cat-locktiere","7":"product_cat-kleinwild-locktiere","8":"product_shipping_class-big-de","10":"first","11":"instock","12":"sale","13":"taxable","14":"shipping-taxable","15":"purchasable","16":"product-type-simple"},"composite_virtual":false,"composite_layout":"","composite_add_to_cart_form_location":"","composite_editable_in_cart":false,"composite_sold_individually_context":"","composite_shop_price_calc":"","composite_components":[],"composite_scenarios":[],"group_of_quantity":0,"min_quantity":0,"max_quantity":"","exclude_order_quantity_value_rules":"no","exclude_category_quantity_rules":"no","combine_variations":"no","exclude_global_add_ons":[],"addons":[],"_links":{"self":[{"href":"https:\/\/www.huntersfriend.eu\/de\/wp-json\/wp\/v2\/product\/222049","targetHints":{"allow":["GET"]}}],"collection":[{"href":"https:\/\/www.huntersfriend.eu\/de\/wp-json\/wp\/v2\/product"}],"about":[{"href":"https:\/\/www.huntersfriend.eu\/de\/wp-json\/wp\/v2\/types\/product"}],"replies":[{"embeddable":true,"href":"https:\/\/www.huntersfriend.eu\/de\/wp-json\/wp\/v2\/comments?post=222049"}],"wp:featuredmedia":[{"embeddable":true,"href":"https:\/\/www.huntersfriend.eu\/de\/wp-json\/wp\/v2\/media\/208913"}],"wp:attachment":[{"href":"https:\/\/www.huntersfriend.eu\/de\/wp-json\/wp\/v2\/media?parent=222049"}],"wp:term":[{"taxonomy":"product_brand","embeddable":true,"href":"https:\/\/www.huntersfriend.eu\/de\/wp-json\/wp\/v2\/product_brand?post=222049"},{"taxonomy":"product_cat","embeddable":true,"href":"https:\/\/www.huntersfriend.eu\/de\/wp-json\/wp\/v2\/product_cat?post=222049"},{"taxonomy":"product_tag","embeddable":true,"href":"https:\/\/www.huntersfriend.eu\/de\/wp-json\/wp\/v2\/product_tag?post=222049"}],"curies":[{"name":"wp","href":"https:\/\/api.w.org\/{rel}","templated":true}]}}