{"id":222045,"date":"2020-02-18T16:01:21","date_gmt":"2020-02-18T14:01:21","guid":{"rendered":"https:\/\/www.huntersfriend.eu\/product\/final-approach-last-pass-tauben-lockvogel\/"},"modified":"2026-04-15T11:47:39","modified_gmt":"2026-04-15T09:47:39","slug":"final-approach-last-pass-tauben-lockvogel","status":"publish","type":"product","link":"https:\/\/www.huntersfriend.eu\/de\/produkt\/final-approach-last-pass-tauben-lockvogel\/","title":{"rendered":"Taubenattrappe f\u00fcr den letzten Anflug"},"content":{"rendered":"<p>Sechs der nat\u00fcrlichsten, voll beflockten Ringeltauben-Lockv\u00f6gel auf dem Markt. Erstellen Sie Ihr eigenes Lockbild und locken Sie sie nah heran. \u00dcberlebensgro\u00df, um aus gro\u00dfer Entfernung gesehen zu werden. Einteiliges Design inklusive Erdspie\u00df.   <\/p>\n<p>Beflockt, 6 Stk.\/Packung<\/p>\n<p><strong>Achtung: Online-Bestellungen sind auf eine Box pro Bestellung begrenzt. F\u00fcr gr\u00f6\u00dfere Mengen kontaktieren Sie bitte direkt den Kundenservice bez\u00fcglich der Lieferkosten <\/strong><\/p>\n","protected":false},"excerpt":{"rendered":"<p><strong>Achtung: Online-Bestellungen sind auf eine Box pro Bestellung begrenzt. F\u00fcr gr\u00f6\u00dfere Mengen kontaktieren Sie bitte direkt den Kundenservice bez\u00fcglich der Lieferkosten <\/strong><\/p>\n","protected":false},"featured_media":208934,"comment_status":"open","ping_status":"closed","template":"","meta":[],"product_brand":[],"product_cat":[1396],"product_tag":[],"class_list":{"0":"post-222045","1":"product","2":"type-product","3":"status-publish","4":"has-post-thumbnail","6":"product_cat-kleinwild-locktiere","7":"product_shipping_class-big-de","9":"first","10":"instock","11":"sale","12":"taxable","13":"shipping-taxable","14":"purchasable","15":"product-type-simple"},"composite_virtual":false,"composite_layout":"","composite_add_to_cart_form_location":"","composite_editable_in_cart":false,"composite_sold_individually_context":"","composite_shop_price_calc":"","composite_components":[],"composite_scenarios":[],"group_of_quantity":0,"min_quantity":0,"max_quantity":"","exclude_order_quantity_value_rules":"no","exclude_category_quantity_rules":"no","combine_variations":"no","exclude_global_add_ons":[],"addons":[],"_links":{"self":[{"href":"https:\/\/www.huntersfriend.eu\/de\/wp-json\/wp\/v2\/product\/222045","targetHints":{"allow":["GET"]}}],"collection":[{"href":"https:\/\/www.huntersfriend.eu\/de\/wp-json\/wp\/v2\/product"}],"about":[{"href":"https:\/\/www.huntersfriend.eu\/de\/wp-json\/wp\/v2\/types\/product"}],"replies":[{"embeddable":true,"href":"https:\/\/www.huntersfriend.eu\/de\/wp-json\/wp\/v2\/comments?post=222045"}],"wp:featuredmedia":[{"embeddable":true,"href":"https:\/\/www.huntersfriend.eu\/de\/wp-json\/wp\/v2\/media\/208934"}],"wp:attachment":[{"href":"https:\/\/www.huntersfriend.eu\/de\/wp-json\/wp\/v2\/media?parent=222045"}],"wp:term":[{"taxonomy":"product_brand","embeddable":true,"href":"https:\/\/www.huntersfriend.eu\/de\/wp-json\/wp\/v2\/product_brand?post=222045"},{"taxonomy":"product_cat","embeddable":true,"href":"https:\/\/www.huntersfriend.eu\/de\/wp-json\/wp\/v2\/product_cat?post=222045"},{"taxonomy":"product_tag","embeddable":true,"href":"https:\/\/www.huntersfriend.eu\/de\/wp-json\/wp\/v2\/product_tag?post=222045"}],"curies":[{"name":"wp","href":"https:\/\/api.w.org\/{rel}","templated":true}]}}