{"id":221259,"date":"2020-03-06T12:23:46","date_gmt":"2020-03-06T10:23:46","guid":{"rendered":"https:\/\/www.huntersfriend.eu\/product\/221259\/"},"modified":"2026-03-05T12:42:25","modified_gmt":"2026-03-05T10:42:25","slug":"221259","status":"publish","type":"product","link":"https:\/\/www.huntersfriend.eu\/de\/produkt\/221259\/","title":{"rendered":"Skylon Carbon Edge 6.2 Schaft"},"content":{"rendered":"<p>Nur Schaft \u2013 ohne Befiederung<\/p>\n<p>Material: 24-TON Carbon<br \/>\nInnendurchmesser: 6,2 mm \/ 0,244&#8243;<br \/>\nGeradheitstoleranz: <span class=\"st\">\u00b1<\/span> 0,005&#8243;<\/p>\n<table class=\"uk-table uk-table-striped uk-table-condensed uk-table-hover\">\n<thead>\n<tr>\n<th>SPINE<\/th>\n<th>AUSSENDURCHMESSER<\/th>\n<th>GRAIN PRO ZOLL<\/th>\n<th>L\u00c4NGE<\/th>\n<\/tr>\n<\/thead>\n<tbody>\n<tr>\n<td>0,800&#8243;<\/td>\n<td>6,85 mm<\/td>\n<td>4,20<\/td>\n<td>33&#8243;<\/td>\n<\/tr>\n<tr>\n<td>0,700&#8243;<\/td>\n<td>7,00 mm<\/td>\n<td>5,12<\/td>\n<td>33&#8243;<\/td>\n<\/tr>\n<tr>\n<td>0,600&#8243;<\/td>\n<td>7,05 mm<\/td>\n<td>5,58<\/td>\n<td>33&#8243;<\/td>\n<\/tr>\n<tr>\n<td>0,500&#8243;<\/td>\n<td>7,12 mm<\/td>\n<td>5,80<\/td>\n<td>33&#8243;<\/td>\n<\/tr>\n<tr>\n<td>0,400&#8243;<\/td>\n<td>7,35 mm<\/td>\n<td>7,33<\/td>\n<td>33&#8243;<\/td>\n<\/tr>\n<tr>\n<td>0,350&#8243;<\/td>\n<td>7,39 mm<\/td>\n<td>7,61<\/td>\n<td>33&#8243;<\/td>\n<\/tr>\n<tr>\n<td>0,300&#8243;<\/td>\n<td>7,55 mm<\/td>\n<td>8,50<\/td>\n<td>33&#8243;<\/td>\n<\/tr>\n<\/tbody>\n<\/table>\n","protected":false},"excerpt":{"rendered":"<p>Spine 300, 400, 350 und 500 mit Inserts und Nocken<\/p>\n","protected":false},"featured_media":214259,"comment_status":"open","ping_status":"closed","template":"","meta":[],"product_brand":[],"product_cat":[1105],"product_tag":[],"class_list":{"0":"post-221259","1":"product","2":"type-product","3":"status-publish","4":"has-post-thumbnail","6":"product_cat-karbon-jagd-schaefte","8":"first","9":"instock","10":"taxable","11":"shipping-taxable","12":"purchasable","13":"product-type-variable"},"composite_virtual":false,"composite_layout":"","composite_add_to_cart_form_location":"","composite_editable_in_cart":false,"composite_sold_individually_context":"","composite_shop_price_calc":"","composite_components":[],"composite_scenarios":[],"group_of_quantity":0,"min_quantity":0,"max_quantity":"","exclude_order_quantity_value_rules":"no","exclude_category_quantity_rules":"no","combine_variations":"no","exclude_global_add_ons":false,"addons":[{"name":"Zuschnitt","type":"multiple_choice","position":0,"required":true,"title_format":"label","default":"","description_enable":false,"description":null,"placeholder_enable":false,"placeholder":null,"display":"select","restrictions_type":"any_text","adjust_price":false,"price":"","price_type":"flat_fee","restrictions":false,"min":"0","max":"0","options":[{"label":"Nicht schneiden","price":"","price_type":"flat_fee","image":0,"visibility":true},{"label":"Bitte schneiden - f\u00fcgen Sie die gew\u00fcnschte L\u00e4nge im Infofeld beim Auschecken hinzu","price":"","price_type":"flat_fee","image":0,"visibility":true}]},{"name":"Eins\u00e4tze","type":"multiple_choice","position":1,"required":true,"title_format":"label","default":"","description_enable":false,"description":null,"placeholder_enable":false,"placeholder":null,"display":"select","restrictions_type":"any_text","adjust_price":false,"price":"","price_type":"flat_fee","restrictions":false,"min":"0","max":"0","options":[{"label":"Eins\u00e4tze installieren (Dies ist dauerhaft!)","price":"","price_type":"flat_fee","image":0,"visibility":true},{"label":"Eins\u00e4tze nicht installieren (lose beilegen)","price":"","price_type":"flat_fee","image":0,"visibility":true}]}],"_links":{"self":[{"href":"https:\/\/www.huntersfriend.eu\/de\/wp-json\/wp\/v2\/product\/221259","targetHints":{"allow":["GET"]}}],"collection":[{"href":"https:\/\/www.huntersfriend.eu\/de\/wp-json\/wp\/v2\/product"}],"about":[{"href":"https:\/\/www.huntersfriend.eu\/de\/wp-json\/wp\/v2\/types\/product"}],"replies":[{"embeddable":true,"href":"https:\/\/www.huntersfriend.eu\/de\/wp-json\/wp\/v2\/comments?post=221259"}],"wp:featuredmedia":[{"embeddable":true,"href":"https:\/\/www.huntersfriend.eu\/de\/wp-json\/wp\/v2\/media\/214259"}],"wp:attachment":[{"href":"https:\/\/www.huntersfriend.eu\/de\/wp-json\/wp\/v2\/media?parent=221259"}],"wp:term":[{"taxonomy":"product_brand","embeddable":true,"href":"https:\/\/www.huntersfriend.eu\/de\/wp-json\/wp\/v2\/product_brand?post=221259"},{"taxonomy":"product_cat","embeddable":true,"href":"https:\/\/www.huntersfriend.eu\/de\/wp-json\/wp\/v2\/product_cat?post=221259"},{"taxonomy":"product_tag","embeddable":true,"href":"https:\/\/www.huntersfriend.eu\/de\/wp-json\/wp\/v2\/product_tag?post=221259"}],"curies":[{"name":"wp","href":"https:\/\/api.w.org\/{rel}","templated":true}]}}