{"id":221255,"date":"2020-03-11T12:20:47","date_gmt":"2020-03-11T10:20:47","guid":{"rendered":"https:\/\/www.huntersfriend.eu\/product\/neoprene-locker-lanyard\/"},"modified":"2025-09-02T09:05:23","modified_gmt":"2025-09-02T07:05:23","slug":"neoprene-locker-lanyard","status":"publish","type":"product","link":"https:\/\/www.huntersfriend.eu\/de\/produkt\/neoprene-locker-lanyard\/","title":{"rendered":"Neopren-Lockrufband"},"content":{"rendered":"<p>Neopren-Lockrufband f\u00fcr sechs Lockrufe.<\/p>\n<ul>\n<li>Neopren <span class=\"a-list-item\">Au\u00dfenmaterial<\/span><\/li>\n<li><span class=\"a-list-item\">Lockruf-Schlaufen mit leicht anzubringenden Schnellverschl\u00fcssen<\/span><\/li>\n<li>F\u00fcr sechs Lockrufe<\/li>\n<li>Tarnmuster<\/li>\n<\/ul>\n","protected":false},"excerpt":{"rendered":"<p>Neopren-Lockrufband f\u00fcr sechs Lockrufe. Neopren Au\u00dfenmaterial Lockruf-Schlaufen mit leicht anzubringenden Schnellverschl\u00fcssen F\u00fcr sechs Lockrufe Tarnmuster<\/p>\n","protected":false},"featured_media":208991,"comment_status":"open","ping_status":"closed","template":"","meta":[],"product_brand":[],"product_cat":[1145],"product_tag":[],"class_list":{"0":"post-221255","1":"product","2":"type-product","3":"status-publish","4":"has-post-thumbnail","6":"product_cat-sonstiges","8":"first","9":"instock","10":"taxable","11":"shipping-taxable","12":"purchasable","13":"product-type-simple"},"composite_virtual":false,"composite_layout":"","composite_add_to_cart_form_location":"","composite_editable_in_cart":false,"composite_sold_individually_context":"","composite_shop_price_calc":"","composite_components":[],"composite_scenarios":[],"group_of_quantity":0,"min_quantity":0,"max_quantity":"","exclude_order_quantity_value_rules":"no","exclude_category_quantity_rules":"no","combine_variations":"no","exclude_global_add_ons":[],"addons":[],"_links":{"self":[{"href":"https:\/\/www.huntersfriend.eu\/de\/wp-json\/wp\/v2\/product\/221255","targetHints":{"allow":["GET"]}}],"collection":[{"href":"https:\/\/www.huntersfriend.eu\/de\/wp-json\/wp\/v2\/product"}],"about":[{"href":"https:\/\/www.huntersfriend.eu\/de\/wp-json\/wp\/v2\/types\/product"}],"replies":[{"embeddable":true,"href":"https:\/\/www.huntersfriend.eu\/de\/wp-json\/wp\/v2\/comments?post=221255"}],"wp:featuredmedia":[{"embeddable":true,"href":"https:\/\/www.huntersfriend.eu\/de\/wp-json\/wp\/v2\/media\/208991"}],"wp:attachment":[{"href":"https:\/\/www.huntersfriend.eu\/de\/wp-json\/wp\/v2\/media?parent=221255"}],"wp:term":[{"taxonomy":"product_brand","embeddable":true,"href":"https:\/\/www.huntersfriend.eu\/de\/wp-json\/wp\/v2\/product_brand?post=221255"},{"taxonomy":"product_cat","embeddable":true,"href":"https:\/\/www.huntersfriend.eu\/de\/wp-json\/wp\/v2\/product_cat?post=221255"},{"taxonomy":"product_tag","embeddable":true,"href":"https:\/\/www.huntersfriend.eu\/de\/wp-json\/wp\/v2\/product_tag?post=221255"}],"curies":[{"name":"wp","href":"https:\/\/api.w.org\/{rel}","templated":true}]}}