{"id":221254,"date":"2020-03-11T12:20:47","date_gmt":"2020-03-11T10:20:47","guid":{"rendered":"https:\/\/www.huntersfriend.eu\/product\/gansefahne\/"},"modified":"2024-08-27T08:59:30","modified_gmt":"2024-08-27T06:59:30","slug":"gansefahne","status":"publish","type":"product","link":"https:\/\/www.huntersfriend.eu\/de\/produkt\/gansefahne\/","title":{"rendered":"G\u00e4nsefahne"},"content":{"rendered":"<p>G\u00e4nsefahne f\u00fcr echte G\u00e4nsej\u00e4ger, um Ihr Lockvogelmuster unwiderstehlicher zu machen. Zusammenklappbare Struktur bietet einfach zu tragen. Mit einfachem Tragegriff.<\/p>\n<p>Farbe: camo\/schwarz<\/p>\n","protected":false},"excerpt":{"rendered":"<p>G\u00e4nsefahne f\u00fcr echte G\u00e4nsej\u00e4ger, um Ihr Lockvogelmuster unwiderstehlicher zu machen. Zusammenklappbare Struktur bietet einfach zu tragen. Mit einfachem Tragegriff. Farbe: camo\/schwarz<\/p>\n","protected":false},"featured_media":208988,"comment_status":"open","ping_status":"closed","template":"","meta":[],"product_brand":[],"product_cat":[1394],"product_tag":[],"class_list":{"0":"post-221254","1":"product","2":"type-product","3":"status-publish","4":"has-post-thumbnail","6":"product_cat-ganse-lockvogel","8":"first","9":"onbackorder","10":"taxable","11":"shipping-taxable","12":"purchasable","13":"product-type-simple"},"composite_virtual":false,"composite_layout":"","composite_add_to_cart_form_location":"","composite_editable_in_cart":false,"composite_sold_individually_context":"","composite_shop_price_calc":"","composite_components":[],"composite_scenarios":[],"group_of_quantity":0,"min_quantity":0,"max_quantity":"","exclude_order_quantity_value_rules":"no","exclude_category_quantity_rules":"no","combine_variations":"no","exclude_global_add_ons":[],"addons":[],"_links":{"self":[{"href":"https:\/\/www.huntersfriend.eu\/de\/wp-json\/wp\/v2\/product\/221254","targetHints":{"allow":["GET"]}}],"collection":[{"href":"https:\/\/www.huntersfriend.eu\/de\/wp-json\/wp\/v2\/product"}],"about":[{"href":"https:\/\/www.huntersfriend.eu\/de\/wp-json\/wp\/v2\/types\/product"}],"replies":[{"embeddable":true,"href":"https:\/\/www.huntersfriend.eu\/de\/wp-json\/wp\/v2\/comments?post=221254"}],"wp:featuredmedia":[{"embeddable":true,"href":"https:\/\/www.huntersfriend.eu\/de\/wp-json\/wp\/v2\/media\/208988"}],"wp:attachment":[{"href":"https:\/\/www.huntersfriend.eu\/de\/wp-json\/wp\/v2\/media?parent=221254"}],"wp:term":[{"taxonomy":"product_brand","embeddable":true,"href":"https:\/\/www.huntersfriend.eu\/de\/wp-json\/wp\/v2\/product_brand?post=221254"},{"taxonomy":"product_cat","embeddable":true,"href":"https:\/\/www.huntersfriend.eu\/de\/wp-json\/wp\/v2\/product_cat?post=221254"},{"taxonomy":"product_tag","embeddable":true,"href":"https:\/\/www.huntersfriend.eu\/de\/wp-json\/wp\/v2\/product_tag?post=221254"}],"curies":[{"name":"wp","href":"https:\/\/api.w.org\/{rel}","templated":true}]}}