{"id":221250,"date":"2020-03-13T14:28:46","date_gmt":"2020-03-13T12:28:46","guid":{"rendered":"https:\/\/www.huntersfriend.eu\/product\/hoyt-limbs-grand-prix-carbon-velos\/"},"modified":"2025-11-14T12:47:05","modified_gmt":"2025-11-14T10:47:05","slug":"hoyt-limbs-grand-prix-carbon-velos","status":"publish","type":"product","link":"https:\/\/www.huntersfriend.eu\/de\/produkt\/hoyt-limbs-grand-prix-carbon-velos\/","title":{"rendered":"Hoyt Wurfarme Grand Prix Carbon Velos"},"content":{"rendered":"<h2>Carbon Velos Wurfarm-Technologie<\/h2>\n<p>V\u00f6llig neues, schmaleres K\u00f6rper- und Wurfarmspitzendesign f\u00fcr die leichtesten und schnellsten Wurfarme in der Geschichte von Hoyt. V\u00f6llig neues Keildesign f\u00fcr ein optimiertes Biegeverhalten und h\u00f6here Stabilit\u00e4t f\u00fcr gr\u00f6\u00dfere Pr\u00e4zision. V\u00f6llig neue, speziell entwickelte Carbonlagen f\u00fcr erh\u00f6hte Geschmeidigkeit, Geschwindigkeit und Konsistenz. (Erh\u00e4ltlich in Formula oder Grand Prix mit Bambuskern in kurz, mittel und lang und 22-50 Pfund in 2-Pfund-Schritten)   <\/p>\n<table border=\"0\" width=\"811\" cellspacing=\"0\" cellpadding=\"0\">\n<tbody>\n<tr>\n<td class=\"xl66\" width=\"100\" height=\"18\"><strong>Wurfarmaufnahme:<\/strong><\/td>\n<td class=\"xl67\" width=\"711\">ILF\/ Grand Prix<\/td>\n<\/tr>\n<\/tbody>\n<\/table>\n","protected":false},"excerpt":{"rendered":"<p>Farbe \u2013 Schwarz-Carbon<\/p>\n","protected":false},"featured_media":185893,"comment_status":"open","ping_status":"closed","template":"","meta":[],"product_brand":[],"product_cat":[1145],"product_tag":[],"class_list":{"0":"post-221250","1":"product","2":"type-product","3":"status-publish","4":"has-post-thumbnail","6":"product_cat-sonstiges","8":"first","9":"outofstock","10":"taxable","11":"shipping-taxable","12":"product-type-simple"},"composite_virtual":false,"composite_layout":"","composite_add_to_cart_form_location":"","composite_editable_in_cart":false,"composite_sold_individually_context":"","composite_shop_price_calc":"","composite_components":[],"composite_scenarios":[],"group_of_quantity":0,"min_quantity":0,"max_quantity":"","exclude_order_quantity_value_rules":"no","exclude_category_quantity_rules":"no","combine_variations":"no","exclude_global_add_ons":[],"addons":[],"_links":{"self":[{"href":"https:\/\/www.huntersfriend.eu\/de\/wp-json\/wp\/v2\/product\/221250","targetHints":{"allow":["GET"]}}],"collection":[{"href":"https:\/\/www.huntersfriend.eu\/de\/wp-json\/wp\/v2\/product"}],"about":[{"href":"https:\/\/www.huntersfriend.eu\/de\/wp-json\/wp\/v2\/types\/product"}],"replies":[{"embeddable":true,"href":"https:\/\/www.huntersfriend.eu\/de\/wp-json\/wp\/v2\/comments?post=221250"}],"wp:featuredmedia":[{"embeddable":true,"href":"https:\/\/www.huntersfriend.eu\/de\/wp-json\/wp\/v2\/media\/185893"}],"wp:attachment":[{"href":"https:\/\/www.huntersfriend.eu\/de\/wp-json\/wp\/v2\/media?parent=221250"}],"wp:term":[{"taxonomy":"product_brand","embeddable":true,"href":"https:\/\/www.huntersfriend.eu\/de\/wp-json\/wp\/v2\/product_brand?post=221250"},{"taxonomy":"product_cat","embeddable":true,"href":"https:\/\/www.huntersfriend.eu\/de\/wp-json\/wp\/v2\/product_cat?post=221250"},{"taxonomy":"product_tag","embeddable":true,"href":"https:\/\/www.huntersfriend.eu\/de\/wp-json\/wp\/v2\/product_tag?post=221250"}],"curies":[{"name":"wp","href":"https:\/\/api.w.org\/{rel}","templated":true}]}}