{"id":221244,"date":"2020-03-19T09:20:24","date_gmt":"2020-03-19T07:20:24","guid":{"rendered":"https:\/\/www.huntersfriend.eu\/product\/221244\/"},"modified":"2025-09-02T09:06:44","modified_gmt":"2025-09-02T07:06:44","slug":"221244","status":"publish","type":"product","link":"https:\/\/www.huntersfriend.eu\/de\/produkt\/221244\/","title":{"rendered":"B3 brave Schwenkentriegelung"},"content":{"rendered":"<p><img decoding=\"async\" class=\"alignnone size-full wp-image-453\" src=\"https:\/\/b3archery.com\/app\/uploads\/2019\/01\/brave-logo.jpg\" alt=\"\" width=\"200\" height=\"50\"><\/p>\n<p><strong>UNSER BRANDNEUES EINZELBACKEN-MIKROMODELL-RELEASE.<\/strong><\/p>\n<p><strong>Der Brave<\/strong> ist perfekt f\u00fcr Jugendliche oder Personen mit kleinen H\u00e4nden und Handgelenken geeignet. Er wird mit einem kleinen Schnallengurt geliefert und verf\u00fcgt \u00fcber ein Mikrokopf-Design. Der Brave wird mit roten Details angeboten, einschlie\u00dflich N\u00e4hte, Gurthalterung oder Schaft. Demonstrieren Sie der Konkurrenz mit dem Brave, dass Sie das Zeug dazu haben. Der Brave wird mit dem Handgelenkgurt in Standardgr\u00f6\u00dfe und einem roten Drehschaft geliefert. Sollten Sie einen Handgelenkgurt in einer anderen Gr\u00f6\u00dfe f\u00fcr Ihr Release w\u00fcnschen, z\u00f6gern Sie bitte nicht, uns in unserem Gesch\u00e4ft zu kontaktieren.     <\/p>\n<p><strong>Verf\u00fcgbare Anschl\u00fcsse:<\/strong><br \/>\nSchwenkvorbau \u2014 6 L\u00e4ngeneinstellungen<br \/>\nPatentierter Tab-Lock-Schwenkvorbau<\/p>\n","protected":false},"excerpt":{"rendered":"<p>Rote Schwenkverbinderschnalle<\/p>\n","protected":false},"featured_media":215226,"comment_status":"open","ping_status":"closed","template":"","meta":[],"product_brand":[],"product_cat":[1095],"product_tag":[],"class_list":{"0":"post-221244","1":"product","2":"type-product","3":"status-publish","4":"has-post-thumbnail","6":"product_cat-handgelenks-release","8":"first","9":"instock","10":"taxable","11":"shipping-taxable","12":"purchasable","13":"product-type-simple"},"composite_virtual":false,"composite_layout":"","composite_add_to_cart_form_location":"","composite_editable_in_cart":false,"composite_sold_individually_context":"","composite_shop_price_calc":"","composite_components":[],"composite_scenarios":[],"group_of_quantity":0,"min_quantity":0,"max_quantity":"","exclude_order_quantity_value_rules":"no","exclude_category_quantity_rules":"no","combine_variations":"no","exclude_global_add_ons":[],"addons":[],"_links":{"self":[{"href":"https:\/\/www.huntersfriend.eu\/de\/wp-json\/wp\/v2\/product\/221244","targetHints":{"allow":["GET"]}}],"collection":[{"href":"https:\/\/www.huntersfriend.eu\/de\/wp-json\/wp\/v2\/product"}],"about":[{"href":"https:\/\/www.huntersfriend.eu\/de\/wp-json\/wp\/v2\/types\/product"}],"replies":[{"embeddable":true,"href":"https:\/\/www.huntersfriend.eu\/de\/wp-json\/wp\/v2\/comments?post=221244"}],"wp:featuredmedia":[{"embeddable":true,"href":"https:\/\/www.huntersfriend.eu\/de\/wp-json\/wp\/v2\/media\/215226"}],"wp:attachment":[{"href":"https:\/\/www.huntersfriend.eu\/de\/wp-json\/wp\/v2\/media?parent=221244"}],"wp:term":[{"taxonomy":"product_brand","embeddable":true,"href":"https:\/\/www.huntersfriend.eu\/de\/wp-json\/wp\/v2\/product_brand?post=221244"},{"taxonomy":"product_cat","embeddable":true,"href":"https:\/\/www.huntersfriend.eu\/de\/wp-json\/wp\/v2\/product_cat?post=221244"},{"taxonomy":"product_tag","embeddable":true,"href":"https:\/\/www.huntersfriend.eu\/de\/wp-json\/wp\/v2\/product_tag?post=221244"}],"curies":[{"name":"wp","href":"https:\/\/api.w.org\/{rel}","templated":true}]}}