{"id":221240,"date":"2020-03-20T15:20:24","date_gmt":"2020-03-20T13:20:24","guid":{"rendered":"https:\/\/www.huntersfriend.eu\/product\/221240\/"},"modified":"2025-11-07T12:48:46","modified_gmt":"2025-11-07T10:48:46","slug":"221240","status":"publish","type":"product","link":"https:\/\/www.huntersfriend.eu\/de\/produkt\/221240\/","title":{"rendered":"Scott Archery Pursuit Release"},"content":{"rendered":"<p>Es ist der Moment der Wahrheit. Sie haben die ganze Saison darauf hingearbeitet. Gehen Sie keine Kompromisse ein mit irgendeinem Release. Es geht nicht um Troph\u00e4en \u2013 es geht um die Pursuit.   <\/p>\n<ul class=\"special\">\n<li>Die vom Zielschie\u00dfen inspirierte Multi-Sear-Technologie bietet ein erstklassiges, knackiges Abzugsgef\u00fchl<\/li>\n<li>Drei- und Vierfinger-Aufsatz enthalten<\/li>\n<li>Vollst\u00e4ndig einstellbare Abzugsposition<\/li>\n<li>Einstellbarer Abzugsweg<\/li>\n<li>Scotts Seilverbinder erm\u00f6glicht eine stufenlose L\u00e4ngenanpassung f\u00fcr jeden Bogensch\u00fctzen<\/li>\n<li>Ergonomischer Griff<\/li>\n<\/ul>\n<p><a href=\"https:\/\/cdn.shopify.com\/s\/files\/1\/1042\/8166\/files\/Scott_pursuit_Instructions_email.pdf?6195474146890970854\">Klicken Sie hier f\u00fcr Anweisungen zur Einstellung Ihres Release<\/a><\/p>\n","protected":false},"excerpt":{"rendered":"<p>Daumen, RCS Schnallenriemen, Schwarz<\/p>\n","protected":false},"featured_media":210772,"comment_status":"open","ping_status":"closed","template":"","meta":[],"product_brand":[],"product_cat":[1094],"product_tag":[],"class_list":{"0":"post-221240","1":"product","2":"type-product","3":"status-publish","4":"has-post-thumbnail","6":"product_cat-hand-release","8":"first","9":"onbackorder","10":"taxable","11":"shipping-taxable","12":"purchasable","13":"product-type-simple"},"composite_virtual":false,"composite_layout":"","composite_add_to_cart_form_location":"","composite_editable_in_cart":false,"composite_sold_individually_context":"","composite_shop_price_calc":"","composite_components":[],"composite_scenarios":[],"group_of_quantity":0,"min_quantity":0,"max_quantity":"","exclude_order_quantity_value_rules":"no","exclude_category_quantity_rules":"no","combine_variations":"no","exclude_global_add_ons":[],"addons":[],"_links":{"self":[{"href":"https:\/\/www.huntersfriend.eu\/de\/wp-json\/wp\/v2\/product\/221240","targetHints":{"allow":["GET"]}}],"collection":[{"href":"https:\/\/www.huntersfriend.eu\/de\/wp-json\/wp\/v2\/product"}],"about":[{"href":"https:\/\/www.huntersfriend.eu\/de\/wp-json\/wp\/v2\/types\/product"}],"replies":[{"embeddable":true,"href":"https:\/\/www.huntersfriend.eu\/de\/wp-json\/wp\/v2\/comments?post=221240"}],"wp:featuredmedia":[{"embeddable":true,"href":"https:\/\/www.huntersfriend.eu\/de\/wp-json\/wp\/v2\/media\/210772"}],"wp:attachment":[{"href":"https:\/\/www.huntersfriend.eu\/de\/wp-json\/wp\/v2\/media?parent=221240"}],"wp:term":[{"taxonomy":"product_brand","embeddable":true,"href":"https:\/\/www.huntersfriend.eu\/de\/wp-json\/wp\/v2\/product_brand?post=221240"},{"taxonomy":"product_cat","embeddable":true,"href":"https:\/\/www.huntersfriend.eu\/de\/wp-json\/wp\/v2\/product_cat?post=221240"},{"taxonomy":"product_tag","embeddable":true,"href":"https:\/\/www.huntersfriend.eu\/de\/wp-json\/wp\/v2\/product_tag?post=221240"}],"curies":[{"name":"wp","href":"https:\/\/api.w.org\/{rel}","templated":true}]}}