{"id":221237,"date":"2020-05-11T14:20:43","date_gmt":"2020-05-11T12:20:43","guid":{"rendered":"https:\/\/www.huntersfriend.eu\/product\/final-approach-last-pass-halbeschalen-gansekoder-6-pack\/"},"modified":"2025-09-02T09:04:45","modified_gmt":"2025-09-02T07:04:45","slug":"final-approach-last-pass-halbeschalen-gansekoder-6-pack","status":"publish","type":"product","link":"https:\/\/www.huntersfriend.eu\/de\/produkt\/final-approach-last-pass-halbeschalen-gansekoder-6-pack\/","title":{"rendered":"Final Approach Last Pass Honker Sleeper Shell, 6er-Pack"},"content":{"rendered":"<p>Final Approach Last Pass Sleeper Shell, 6er-Pack, bemalt<\/p>\n<ul>\n<li>Robuste Mischung aus weicherem Kunststoff f\u00fcr erh\u00f6hte Haltbarkeit und bessere Farbhaftung<\/li>\n<li>\u00dcbergro\u00df f\u00fcr hervorragende Sichtbarkeit<\/li>\n<li>Die schwerste Schlafliege-Attrappe auf dem Markt, wird nicht weggeweht, wenn der Wind aufkommt<\/li>\n<li>Verbessertes Farbschema f\u00fcr ein realistischeres Aussehen<\/li>\n<li>Beflockte K\u00f6pfe<\/li>\n<li>Einteiliges Design<\/li>\n<\/ul>\n<p><strong>Achtung: Online-Bestellungen sind auf eine Packung pro Bestellung begrenzt. F\u00fcr gr\u00f6\u00dfere Mengen kontaktieren Sie bitte direkt den Kundenservice, um Informationen zu den Lieferkosten zu erhalten. <\/strong><\/p>\n","protected":false},"excerpt":{"rendered":"<p><strong>Achtung: Online-Bestellungen sind auf eine Packung pro Bestellung begrenzt. F\u00fcr gr\u00f6\u00dfere Mengen kontaktieren Sie bitte direkt den Kundenservice, um Informationen zu den Lieferkosten zu erhalten. <\/strong><\/p>\n","protected":false},"featured_media":209039,"comment_status":"open","ping_status":"closed","template":"","meta":[],"product_brand":[],"product_cat":[1394],"product_tag":[],"class_list":{"0":"post-221237","1":"product","2":"type-product","3":"status-publish","4":"has-post-thumbnail","6":"product_cat-ganse-lockvogel","7":"product_shipping_class-big-de","9":"first","10":"instock","11":"sale","12":"taxable","13":"shipping-taxable","14":"purchasable","15":"product-type-simple"},"composite_virtual":false,"composite_layout":"","composite_add_to_cart_form_location":"","composite_editable_in_cart":false,"composite_sold_individually_context":"","composite_shop_price_calc":"","composite_components":[],"composite_scenarios":[],"group_of_quantity":0,"min_quantity":0,"max_quantity":"","exclude_order_quantity_value_rules":"no","exclude_category_quantity_rules":"no","combine_variations":"no","exclude_global_add_ons":[],"addons":[],"_links":{"self":[{"href":"https:\/\/www.huntersfriend.eu\/de\/wp-json\/wp\/v2\/product\/221237","targetHints":{"allow":["GET"]}}],"collection":[{"href":"https:\/\/www.huntersfriend.eu\/de\/wp-json\/wp\/v2\/product"}],"about":[{"href":"https:\/\/www.huntersfriend.eu\/de\/wp-json\/wp\/v2\/types\/product"}],"replies":[{"embeddable":true,"href":"https:\/\/www.huntersfriend.eu\/de\/wp-json\/wp\/v2\/comments?post=221237"}],"wp:featuredmedia":[{"embeddable":true,"href":"https:\/\/www.huntersfriend.eu\/de\/wp-json\/wp\/v2\/media\/209039"}],"wp:attachment":[{"href":"https:\/\/www.huntersfriend.eu\/de\/wp-json\/wp\/v2\/media?parent=221237"}],"wp:term":[{"taxonomy":"product_brand","embeddable":true,"href":"https:\/\/www.huntersfriend.eu\/de\/wp-json\/wp\/v2\/product_brand?post=221237"},{"taxonomy":"product_cat","embeddable":true,"href":"https:\/\/www.huntersfriend.eu\/de\/wp-json\/wp\/v2\/product_cat?post=221237"},{"taxonomy":"product_tag","embeddable":true,"href":"https:\/\/www.huntersfriend.eu\/de\/wp-json\/wp\/v2\/product_tag?post=221237"}],"curies":[{"name":"wp","href":"https:\/\/api.w.org\/{rel}","templated":true}]}}