{"id":221236,"date":"2020-05-11T14:20:43","date_gmt":"2020-05-11T12:20:43","guid":{"rendered":"https:\/\/www.huntersfriend.eu\/product\/221236\/"},"modified":"2025-10-29T12:15:59","modified_gmt":"2025-10-29T10:15:59","slug":"221236","status":"publish","type":"product","link":"https:\/\/www.huntersfriend.eu\/de\/produkt\/221236\/","title":{"rendered":"Final Approach Last Pass Ganzk\u00f6rper-Specklebelly, 6er-Pack"},"content":{"rendered":"<p>Final Approach Last Pass Ganzk\u00f6rper-Specklebelly, 6er-Pack.<\/p>\n<ul>\n<li>Robuste Mischung aus weicherem Kunststoff f\u00fcr erh\u00f6hte Haltbarkeit und bessere Farbhaftung<\/li>\n<li>Verbessertes Farbschema f\u00fcr ein realistischeres Aussehen<\/li>\n<li>3 neu geschnitzte K\u00f6pfe f\u00fcr einen realistischeren Speck-Look!<\/li>\n<li>18 Zoll Fiberglas-Erdspie\u00dfe mit Griff zum einfachen Einsetzen und Herausnehmen aus dem Boden<\/li>\n<li>Inhalt: 2 ruhende, 2 aggressiv fressende und 2 fressende mit kurzem Hals<\/li>\n<\/ul>\n<p><strong>Achtung: Online-Bestellungen sind auf eine Packung pro Bestellung begrenzt. F\u00fcr gr\u00f6\u00dfere Mengen kontaktieren Sie bitte direkt den Kundenservice, um Informationen zu den Lieferkosten zu erhalten. <\/strong><\/p>\n","protected":false},"excerpt":{"rendered":"<p><strong>Achtung: Online-Bestellungen sind auf eine Packung pro Bestellung begrenzt. F\u00fcr gr\u00f6\u00dfere Mengen kontaktieren Sie bitte direkt den Kundenservice, um Informationen zu den Lieferkosten zu erhalten. <\/strong><\/p>\n","protected":false},"featured_media":209030,"comment_status":"open","ping_status":"closed","template":"","meta":[],"product_brand":[],"product_cat":[1145],"product_tag":[],"class_list":{"0":"post-221236","1":"product","2":"type-product","3":"status-publish","4":"has-post-thumbnail","6":"product_cat-sonstiges","7":"product_shipping_class-medium-de","9":"first","10":"outofstock","11":"taxable","12":"shipping-taxable","13":"purchasable","14":"product-type-simple"},"composite_virtual":false,"composite_layout":"","composite_add_to_cart_form_location":"","composite_editable_in_cart":false,"composite_sold_individually_context":"","composite_shop_price_calc":"","composite_components":[],"composite_scenarios":[],"group_of_quantity":0,"min_quantity":0,"max_quantity":"","exclude_order_quantity_value_rules":"no","exclude_category_quantity_rules":"no","combine_variations":"no","exclude_global_add_ons":[],"addons":[],"_links":{"self":[{"href":"https:\/\/www.huntersfriend.eu\/de\/wp-json\/wp\/v2\/product\/221236","targetHints":{"allow":["GET"]}}],"collection":[{"href":"https:\/\/www.huntersfriend.eu\/de\/wp-json\/wp\/v2\/product"}],"about":[{"href":"https:\/\/www.huntersfriend.eu\/de\/wp-json\/wp\/v2\/types\/product"}],"replies":[{"embeddable":true,"href":"https:\/\/www.huntersfriend.eu\/de\/wp-json\/wp\/v2\/comments?post=221236"}],"wp:featuredmedia":[{"embeddable":true,"href":"https:\/\/www.huntersfriend.eu\/de\/wp-json\/wp\/v2\/media\/209030"}],"wp:attachment":[{"href":"https:\/\/www.huntersfriend.eu\/de\/wp-json\/wp\/v2\/media?parent=221236"}],"wp:term":[{"taxonomy":"product_brand","embeddable":true,"href":"https:\/\/www.huntersfriend.eu\/de\/wp-json\/wp\/v2\/product_brand?post=221236"},{"taxonomy":"product_cat","embeddable":true,"href":"https:\/\/www.huntersfriend.eu\/de\/wp-json\/wp\/v2\/product_cat?post=221236"},{"taxonomy":"product_tag","embeddable":true,"href":"https:\/\/www.huntersfriend.eu\/de\/wp-json\/wp\/v2\/product_tag?post=221236"}],"curies":[{"name":"wp","href":"https:\/\/api.w.org\/{rel}","templated":true}]}}