{"id":221234,"date":"2020-05-13T13:41:04","date_gmt":"2020-05-13T11:41:04","guid":{"rendered":"https:\/\/www.huntersfriend.eu\/product\/final-approach-12-tasche-fur-mittelgrose-gansekoder\/"},"modified":"2025-09-02T09:04:40","modified_gmt":"2025-09-02T07:04:40","slug":"final-approach-12-tasche-fur-mittelgrose-gansekoder","status":"publish","type":"product","link":"https:\/\/www.huntersfriend.eu\/de\/produkt\/final-approach-12-tasche-fur-mittelgrose-gansekoder\/","title":{"rendered":"Final Approach 12-F\u00e4cher-Tasche f\u00fcr mittelgro\u00dfe G\u00e4nselockv\u00f6gel"},"content":{"rendered":"<p>Final Approach 12-F\u00e4cher-Tasche f\u00fcr mittelgro\u00dfe G\u00e4nselockv\u00f6gel. Sch\u00fctzen Sie Ihre Lockv\u00f6gel und transportieren Sie mehr Lockv\u00f6gel auf einmal. <\/p>\n<p><b>Eigenschaften:<\/b><\/p>\n<ul>\n<li>Mit Kordelzugverschluss f\u00fcr zus\u00e4tzlichen Schutz<\/li>\n<li>Schultergurt und Tragegriffe<\/li>\n<li>Strapazierf\u00e4higes Material<\/li>\n<li>Die Ma\u00dfe der F\u00e4cher sind 22,9 cm x 22,9 cm x 55,8 cm<\/li>\n<\/ul>\n<p>&nbsp;<\/p>\n","protected":false},"excerpt":{"rendered":"<p>Final Approach 12-F\u00e4cher-Tasche f\u00fcr mittelgro\u00dfe G\u00e4nselockv\u00f6gel. Sch\u00fctzen Sie Ihre Lockv\u00f6gel und transportieren Sie mehr Lockv\u00f6gel auf einmal. Eigenschaften: Mit Kordelzugverschluss f\u00fcr zus\u00e4tzlichen Schutz Schultergurt und Tragegriffe Strapazierf\u00e4higes Material Die Ma\u00dfe der F\u00e4cher sind 22,9 cm x 22,9 cm x 55,8 cm &nbsp;<\/p>\n","protected":false},"featured_media":209045,"comment_status":"open","ping_status":"closed","template":"","meta":[],"product_brand":[],"product_cat":[1145],"product_tag":[],"class_list":{"0":"post-221234","1":"product","2":"type-product","3":"status-publish","4":"has-post-thumbnail","6":"product_cat-sonstiges","8":"first","9":"outofstock","10":"taxable","11":"shipping-taxable","12":"purchasable","13":"product-type-simple"},"composite_virtual":false,"composite_layout":"","composite_add_to_cart_form_location":"","composite_editable_in_cart":false,"composite_sold_individually_context":"","composite_shop_price_calc":"","composite_components":[],"composite_scenarios":[],"group_of_quantity":0,"min_quantity":0,"max_quantity":"","exclude_order_quantity_value_rules":"no","exclude_category_quantity_rules":"no","combine_variations":"no","exclude_global_add_ons":[],"addons":[],"_links":{"self":[{"href":"https:\/\/www.huntersfriend.eu\/de\/wp-json\/wp\/v2\/product\/221234","targetHints":{"allow":["GET"]}}],"collection":[{"href":"https:\/\/www.huntersfriend.eu\/de\/wp-json\/wp\/v2\/product"}],"about":[{"href":"https:\/\/www.huntersfriend.eu\/de\/wp-json\/wp\/v2\/types\/product"}],"replies":[{"embeddable":true,"href":"https:\/\/www.huntersfriend.eu\/de\/wp-json\/wp\/v2\/comments?post=221234"}],"wp:featuredmedia":[{"embeddable":true,"href":"https:\/\/www.huntersfriend.eu\/de\/wp-json\/wp\/v2\/media\/209045"}],"wp:attachment":[{"href":"https:\/\/www.huntersfriend.eu\/de\/wp-json\/wp\/v2\/media?parent=221234"}],"wp:term":[{"taxonomy":"product_brand","embeddable":true,"href":"https:\/\/www.huntersfriend.eu\/de\/wp-json\/wp\/v2\/product_brand?post=221234"},{"taxonomy":"product_cat","embeddable":true,"href":"https:\/\/www.huntersfriend.eu\/de\/wp-json\/wp\/v2\/product_cat?post=221234"},{"taxonomy":"product_tag","embeddable":true,"href":"https:\/\/www.huntersfriend.eu\/de\/wp-json\/wp\/v2\/product_tag?post=221234"}],"curies":[{"name":"wp","href":"https:\/\/api.w.org\/{rel}","templated":true}]}}