{"id":221231,"date":"2020-05-20T14:20:26","date_gmt":"2020-05-20T12:20:26","guid":{"rendered":"https:\/\/www.huntersfriend.eu\/product\/qad-ultra-rest-mxt-pfeilauflage\/"},"modified":"2024-08-23T14:05:52","modified_gmt":"2024-08-23T12:05:52","slug":"qad-ultra-rest-mxt-pfeilauflage","status":"publish","type":"product","link":"https:\/\/www.huntersfriend.eu\/de\/produkt\/qad-ultra-rest-mxt-pfeilauflage\/","title":{"rendered":"QAD Ultra Rest MXT Pfeilauflage"},"content":{"rendered":"<p>Die ULTRAREST MXT hat die Qualit\u00e4t und Pr\u00e4zision von mikroverstellbaren Auflagen auf ein v\u00f6llig neues Niveau gehoben.<\/p>\n<p>Sie ist die einzige Drop-away-Auflage mit echter Pr\u00e4zisionsklickverstellung. Sie ist sogar so pr\u00e4zise, dass sich die Auflage bei jedem Klick nur um 1,9 Tausendstel eines Zolls vertikal oder horizontal verstellen l\u00e4sst. Das ist sehr pr\u00e4zise!<\/p>\n<p>Obwohl die MXT mit mehr Funktionen ausgestattet ist als jede andere Auflage, ist sie mit einem Gewicht von nur 2,9 oz immer noch ein schlankes und extrem leichtes Design.<\/p>\n<p>Fragen Sie jeden Profi, was das wichtigste Zubeh\u00f6r an einem Bogen ist, und er wird Ihnen diese Auflage nennen. Mit ihren pr\u00e4zisen Einstellm\u00f6glichkeiten, der Anti-Backlash-Technologie und den extremen Toleranzen ist die MXT Ultrarest die einzige Auflage, mit der Sie die maximalen M\u00f6glichkeiten der heutigen Hochleistungsb\u00f6gen aussch\u00f6pfen k\u00f6nnen.<\/p>\n<p>Mit der MXT Ultrarest k\u00f6nnen Sie den Flug der Spitze mit Leichtigkeit pr\u00e4zise einstellen und Distanzen schie\u00dfen, die Sie nie f\u00fcr m\u00f6glich gehalten h\u00e4tten. Die M\u00f6glichkeit der Feinabstimmung und Pr\u00e4zisionseinstellung Ihres Bogens verschafft Ihnen einen unfairen Vorteil gegen\u00fcber der Konkurrenz.<\/p>\n<p>MERKMALE:<\/p>\n<p>Totaler Pfeilr\u00fcckhalt, der Pfeil wird nie abfallen<br \/>\nDrop-Away-Rast mit vollst\u00e4ndigem Fletching-Freiraum<br \/>\nKlick-Mikroeinstellung (.00195&#8243; pro Klick)<br \/>\nAnti-Backlash-Technologie<br \/>\nFormschl\u00fcssige Schwalbenschwanzsysteme<br \/>\nLock-Down Technologie garantiert R\u00fcckschlagfreiheit und totalen Befiederungsspielraum<br \/>\nSchie\u00dft aus der Abschussvorrichtung in 90-Grad-Position (nachweislich die genaueste Position bei Drop-Aways)<br \/>\nF\u00e4llt nur ab, wenn der Bogen abgefeuert wird, nicht beim langsamen Ablassen des Bogens<br \/>\nGer\u00e4uschreduzierende, lasergeschnittene Filz- und Gummid\u00e4mpfer<br \/>\nGetestet mit \u00fcber 400fps bei vollem Fletching-Abstand<\/p>\n","protected":false},"excerpt":{"rendered":"<p>Drop away, RH Black<\/p>\n","protected":false},"featured_media":210992,"comment_status":"open","ping_status":"closed","template":"","meta":[],"product_brand":[],"product_cat":[1228],"product_tag":[],"class_list":{"0":"post-221231","1":"product","2":"type-product","3":"status-publish","4":"has-post-thumbnail","6":"product_cat-compound","8":"first","9":"outofstock","10":"taxable","11":"shipping-taxable","12":"purchasable","13":"product-type-simple"},"composite_virtual":false,"composite_layout":"","composite_add_to_cart_form_location":"","composite_editable_in_cart":false,"composite_sold_individually_context":"","composite_shop_price_calc":"","composite_components":[],"composite_scenarios":[],"group_of_quantity":0,"min_quantity":0,"max_quantity":"","exclude_order_quantity_value_rules":"no","exclude_category_quantity_rules":"no","combine_variations":"no","exclude_global_add_ons":[],"addons":[],"_links":{"self":[{"href":"https:\/\/www.huntersfriend.eu\/de\/wp-json\/wp\/v2\/product\/221231","targetHints":{"allow":["GET"]}}],"collection":[{"href":"https:\/\/www.huntersfriend.eu\/de\/wp-json\/wp\/v2\/product"}],"about":[{"href":"https:\/\/www.huntersfriend.eu\/de\/wp-json\/wp\/v2\/types\/product"}],"replies":[{"embeddable":true,"href":"https:\/\/www.huntersfriend.eu\/de\/wp-json\/wp\/v2\/comments?post=221231"}],"wp:featuredmedia":[{"embeddable":true,"href":"https:\/\/www.huntersfriend.eu\/de\/wp-json\/wp\/v2\/media\/210992"}],"wp:attachment":[{"href":"https:\/\/www.huntersfriend.eu\/de\/wp-json\/wp\/v2\/media?parent=221231"}],"wp:term":[{"taxonomy":"product_brand","embeddable":true,"href":"https:\/\/www.huntersfriend.eu\/de\/wp-json\/wp\/v2\/product_brand?post=221231"},{"taxonomy":"product_cat","embeddable":true,"href":"https:\/\/www.huntersfriend.eu\/de\/wp-json\/wp\/v2\/product_cat?post=221231"},{"taxonomy":"product_tag","embeddable":true,"href":"https:\/\/www.huntersfriend.eu\/de\/wp-json\/wp\/v2\/product_tag?post=221231"}],"curies":[{"name":"wp","href":"https:\/\/api.w.org\/{rel}","templated":true}]}}