{"id":221229,"date":"2020-05-28T11:40:26","date_gmt":"2020-05-28T09:40:26","guid":{"rendered":"https:\/\/www.huntersfriend.eu\/product\/spot-hogg-wise-guy-release\/"},"modified":"2025-09-02T09:04:22","modified_gmt":"2025-09-02T07:04:22","slug":"spot-hogg-wise-guy-release","status":"publish","type":"product","link":"https:\/\/www.huntersfriend.eu\/de\/produkt\/spot-hogg-wise-guy-release\/","title":{"rendered":"Spot-Hogg Wise Guy Release"},"content":{"rendered":"<p><span style=\"text-align: left; color: #333333; text-transform: none; text-indent: 0px; letter-spacing: normal; font-family: 'Amazon Ember',Arial,sans-serif; font-size: 13.33px; font-style: normal; font-variant: normal; font-weight: 400; text-decoration: none; word-spacing: 0px; float: none; display: inline !important; white-space: normal; orphans: 2; background-color: transparent; -webkit-text-stroke-width: 0px;\">Das Spot Hogg Wise Guy Release hat den leichtesten Ausl\u00f6ser aller Jagdreleases, die jemals mit einem selbst nachladenden Vorw\u00e4rtsausl\u00f6sermechanismus entwickelt wurden. Es verf\u00fcgt \u00fcber ein einklappbares Nylonband-Design, eine mikroverstellbare L\u00e4nge, ein magnetisches, atmungsaktives Handgelenkband mit Schnalle und eine offene Klemmbacke f\u00fcr eine ultraschnelle D-Loop-Verbindung. Die leichte Abzugseinstellung ohne Abzugsweg und der starre, f\u00fcr bequemes Laden angewinkelte K\u00f6rper machen dieses Produkt zu einem der besten auf dem Markt.<\/span><\/p>\n<p>Steigern Sie Ihre Geschwindigkeit und Pr\u00e4zision, wenn Sie den Spot-Hogg Wiseguy Handgelenksausl\u00f6ser verwenden. Speziell f\u00fcr ambitionierte J\u00e4ger entwickelt, die einen Handgelenksausl\u00f6ser im Armbandstil gew\u00fcnscht haben, jedoch mit der gleichen Qualit\u00e4t und Pr\u00e4zision wie die Zielausl\u00f6ser. <\/p>\n<div class=\"bg_title\">\n<h4 class=\"headInModule\">MERKMALE:<\/h4>\n<\/div>\n<div class=\"module_content\">\u2022 Leichter, einstellbarer Abzug ohne Abzugsweg<br \/>\n\u2022 Selbst nachladender Haken<br \/>\n\u2022 Vorw\u00e4rts gerichtetes Abzugsdesign f\u00fcr maximale Auszugsl\u00e4nge und Geschwindigkeit<br \/>\n\u2022 Einstellbare L\u00e4nge<br \/>\n\u2022 Offene Klemmbacke f\u00fcr ultraschnelles D-Loop-Einhaken<\/div>\n","protected":false},"excerpt":{"rendered":"<p>Nylonschnalle, schwarz<\/p>\n","protected":false},"featured_media":210745,"comment_status":"open","ping_status":"closed","template":"","meta":[],"product_brand":[],"product_cat":[1095],"product_tag":[],"class_list":{"0":"post-221229","1":"product","2":"type-product","3":"status-publish","4":"has-post-thumbnail","6":"product_cat-handgelenks-release","8":"first","9":"instock","10":"taxable","11":"shipping-taxable","12":"purchasable","13":"product-type-simple"},"composite_virtual":false,"composite_layout":"","composite_add_to_cart_form_location":"","composite_editable_in_cart":false,"composite_sold_individually_context":"","composite_shop_price_calc":"","composite_components":[],"composite_scenarios":[],"group_of_quantity":0,"min_quantity":0,"max_quantity":"","exclude_order_quantity_value_rules":"no","exclude_category_quantity_rules":"no","combine_variations":"no","exclude_global_add_ons":[],"addons":[],"_links":{"self":[{"href":"https:\/\/www.huntersfriend.eu\/de\/wp-json\/wp\/v2\/product\/221229","targetHints":{"allow":["GET"]}}],"collection":[{"href":"https:\/\/www.huntersfriend.eu\/de\/wp-json\/wp\/v2\/product"}],"about":[{"href":"https:\/\/www.huntersfriend.eu\/de\/wp-json\/wp\/v2\/types\/product"}],"replies":[{"embeddable":true,"href":"https:\/\/www.huntersfriend.eu\/de\/wp-json\/wp\/v2\/comments?post=221229"}],"wp:featuredmedia":[{"embeddable":true,"href":"https:\/\/www.huntersfriend.eu\/de\/wp-json\/wp\/v2\/media\/210745"}],"wp:attachment":[{"href":"https:\/\/www.huntersfriend.eu\/de\/wp-json\/wp\/v2\/media?parent=221229"}],"wp:term":[{"taxonomy":"product_brand","embeddable":true,"href":"https:\/\/www.huntersfriend.eu\/de\/wp-json\/wp\/v2\/product_brand?post=221229"},{"taxonomy":"product_cat","embeddable":true,"href":"https:\/\/www.huntersfriend.eu\/de\/wp-json\/wp\/v2\/product_cat?post=221229"},{"taxonomy":"product_tag","embeddable":true,"href":"https:\/\/www.huntersfriend.eu\/de\/wp-json\/wp\/v2\/product_tag?post=221229"}],"curies":[{"name":"wp","href":"https:\/\/api.w.org\/{rel}","templated":true}]}}