{"id":221221,"date":"2020-07-03T14:20:29","date_gmt":"2020-07-03T12:20:29","guid":{"rendered":"https:\/\/www.huntersfriend.eu\/product\/hs-true-talker-rehfiepe\/"},"modified":"2025-09-02T09:04:34","modified_gmt":"2025-09-02T07:04:34","slug":"hs-true-talker-rehfiepe","status":"publish","type":"product","link":"https:\/\/www.huntersfriend.eu\/de\/produkt\/hs-true-talker-rehfiepe\/","title":{"rendered":"HS True Talker Wildlocker"},"content":{"rendered":"<p>Der True Talker OG verf\u00fcgt \u00fcber die urspr\u00fcnglichen Materialien und das Design des ersten jemals produzierten True Talkers. Ein weiches Gummi-\u00c4u\u00dferes f\u00fcr unschlagbaren Halt und eine Gummih\u00fclle \u00fcber dem Balg-\/Grunzrohr erm\u00f6glichen die Manipulation von Lautst\u00e4rke, Ton und Richtung des Lockrufs. <\/p>\n<p>Wie fr\u00fchere True Talker-Modelle erzeugt der OG Ger\u00e4usche wie das Grunzger\u00e4usch eines reifen Bocks, das Grunzger\u00e4usch eines jungen Bocks, das Bl\u00f6ken einer Ricke und das Bl\u00f6ken eines Kitzes. Als zus\u00e4tzliche Funktion verf\u00fcgt der True Talker OG jedoch \u00fcber ein verbessertes Zungen-Design, das nicht nur extrem widerstandsf\u00e4hig gegen Einfrieren ist, sondern auch einen f\u00fcnften Laut erzeugt \u2013 ein aggressives \u201eKnurren\u201c, um die Aufmerksamkeit aggressiver, reifer B\u00f6cke zu erregen. <\/p>\n<ul>\n<li>Aggressives Bock-\u201eKnurren\u201c<\/li>\n<li>F\u00fcnf g\u00e4ngige Wildrufe<\/li>\n<li>Fingerspitzenbedienung<\/li>\n<li>Inklusive Umh\u00e4ngeband<\/li>\n<\/ul>\n","protected":false},"excerpt":{"rendered":"<p>Painamalla s\u00e4\u00e4tyv\u00e4 urospilli<\/p>\n","protected":false},"featured_media":209099,"comment_status":"open","ping_status":"closed","template":"","meta":[],"product_brand":[],"product_cat":[1183],"product_tag":[],"class_list":{"0":"post-221221","1":"product","2":"type-product","3":"status-publish","4":"has-post-thumbnail","6":"product_cat-groswild-locker","8":"first","9":"outofstock","10":"taxable","11":"shipping-taxable","12":"purchasable","13":"product-type-simple"},"composite_virtual":false,"composite_layout":"","composite_add_to_cart_form_location":"","composite_editable_in_cart":false,"composite_sold_individually_context":"","composite_shop_price_calc":"","composite_components":[],"composite_scenarios":[],"group_of_quantity":0,"min_quantity":0,"max_quantity":"","exclude_order_quantity_value_rules":"no","exclude_category_quantity_rules":"no","combine_variations":"no","exclude_global_add_ons":[],"addons":[],"_links":{"self":[{"href":"https:\/\/www.huntersfriend.eu\/de\/wp-json\/wp\/v2\/product\/221221","targetHints":{"allow":["GET"]}}],"collection":[{"href":"https:\/\/www.huntersfriend.eu\/de\/wp-json\/wp\/v2\/product"}],"about":[{"href":"https:\/\/www.huntersfriend.eu\/de\/wp-json\/wp\/v2\/types\/product"}],"replies":[{"embeddable":true,"href":"https:\/\/www.huntersfriend.eu\/de\/wp-json\/wp\/v2\/comments?post=221221"}],"wp:featuredmedia":[{"embeddable":true,"href":"https:\/\/www.huntersfriend.eu\/de\/wp-json\/wp\/v2\/media\/209099"}],"wp:attachment":[{"href":"https:\/\/www.huntersfriend.eu\/de\/wp-json\/wp\/v2\/media?parent=221221"}],"wp:term":[{"taxonomy":"product_brand","embeddable":true,"href":"https:\/\/www.huntersfriend.eu\/de\/wp-json\/wp\/v2\/product_brand?post=221221"},{"taxonomy":"product_cat","embeddable":true,"href":"https:\/\/www.huntersfriend.eu\/de\/wp-json\/wp\/v2\/product_cat?post=221221"},{"taxonomy":"product_tag","embeddable":true,"href":"https:\/\/www.huntersfriend.eu\/de\/wp-json\/wp\/v2\/product_tag?post=221221"}],"curies":[{"name":"wp","href":"https:\/\/api.w.org\/{rel}","templated":true}]}}