{"id":221166,"date":"2020-07-03T14:20:31","date_gmt":"2020-07-03T12:20:31","guid":{"rendered":"https:\/\/www.huntersfriend.eu\/product\/blind-tasche-camo\/"},"modified":"2025-09-02T09:04:08","modified_gmt":"2025-09-02T07:04:08","slug":"blind-tasche-camo","status":"publish","type":"product","link":"https:\/\/www.huntersfriend.eu\/de\/produkt\/blind-tasche-camo\/","title":{"rendered":"Tarn-Jagdtasche"},"content":{"rendered":"<p>Ger\u00e4umige Jagdtasche f\u00fcr Vogelj\u00e4ger mit mehreren Taschen und wasserdichtem Boden.<\/p>\n<p>Hauptmerkmale:<\/p>\n<ul>\n<li>Innere Netzf\u00e4cher.<\/li>\n<li>TCO-Bungee-System<\/li>\n<li>Abnehmbare Wildschlaufen am Schultergurt.<\/li>\n<li>Wasserdichter Hartboden.<\/li>\n<\/ul>\n","protected":false},"excerpt":{"rendered":"<p>Ger\u00e4umige Jagdtasche f\u00fcr Vogelj\u00e4ger mit mehreren Taschen und wasserdichtem Boden. Hauptmerkmale: Innere Netzf\u00e4cher. TCO-Bungee-System Abnehmbare Wildschlaufen am Schultergurt. Wasserdichter Hartboden.<\/p>\n","protected":false},"featured_media":209108,"comment_status":"open","ping_status":"closed","template":"","meta":[],"product_brand":[],"product_cat":[1145],"product_tag":[],"class_list":{"0":"post-221166","1":"product","2":"type-product","3":"status-publish","4":"has-post-thumbnail","6":"product_cat-sonstiges","8":"first","9":"outofstock","10":"taxable","11":"shipping-taxable","12":"purchasable","13":"product-type-simple"},"composite_virtual":false,"composite_layout":"","composite_add_to_cart_form_location":"","composite_editable_in_cart":false,"composite_sold_individually_context":"","composite_shop_price_calc":"","composite_components":[],"composite_scenarios":[],"group_of_quantity":0,"min_quantity":0,"max_quantity":"","exclude_order_quantity_value_rules":"no","exclude_category_quantity_rules":"no","combine_variations":"no","exclude_global_add_ons":[],"addons":[],"_links":{"self":[{"href":"https:\/\/www.huntersfriend.eu\/de\/wp-json\/wp\/v2\/product\/221166","targetHints":{"allow":["GET"]}}],"collection":[{"href":"https:\/\/www.huntersfriend.eu\/de\/wp-json\/wp\/v2\/product"}],"about":[{"href":"https:\/\/www.huntersfriend.eu\/de\/wp-json\/wp\/v2\/types\/product"}],"replies":[{"embeddable":true,"href":"https:\/\/www.huntersfriend.eu\/de\/wp-json\/wp\/v2\/comments?post=221166"}],"wp:featuredmedia":[{"embeddable":true,"href":"https:\/\/www.huntersfriend.eu\/de\/wp-json\/wp\/v2\/media\/209108"}],"wp:attachment":[{"href":"https:\/\/www.huntersfriend.eu\/de\/wp-json\/wp\/v2\/media?parent=221166"}],"wp:term":[{"taxonomy":"product_brand","embeddable":true,"href":"https:\/\/www.huntersfriend.eu\/de\/wp-json\/wp\/v2\/product_brand?post=221166"},{"taxonomy":"product_cat","embeddable":true,"href":"https:\/\/www.huntersfriend.eu\/de\/wp-json\/wp\/v2\/product_cat?post=221166"},{"taxonomy":"product_tag","embeddable":true,"href":"https:\/\/www.huntersfriend.eu\/de\/wp-json\/wp\/v2\/product_tag?post=221166"}],"curies":[{"name":"wp","href":"https:\/\/api.w.org\/{rel}","templated":true}]}}