{"id":221161,"date":"2020-07-08T14:20:29","date_gmt":"2020-07-08T12:20:29","guid":{"rendered":"https:\/\/www.huntersfriend.eu\/product\/final-approach-wide-mouth-kodertasche\/"},"modified":"2026-01-07T08:13:22","modified_gmt":"2026-01-07T06:13:22","slug":"final-approach-wide-mouth-kodertasche","status":"publish","type":"product","link":"https:\/\/www.huntersfriend.eu\/de\/produkt\/final-approach-wide-mouth-kodertasche\/","title":{"rendered":"Final Approach Weithals-Lockvogeltasche"},"content":{"rendered":"<p>Die Final Approach Weithals-Lockvogeltasche wurde f\u00fcr J\u00e4ger entwickelt, die viele Lockv\u00f6gel auf einmal transportieren m\u00fcssen.<\/p>\n<ul>\n<li>Fasst 36 Standard-Entenlockv\u00f6gel oder 18 \u00fcbergro\u00dfe Magnum-Lockv\u00f6gel<\/li>\n<li>Verst\u00e4rkte Drahtb\u00fcgel\u00f6ffnung<\/li>\n<li>Selbstentleerendes, strapazierf\u00e4higes PVC-Netz<\/li>\n<li>Bequeme, strapazierf\u00e4hige Gurtband-Schultergurte<\/li>\n<li>Lastenausgleichsgurte zum Ausgleich des Taschegewichts<\/li>\n<li>Brustgurt sowie ein H\u00fcftgurt, um die Tasche beim Gehen zu sichern<\/li>\n<li>Gr\u00f6\u00dfe: 91,4 cm x 91,4 cm x 40,6 cm (36&#8243;H x 36&#8243;B x 16&#8243;T)<\/li>\n<\/ul>\n<p>&nbsp;<\/p>\n","protected":false},"excerpt":{"rendered":"<p>Robuste Tragetasche, die 36 Standard-Entenlockv\u00f6gel fasst<\/p>\n","protected":false},"featured_media":214751,"comment_status":"open","ping_status":"closed","template":"","meta":[],"product_brand":[],"product_cat":[1393],"product_tag":[],"class_list":{"0":"post-221161","1":"product","2":"type-product","3":"status-publish","4":"has-post-thumbnail","6":"product_cat-taschen-fur-lockvogel","8":"first","9":"outofstock","10":"taxable","11":"shipping-taxable","12":"purchasable","13":"product-type-simple"},"composite_virtual":false,"composite_layout":"","composite_add_to_cart_form_location":"","composite_editable_in_cart":false,"composite_sold_individually_context":"","composite_shop_price_calc":"","composite_components":[],"composite_scenarios":[],"group_of_quantity":0,"min_quantity":0,"max_quantity":"","exclude_order_quantity_value_rules":"no","exclude_category_quantity_rules":"no","combine_variations":"no","exclude_global_add_ons":[],"addons":[],"_links":{"self":[{"href":"https:\/\/www.huntersfriend.eu\/de\/wp-json\/wp\/v2\/product\/221161","targetHints":{"allow":["GET"]}}],"collection":[{"href":"https:\/\/www.huntersfriend.eu\/de\/wp-json\/wp\/v2\/product"}],"about":[{"href":"https:\/\/www.huntersfriend.eu\/de\/wp-json\/wp\/v2\/types\/product"}],"replies":[{"embeddable":true,"href":"https:\/\/www.huntersfriend.eu\/de\/wp-json\/wp\/v2\/comments?post=221161"}],"wp:featuredmedia":[{"embeddable":true,"href":"https:\/\/www.huntersfriend.eu\/de\/wp-json\/wp\/v2\/media\/214751"}],"wp:attachment":[{"href":"https:\/\/www.huntersfriend.eu\/de\/wp-json\/wp\/v2\/media?parent=221161"}],"wp:term":[{"taxonomy":"product_brand","embeddable":true,"href":"https:\/\/www.huntersfriend.eu\/de\/wp-json\/wp\/v2\/product_brand?post=221161"},{"taxonomy":"product_cat","embeddable":true,"href":"https:\/\/www.huntersfriend.eu\/de\/wp-json\/wp\/v2\/product_cat?post=221161"},{"taxonomy":"product_tag","embeddable":true,"href":"https:\/\/www.huntersfriend.eu\/de\/wp-json\/wp\/v2\/product_tag?post=221161"}],"curies":[{"name":"wp","href":"https:\/\/api.w.org\/{rel}","templated":true}]}}