{"id":221160,"date":"2020-07-08T14:20:30","date_gmt":"2020-07-08T12:20:30","guid":{"rendered":"https:\/\/www.huntersfriend.eu\/product\/final-approach-s-u-b-schnee-uberzug\/"},"modified":"2025-09-02T09:04:07","modified_gmt":"2025-09-02T07:04:07","slug":"final-approach-s-u-b-schnee-uberzug","status":"publish","type":"product","link":"https:\/\/www.huntersfriend.eu\/de\/produkt\/final-approach-s-u-b-schnee-uberzug\/","title":{"rendered":"Final Approach S.U.B Schneedecke"},"content":{"rendered":"<p>Schneedecke f\u00fcr Final Approach S.U.B Liege-Tarnzelt f\u00fcr Umgebungen der Sp\u00e4tsaison und die Jagd mit Schwanenattrappen.<\/p>\n<h3>Eigenschaften:<\/h3>\n<ul>\n<li>Originale seitliche Flaggenl\u00f6cher f\u00fcr schnellen Zugriff<\/li>\n<li>Elastische Ecken f\u00fcr einfachen, sicheren Sitz und Klettverschl\u00fcsse zur Befestigung an<\/li>\n<li>Ort und Stelle<\/li>\n<li>Wasserdichtes Polyester \/ UV-behandelt<\/li>\n<li>Robust gebaut<\/li>\n<li>Original Stubble Straps\u2122 f\u00fcr die ultimative Tarnung<\/li>\n<\/ul>\n","protected":false},"excerpt":{"rendered":"<p>Passt zu FA S.U.B-Tarnzelten<\/p>\n","protected":false},"featured_media":208997,"comment_status":"open","ping_status":"closed","template":"","meta":[],"product_brand":[],"product_cat":[1145],"product_tag":[],"class_list":{"0":"post-221160","1":"product","2":"type-product","3":"status-publish","4":"has-post-thumbnail","6":"product_cat-sonstiges","8":"first","9":"outofstock","10":"taxable","11":"shipping-taxable","12":"purchasable","13":"product-type-simple"},"composite_virtual":false,"composite_layout":"","composite_add_to_cart_form_location":"","composite_editable_in_cart":false,"composite_sold_individually_context":"","composite_shop_price_calc":"","composite_components":[],"composite_scenarios":[],"group_of_quantity":0,"min_quantity":0,"max_quantity":"","exclude_order_quantity_value_rules":"no","exclude_category_quantity_rules":"no","combine_variations":"no","exclude_global_add_ons":[],"addons":[],"_links":{"self":[{"href":"https:\/\/www.huntersfriend.eu\/de\/wp-json\/wp\/v2\/product\/221160","targetHints":{"allow":["GET"]}}],"collection":[{"href":"https:\/\/www.huntersfriend.eu\/de\/wp-json\/wp\/v2\/product"}],"about":[{"href":"https:\/\/www.huntersfriend.eu\/de\/wp-json\/wp\/v2\/types\/product"}],"replies":[{"embeddable":true,"href":"https:\/\/www.huntersfriend.eu\/de\/wp-json\/wp\/v2\/comments?post=221160"}],"wp:featuredmedia":[{"embeddable":true,"href":"https:\/\/www.huntersfriend.eu\/de\/wp-json\/wp\/v2\/media\/208997"}],"wp:attachment":[{"href":"https:\/\/www.huntersfriend.eu\/de\/wp-json\/wp\/v2\/media?parent=221160"}],"wp:term":[{"taxonomy":"product_brand","embeddable":true,"href":"https:\/\/www.huntersfriend.eu\/de\/wp-json\/wp\/v2\/product_brand?post=221160"},{"taxonomy":"product_cat","embeddable":true,"href":"https:\/\/www.huntersfriend.eu\/de\/wp-json\/wp\/v2\/product_cat?post=221160"},{"taxonomy":"product_tag","embeddable":true,"href":"https:\/\/www.huntersfriend.eu\/de\/wp-json\/wp\/v2\/product_tag?post=221160"}],"curies":[{"name":"wp","href":"https:\/\/api.w.org\/{rel}","templated":true}]}}