{"id":221156,"date":"2020-10-07T11:20:30","date_gmt":"2020-10-07T09:20:30","guid":{"rendered":"https:\/\/www.huntersfriend.eu\/product\/higdon-standard-golden-eye\/"},"modified":"2025-09-02T09:03:31","modified_gmt":"2025-09-02T07:03:31","slug":"higdon-standard-golden-eye","status":"publish","type":"product","link":"https:\/\/www.huntersfriend.eu\/de\/produkt\/higdon-standard-golden-eye\/","title":{"rendered":"Higdon Standard Schellente"},"content":{"rendered":"<p>Robuster, schaumstoffgef\u00fcllter Schellenten-Lockvogel, der auf Langlebigkeit ausgelegt ist. Hochdetaillierter, propriet\u00e4rer UV-Lackierprozess und tiefe, realistische Schnitztechniken heben jede einzelne Feder hervor und minimieren unnat\u00fcrliche Blendung, selbst wenn die Lockv\u00f6gel nass sind. Unsere Farbe bl\u00e4ttert nicht ab und verblasst nicht, sodass Ihre Lockv\u00f6gel Saison f\u00fcr Saison gro\u00dfartig aussehen werden. Das Paket enth\u00e4lt: 6 aufrechte Erpel. L\u00e4nge von Schnabel bis Schwanz 30 cm.    <\/p>\n<p><strong>Achtung: Online-Bestellungen sind auf eine Packung pro Bestellung begrenzt. F\u00fcr gr\u00f6\u00dfere Mengen kontaktieren Sie bitte direkt den Kundenservice, um Informationen zu den Lieferkosten zu erhalten. <\/strong><\/p>\n","protected":false},"excerpt":{"rendered":"<p>6 Stk.\/Karton<\/p>\n<p><strong>Achtung: Online-Bestellungen sind auf eine Packung pro Bestellung begrenzt. F\u00fcr gr\u00f6\u00dfere Mengen kontaktieren Sie bitte direkt den Kundenservice, um Informationen zu den Lieferkosten zu erhalten. <\/strong><\/p>\n","protected":false},"featured_media":209195,"comment_status":"open","ping_status":"closed","template":"","meta":[],"product_brand":[],"product_cat":[1145],"product_tag":[],"class_list":{"0":"post-221156","1":"product","2":"type-product","3":"status-publish","4":"has-post-thumbnail","6":"product_cat-sonstiges","7":"product_shipping_class-big-de","9":"first","10":"instock","11":"taxable","12":"shipping-taxable","13":"purchasable","14":"product-type-simple"},"composite_virtual":false,"composite_layout":"","composite_add_to_cart_form_location":"","composite_editable_in_cart":false,"composite_sold_individually_context":"","composite_shop_price_calc":"","composite_components":[],"composite_scenarios":[],"group_of_quantity":0,"min_quantity":0,"max_quantity":"","exclude_order_quantity_value_rules":"no","exclude_category_quantity_rules":"no","combine_variations":"no","exclude_global_add_ons":[],"addons":[],"_links":{"self":[{"href":"https:\/\/www.huntersfriend.eu\/de\/wp-json\/wp\/v2\/product\/221156","targetHints":{"allow":["GET"]}}],"collection":[{"href":"https:\/\/www.huntersfriend.eu\/de\/wp-json\/wp\/v2\/product"}],"about":[{"href":"https:\/\/www.huntersfriend.eu\/de\/wp-json\/wp\/v2\/types\/product"}],"replies":[{"embeddable":true,"href":"https:\/\/www.huntersfriend.eu\/de\/wp-json\/wp\/v2\/comments?post=221156"}],"wp:featuredmedia":[{"embeddable":true,"href":"https:\/\/www.huntersfriend.eu\/de\/wp-json\/wp\/v2\/media\/209195"}],"wp:attachment":[{"href":"https:\/\/www.huntersfriend.eu\/de\/wp-json\/wp\/v2\/media?parent=221156"}],"wp:term":[{"taxonomy":"product_brand","embeddable":true,"href":"https:\/\/www.huntersfriend.eu\/de\/wp-json\/wp\/v2\/product_brand?post=221156"},{"taxonomy":"product_cat","embeddable":true,"href":"https:\/\/www.huntersfriend.eu\/de\/wp-json\/wp\/v2\/product_cat?post=221156"},{"taxonomy":"product_tag","embeddable":true,"href":"https:\/\/www.huntersfriend.eu\/de\/wp-json\/wp\/v2\/product_tag?post=221156"}],"curies":[{"name":"wp","href":"https:\/\/api.w.org\/{rel}","templated":true}]}}