{"id":219780,"date":"2020-07-08T14:20:30","date_gmt":"2020-07-08T12:20:30","guid":{"rendered":"https:\/\/www.huntersfriend.eu\/product\/219780\/"},"modified":"2025-12-16T10:40:54","modified_gmt":"2025-12-16T08:40:54","slug":"219780","status":"publish","type":"product","link":"https:\/\/www.huntersfriend.eu\/de\/produkt\/219780\/","title":{"rendered":"Final Approach HD Stockenten-Schwimmattrappen, 12er-Pack"},"content":{"rendered":"<p>Die Kombination der Kopfpositionen bildet das nat\u00fcrliche Verhalten von Enten auf dem Wasser nach. Die Federdetails und die naturgetreue Bemalung lassen diese Lockv\u00f6gel hervorstechen. Unsere HD Stockenten werden schnell zu Ihren Lieblings-Lockv\u00f6geln in Ihrem Lockbild.  <\/p>\n<ul>\n<li>Robuster, verbesserter Kunststoff sowie ein verbessertes Farbschema!<\/li>\n<li>Erstaunliche Federdetails, geschaffen vom 17-fachen Weltmeister-Schnitzer Pat Godin.<\/li>\n<li>Lebensgro\u00dfes, einteiliges Design<\/li>\n<li>Naturgetreues Farbschema<\/li>\n<li>Der 12er-Pack beinhaltet: 2 trinkende Erpel, 2 Erpel mit gesenktem Kopf, 2 fressende Erpel, 1 aufrechter Erpel, 1 aufrechte Ente, 1 Ente mit gesenktem Kopf, 1 rufende Ente, 2 fressende Enten<\/li>\n<\/ul>\n<p><strong>Achtung: Online-Bestellungen sind auf eine Packung pro Bestellung begrenzt. F\u00fcr gr\u00f6\u00dfere Mengen kontaktieren Sie bitte direkt den Kundenservice, um Informationen zu den Lieferkosten zu erhalten. <\/strong><\/p>\n","protected":false},"excerpt":{"rendered":"<p><strong>Achtung: Online-Bestellungen sind auf eine Packung pro Bestellung begrenzt. F\u00fcr gr\u00f6\u00dfere Mengen kontaktieren Sie bitte direkt den Kundenservice, um Informationen zu den Lieferkosten zu erhalten. <\/strong><\/p>\n","protected":false},"featured_media":208955,"comment_status":"open","ping_status":"closed","template":"","meta":[],"product_brand":[],"product_cat":[1145],"product_tag":[],"class_list":{"0":"post-219780","1":"product","2":"type-product","3":"status-publish","4":"has-post-thumbnail","6":"product_cat-sonstiges","7":"product_shipping_class-big-de","9":"first","10":"outofstock","11":"taxable","12":"shipping-taxable","13":"purchasable","14":"product-type-simple"},"composite_virtual":false,"composite_layout":"","composite_add_to_cart_form_location":"","composite_editable_in_cart":false,"composite_sold_individually_context":"","composite_shop_price_calc":"","composite_components":[],"composite_scenarios":[],"group_of_quantity":0,"min_quantity":0,"max_quantity":"","exclude_order_quantity_value_rules":"no","exclude_category_quantity_rules":"no","combine_variations":"no","exclude_global_add_ons":[],"addons":[],"_links":{"self":[{"href":"https:\/\/www.huntersfriend.eu\/de\/wp-json\/wp\/v2\/product\/219780","targetHints":{"allow":["GET"]}}],"collection":[{"href":"https:\/\/www.huntersfriend.eu\/de\/wp-json\/wp\/v2\/product"}],"about":[{"href":"https:\/\/www.huntersfriend.eu\/de\/wp-json\/wp\/v2\/types\/product"}],"replies":[{"embeddable":true,"href":"https:\/\/www.huntersfriend.eu\/de\/wp-json\/wp\/v2\/comments?post=219780"}],"wp:featuredmedia":[{"embeddable":true,"href":"https:\/\/www.huntersfriend.eu\/de\/wp-json\/wp\/v2\/media\/208955"}],"wp:attachment":[{"href":"https:\/\/www.huntersfriend.eu\/de\/wp-json\/wp\/v2\/media?parent=219780"}],"wp:term":[{"taxonomy":"product_brand","embeddable":true,"href":"https:\/\/www.huntersfriend.eu\/de\/wp-json\/wp\/v2\/product_brand?post=219780"},{"taxonomy":"product_cat","embeddable":true,"href":"https:\/\/www.huntersfriend.eu\/de\/wp-json\/wp\/v2\/product_cat?post=219780"},{"taxonomy":"product_tag","embeddable":true,"href":"https:\/\/www.huntersfriend.eu\/de\/wp-json\/wp\/v2\/product_tag?post=219780"}],"curies":[{"name":"wp","href":"https:\/\/api.w.org\/{rel}","templated":true}]}}