{"id":219779,"date":"2020-07-20T14:20:25","date_gmt":"2020-07-20T12:20:25","guid":{"rendered":"https:\/\/www.huntersfriend.eu\/product\/final-approach-acuta-mid-layer-1-2-zip-hooded-pullover-fur-echte-wasserjager-bequemes-4-wege-stretch-jersey-material-fur-hervorragende-passform-wasserabweisendes-material-jacke-und-kapuze-mit-fleece\/"},"modified":"2025-09-02T09:03:48","modified_gmt":"2025-09-02T07:03:48","slug":"final-approach-acuta-mid-layer-1-2-zip-hooded-pullover-fur-echte-wasserjager-bequemes-4-wege-stretch-jersey-material-fur-hervorragende-passform-wasserabweisendes-material-jacke-und-kapuze-mit-fleece","status":"publish","type":"product","link":"https:\/\/www.huntersfriend.eu\/de\/produkt\/final-approach-acuta-mid-layer-1-2-zip-hooded-pullover-fur-echte-wasserjager-bequemes-4-wege-stretch-jersey-material-fur-hervorragende-passform-wasserabweisendes-material-jacke-und-kapuze-mit-fleece\/","title":{"rendered":"Final Approach Acuta Mid Layer Kapuzenpullover mit halbem Rei\u00dfverschluss"},"content":{"rendered":"<p>Final Approach Acuta Mid Layer Kapuzenpullover mit halbem Rei\u00dfverschluss f\u00fcr echte Wasservogelj\u00e4ger.<\/p>\n<ul>\n<li>Bequemes 4-Wege-Stretch-Jersey-Material f\u00fcr eine hervorragende Passform<\/li>\n<li>Wasserabweisender Stoff<\/li>\n<li>Mit Gitterfleece gef\u00fctterte Jacke und Kapuze<\/li>\n<li>Handw\u00e4rmertaschen<\/li>\n<li>Seitlicher Rei\u00dfverschluss f\u00fcr einfaches An- und Ausziehen<\/li>\n<li>Robustes Material<\/li>\n<li>Mischung aus Polyester und Elasthan<\/li>\n<li>Mossy Oak ShadowGrass Habitat<\/li>\n<li>Gr\u00f6\u00dfen M-XL<\/li>\n<\/ul>\n","protected":false},"excerpt":{"rendered":"<p>Hupullinen vesilinnustajan takki, koot M-XL<\/p>\n","protected":false},"featured_media":209117,"comment_status":"open","ping_status":"closed","template":"","meta":[],"product_brand":[],"product_cat":[1145],"product_tag":[],"class_list":{"0":"post-219779","1":"product","2":"type-product","3":"status-publish","4":"has-post-thumbnail","6":"product_cat-sonstiges","8":"first","9":"outofstock","10":"sale","11":"taxable","12":"shipping-taxable","13":"purchasable","14":"product-type-variable"},"composite_virtual":false,"composite_layout":"","composite_add_to_cart_form_location":"","composite_editable_in_cart":false,"composite_sold_individually_context":"","composite_shop_price_calc":"","composite_components":[],"composite_scenarios":[],"group_of_quantity":0,"min_quantity":0,"max_quantity":"","exclude_order_quantity_value_rules":"no","exclude_category_quantity_rules":"no","combine_variations":"no","exclude_global_add_ons":[],"addons":[],"_links":{"self":[{"href":"https:\/\/www.huntersfriend.eu\/de\/wp-json\/wp\/v2\/product\/219779","targetHints":{"allow":["GET"]}}],"collection":[{"href":"https:\/\/www.huntersfriend.eu\/de\/wp-json\/wp\/v2\/product"}],"about":[{"href":"https:\/\/www.huntersfriend.eu\/de\/wp-json\/wp\/v2\/types\/product"}],"replies":[{"embeddable":true,"href":"https:\/\/www.huntersfriend.eu\/de\/wp-json\/wp\/v2\/comments?post=219779"}],"wp:featuredmedia":[{"embeddable":true,"href":"https:\/\/www.huntersfriend.eu\/de\/wp-json\/wp\/v2\/media\/209117"}],"wp:attachment":[{"href":"https:\/\/www.huntersfriend.eu\/de\/wp-json\/wp\/v2\/media?parent=219779"}],"wp:term":[{"taxonomy":"product_brand","embeddable":true,"href":"https:\/\/www.huntersfriend.eu\/de\/wp-json\/wp\/v2\/product_brand?post=219779"},{"taxonomy":"product_cat","embeddable":true,"href":"https:\/\/www.huntersfriend.eu\/de\/wp-json\/wp\/v2\/product_cat?post=219779"},{"taxonomy":"product_tag","embeddable":true,"href":"https:\/\/www.huntersfriend.eu\/de\/wp-json\/wp\/v2\/product_tag?post=219779"}],"curies":[{"name":"wp","href":"https:\/\/api.w.org\/{rel}","templated":true}]}}