{"id":219765,"date":"2020-10-06T14:20:33","date_gmt":"2020-10-06T12:20:33","guid":{"rendered":"https:\/\/www.huntersfriend.eu\/product\/primos-trigger-stick-gen3\/"},"modified":"2026-04-23T12:22:00","modified_gmt":"2026-04-23T10:22:00","slug":"primos-trigger-stick-gen3","status":"publish","type":"product","link":"https:\/\/www.huntersfriend.eu\/de\/produkt\/primos-trigger-stick-gen3\/","title":{"rendered":"Primos Trigger-Stick Gen3"},"content":{"rendered":"<p>Fragen Sie jeden J\u00e4ger, dessen Lebensunterhalt davon abh\u00e4ngt, dass jeder Schuss sitzt, und er wird Ihnen sagen, dass er zwei Abz\u00fcge mitbringt. Den an seinem Gewehr und den an seinem Trigger-Stick von Primos. Es ist der einzige Schie\u00dfstock, der Ihnen schnelle und stabile Einhand-Anpassungen erm\u00f6glicht, um schneller ins Ziel zu kommen. Egal, ob Sie sitzen, knien oder stehen, dr\u00fccken Sie einfach den Abzug erneut f\u00fcr eine Mikroeinstellung in letzter Sekunde, ohne Ihr Zielbild zu verlieren. Jetzt sind Sie bereit, den Schuss Ihres Lebens jederzeit und \u00fcberall zu machen. Bringen Sie 2 Abz\u00fcge mit. Bringen Sie den Trigger-Stick mit.      <\/p>\n<p>Unser patentierter Trigger-Stick wurde verbessert, um noch bessere Leistungen zu erbringen. Er ist bei Weitem die schnellste und effektivste Methode, um eine felsenfeste Schie\u00dfauflage zu erhalten. Primos hat sein Design durch die Integration eines Schnellwechsel-Gabelkopf-Systems weiterentwickelt, das einfache \u00dcberg\u00e4nge von einem Schie\u00dfstock zu einer reibungslosen Schwenkunterst\u00fctzung f\u00fcr Optiken oder Kameras erm\u00f6glicht. Die extremen Beinwinkel bieten Ihnen die Vielseitigkeit, sich schnell in jedem Gel\u00e4nde und aus nahezu jeder Position aufzustellen. Der Primos Trigger-Stick Gen 3 ist die ultimative L\u00f6sung, um Ihren Schuss pr\u00e4zise zu machen, egal wohin Sie gehen.    <\/p>\n<p><strong>DER EINZIGE SCHIESSSTOCK MIT SCHNELLER UND EINFACHER EINHAND-VERSTELLUNG.<\/strong><\/p>\n<p>Hohes Stativ<\/p>\n<ul>\n<li>Einstellbar von 24&#8243; bis 62&#8243;<\/li>\n<li>Ziehen Sie den Abzug, um die H\u00f6he einzustellen<\/li>\n<li>Neues Schnellwechsel-Gabelkopf-System mit integrierter Verriegelung.<\/li>\n<li>HINWEIS: Immer in verriegelter Position halten, um sicherzustellen, dass Gabelkopf oder Optik sicher sind.<\/li>\n<li>Neue Beinwinkel-Arretierung<\/li>\n<li>Neuer konturierter Griff mit Rutschschutz<\/li>\n<li>Verst\u00e4rktes Drehgelenk f\u00fcr sanftes Schwenken<\/li>\n<li>Neues robustes Aussehen mit Akzenten in Dunkelbraun.<\/li>\n<li>Wiegt ca. 3,5 lbs<\/li>\n<\/ul>\n<p>Hohes Zweibein<\/p>\n<ul>\n<li>Einstellbar von 24&#8243; bis 61&#8243;<\/li>\n<li>Neues Schnellwechsel-Gabelkopf-System mit integrierter Verriegelung.<\/li>\n<li>HINWEIS: Immer in verriegelter Position halten, um sicherzustellen, dass Gabelkopf oder Optik sicher sind.<\/li>\n<li>Neuer konturierter Griff mit rutschfester Achse<\/li>\n<li>Verst\u00e4rktes Drehgelenk f\u00fcr sanftes Schwenken<\/li>\n<li>Neues robustes Aussehen mit Akzenten in Dunkelbraun<\/li>\n<li>Kameraplatte NICHT enthalten<\/li>\n<li>Wiegt ca. 2,5 lbs<\/li>\n<\/ul>\n","protected":false},"excerpt":{"rendered":"<p>Fragen Sie jeden J\u00e4ger, dessen Lebensunterhalt davon abh\u00e4ngt, dass jeder Schuss sitzt, und er wird Ihnen sagen, dass er zwei Abz\u00fcge mitbringt. Den an seinem Gewehr und den an seinem Trigger-Stick von Primos. Es ist der einzige Schie\u00dfstock, der Ihnen schnelle und stabile Einhand-Anpassungen erm\u00f6glicht, um schneller ins Ziel zu kommen. Egal, ob Sie sitzen, [&#8230;]\n","protected":false},"featured_media":196303,"comment_status":"open","ping_status":"closed","template":"","meta":[],"product_brand":[],"product_cat":[1417],"product_tag":[],"class_list":{"0":"post-219765","1":"product","2":"type-product","3":"status-publish","4":"has-post-thumbnail","6":"product_cat-schiesauflagen","7":"product_shipping_class-medium-de","9":"first","10":"instock","11":"taxable","12":"shipping-taxable","13":"purchasable","14":"product-type-variable","15":"has-default-attributes"},"composite_virtual":false,"composite_layout":"","composite_add_to_cart_form_location":"","composite_editable_in_cart":false,"composite_sold_individually_context":"","composite_shop_price_calc":"","composite_components":[],"composite_scenarios":[],"group_of_quantity":0,"min_quantity":0,"max_quantity":"","exclude_order_quantity_value_rules":"no","exclude_category_quantity_rules":"no","combine_variations":"no","exclude_global_add_ons":[],"addons":[],"_links":{"self":[{"href":"https:\/\/www.huntersfriend.eu\/de\/wp-json\/wp\/v2\/product\/219765","targetHints":{"allow":["GET"]}}],"collection":[{"href":"https:\/\/www.huntersfriend.eu\/de\/wp-json\/wp\/v2\/product"}],"about":[{"href":"https:\/\/www.huntersfriend.eu\/de\/wp-json\/wp\/v2\/types\/product"}],"replies":[{"embeddable":true,"href":"https:\/\/www.huntersfriend.eu\/de\/wp-json\/wp\/v2\/comments?post=219765"}],"wp:featuredmedia":[{"embeddable":true,"href":"https:\/\/www.huntersfriend.eu\/de\/wp-json\/wp\/v2\/media\/196303"}],"wp:attachment":[{"href":"https:\/\/www.huntersfriend.eu\/de\/wp-json\/wp\/v2\/media?parent=219765"}],"wp:term":[{"taxonomy":"product_brand","embeddable":true,"href":"https:\/\/www.huntersfriend.eu\/de\/wp-json\/wp\/v2\/product_brand?post=219765"},{"taxonomy":"product_cat","embeddable":true,"href":"https:\/\/www.huntersfriend.eu\/de\/wp-json\/wp\/v2\/product_cat?post=219765"},{"taxonomy":"product_tag","embeddable":true,"href":"https:\/\/www.huntersfriend.eu\/de\/wp-json\/wp\/v2\/product_tag?post=219765"}],"curies":[{"name":"wp","href":"https:\/\/api.w.org\/{rel}","templated":true}]}}