{"id":219678,"date":"2020-10-08T11:20:31","date_gmt":"2020-10-08T09:20:31","guid":{"rendered":"https:\/\/www.huntersfriend.eu\/product\/tenzing-tx-7-2-hufttasche\/"},"modified":"2024-08-26T14:53:06","modified_gmt":"2024-08-26T12:53:06","slug":"tenzing-tx-7-2-hufttasche","status":"publish","type":"product","link":"https:\/\/www.huntersfriend.eu\/de\/produkt\/tenzing-tx-7-2-hufttasche\/","title":{"rendered":"Tenzing TX 7.2 H\u00fcfttasche"},"content":{"rendered":"<p>Der kompakte TX 7.2 ist der perfekte Begleiter auf dem Treestand. Er verf\u00fcgt \u00fcber zwei Hauptf\u00e4cher und zwei Seitentaschen sowie \u00fcber sieben Organisationsf\u00e4cher. Auf der Oberseite des Tasche befindet sich ein Handyfach, in dem Sie Ihr Telefon sicher im Rucksack verstauen k\u00f6nnen. Der verstellbare H\u00fcftgurt ist f\u00fcr kleine bis XL-Taillengr\u00f6\u00dfen geeignet.<\/p>\n<p>Im Stand l\u00e4sst sich der TX 7.2 schnell von einem H\u00fcftrucksack in einen Handrucksack umwandeln. Schwenken Sie den Rucksack einfach nach vorne und halten Sie Ihre H\u00e4nde warm und einsatzbereit.<\/p>\n<p>Eingebauter Handmuff mit seitlichem Rei\u00dfverschluss. Handytasche auf der Oberseite f\u00fcr einfache Bedienung und einfachen Zugriff. \u00dcbergro\u00dfe, gelb codierte Hauptfach-Rei\u00dfverschl\u00fcsse. Ergonomisch gepolsterter, verstellbarer H\u00fcftgurt (26&#8243;-40&#8243;). Kanalisiertes, luftgek\u00fchltes R\u00fcckenpolster. Ultra-weiches und ger\u00e4uscharmes Trikotgewebe.<\/p>\n<p>Insgesamt 2 F\u00e4cher, 2 Seitentaschen und 7 Organisationstaschen<\/p>\n","protected":false},"excerpt":{"rendered":"<p>Die mobile H\u00fcfttasche f\u00fcr den J\u00e4ger<\/p>\n","protected":false},"featured_media":222161,"comment_status":"open","ping_status":"closed","template":"","meta":[],"product_brand":[],"product_cat":[1406],"product_tag":[],"class_list":{"0":"post-219678","1":"product","2":"type-product","3":"status-publish","4":"has-post-thumbnail","6":"product_cat-jagdtaschen-und-rucksacke","8":"first","9":"onbackorder","10":"taxable","11":"shipping-taxable","12":"purchasable","13":"product-type-simple"},"composite_virtual":false,"composite_layout":"","composite_add_to_cart_form_location":"","composite_editable_in_cart":false,"composite_sold_individually_context":"","composite_shop_price_calc":"","composite_components":[],"composite_scenarios":[],"group_of_quantity":0,"min_quantity":0,"max_quantity":"","exclude_order_quantity_value_rules":"no","exclude_category_quantity_rules":"no","combine_variations":"no","exclude_global_add_ons":[],"addons":[],"_links":{"self":[{"href":"https:\/\/www.huntersfriend.eu\/de\/wp-json\/wp\/v2\/product\/219678","targetHints":{"allow":["GET"]}}],"collection":[{"href":"https:\/\/www.huntersfriend.eu\/de\/wp-json\/wp\/v2\/product"}],"about":[{"href":"https:\/\/www.huntersfriend.eu\/de\/wp-json\/wp\/v2\/types\/product"}],"replies":[{"embeddable":true,"href":"https:\/\/www.huntersfriend.eu\/de\/wp-json\/wp\/v2\/comments?post=219678"}],"wp:featuredmedia":[{"embeddable":true,"href":"https:\/\/www.huntersfriend.eu\/de\/wp-json\/wp\/v2\/media\/222161"}],"wp:attachment":[{"href":"https:\/\/www.huntersfriend.eu\/de\/wp-json\/wp\/v2\/media?parent=219678"}],"wp:term":[{"taxonomy":"product_brand","embeddable":true,"href":"https:\/\/www.huntersfriend.eu\/de\/wp-json\/wp\/v2\/product_brand?post=219678"},{"taxonomy":"product_cat","embeddable":true,"href":"https:\/\/www.huntersfriend.eu\/de\/wp-json\/wp\/v2\/product_cat?post=219678"},{"taxonomy":"product_tag","embeddable":true,"href":"https:\/\/www.huntersfriend.eu\/de\/wp-json\/wp\/v2\/product_tag?post=219678"}],"curies":[{"name":"wp","href":"https:\/\/api.w.org\/{rel}","templated":true}]}}