{"id":219667,"date":"2021-01-04T15:20:28","date_gmt":"2021-01-04T13:20:28","guid":{"rendered":"https:\/\/www.huntersfriend.eu\/product\/hamskea-primer\/"},"modified":"2026-03-18T22:00:52","modified_gmt":"2026-03-18T20:00:52","slug":"hamskea-primer","status":"publish","type":"product","link":"https:\/\/www.huntersfriend.eu\/de\/produkt\/hamskea-primer\/","title":{"rendered":"Hamskea Primer"},"content":{"rendered":"<p><strong>Hamskea hat die Primer Pfeilauflage entwickelt, um die bew\u00e4hrten Designelemente ihrer Vorg\u00e4nger in einer schlankeren und vereinfachten Ausf\u00fchrung zu integrieren, was zu einer Weltklasse-Leistung f\u00fchrt, die jeder erleben kann.<\/strong><\/p>\n<div class=\"et_pb_module et_pb_text et_pb_text_0 et_pb_bg_layout_light et_pb_text_align_left\">\n<div class=\"et_pb_text_inner\">\n<p>Eigenschaften:<\/p>\n<ul>\n<li>2 abgedichtete Edelstahl-Kugellager<\/li>\n<li>Leiser umspritzter Halteb\u00fcgel<\/li>\n<li>Hochwertige CNC-gefr\u00e4ste Bauteile<\/li>\n<li>Hergestellt in Amerika<\/li>\n<li>Obere oder untere Wurfarm-Aktivierung<\/li>\n<li>Seilklemme<\/li>\n<li>Patent angemeldet<strong><em>er Rebound-D\u00e4mpfer<\/em><\/strong><\/li>\n<li>Mehrere S\u00e4tze gemeinsamer Seiten- und H\u00f6henverstellungen<\/li>\n<li>Bisher leichtestes Modell mit 3,6 oz<\/li>\n<li>Nur in Schwarz erh\u00e4ltlich.<\/li>\n<li>Kein einstellbarer Klingenwinkel oder Mikro-Einstellung.<\/li>\n<\/ul>\n<p>Egal, ob Sie ein erfahrener Veteran oder ein neuer Sch\u00fctze sind, Sie verdienen hochwertige Produkte zu einem Preis, der Ihr Budget nicht sprengt. Diese Mentalit\u00e4t war die treibende Kraft hinter dem Design der neuen Hamskea Primer Pfeilauflage. Mit bew\u00e4hrten Funktionen wie abgedichteten Edelstahl-Kugellagern, Null-Toleranz-Technologie, leichtem Aluminiumdesign, hochwertigen CNC-gefr\u00e4sten Bauteilen und unserer Seilklemme; wird der Primer den h\u00e4rtesten Jagdbedingungen standhalten k\u00f6nnen, w\u00e4hrend er gleichzeitig punktgenaue Pr\u00e4zision beibeh\u00e4lt. Als Standardfunktion des Primers ist Hamskea stolz darauf, die neueste Entwicklung unserer Aktivierungsschnur-D\u00e4mpfungstechnologie mit der Ver\u00f6ffentlichung des zum Patent angemeldeten Rebound-D\u00e4mpfers vorzustellen. Der Rebound-D\u00e4mpfer hilft, den Schock zu mindern, der w\u00e4hrend des Schusses vom Wurfarm auf die Auflage \u00fcbertragen wird, und verhindert den Verschlei\u00df, der letztendlich zu einem Ausfall f\u00fchren k\u00f6nnte. Hergestellt aus einem langlebigen D\u00e4mpfungsmaterial, wirkt der Rebound-D\u00e4mpfer als Sto\u00dfd\u00e4mpfer, um Launcher-Flattern zu eliminieren, Schnurdehnung zu verhindern und den Wurfarm-Schock zu d\u00e4mpfen, wodurch die Lebensdauer der Auflage verl\u00e4ngert wird. Mit einem Inline-Design erm\u00f6glicht der Rebound-D\u00e4mpfer, dass die Schnur direkt an der Auflage und dem Wurfarm befestigt wird, wodurch jede M\u00f6glichkeit eines Ausfalls im Feld eliminiert wird. Mit ihrem neuen schlankeren Design ist die Primer Pfeilauflage unser bisher leichtestes Modell mit einem Gesamtgewicht von nur 3,6 Unzen. Bei einem solchen Verkaufspreis ist die Primer Pfeilauflage wirklich \u201eWo Qualit\u00e4t auf Erschwinglichkeit trifft\u201c.        <\/p>\n<\/div>\n<\/div>\n<div class=\"et_pb_module et_pb_video et_pb_video_0\">\n<div class=\"et_pb_video_box\"><\/div>\n<\/div>\n","protected":false},"excerpt":{"rendered":"<p>Drop-Away, schwarz<\/p>\n","protected":false},"featured_media":194350,"comment_status":"open","ping_status":"closed","template":"","meta":[],"product_brand":[],"product_cat":[1228],"product_tag":[],"class_list":{"0":"post-219667","1":"product","2":"type-product","3":"status-publish","4":"has-post-thumbnail","6":"product_cat-compound","8":"first","9":"instock","10":"taxable","11":"shipping-taxable","12":"purchasable","13":"product-type-variable"},"composite_virtual":false,"composite_layout":"","composite_add_to_cart_form_location":"","composite_editable_in_cart":false,"composite_sold_individually_context":"","composite_shop_price_calc":"","composite_components":[],"composite_scenarios":[],"group_of_quantity":0,"min_quantity":0,"max_quantity":"","exclude_order_quantity_value_rules":"no","exclude_category_quantity_rules":"no","combine_variations":"no","exclude_global_add_ons":[],"addons":[],"_links":{"self":[{"href":"https:\/\/www.huntersfriend.eu\/de\/wp-json\/wp\/v2\/product\/219667","targetHints":{"allow":["GET"]}}],"collection":[{"href":"https:\/\/www.huntersfriend.eu\/de\/wp-json\/wp\/v2\/product"}],"about":[{"href":"https:\/\/www.huntersfriend.eu\/de\/wp-json\/wp\/v2\/types\/product"}],"replies":[{"embeddable":true,"href":"https:\/\/www.huntersfriend.eu\/de\/wp-json\/wp\/v2\/comments?post=219667"}],"wp:featuredmedia":[{"embeddable":true,"href":"https:\/\/www.huntersfriend.eu\/de\/wp-json\/wp\/v2\/media\/194350"}],"wp:attachment":[{"href":"https:\/\/www.huntersfriend.eu\/de\/wp-json\/wp\/v2\/media?parent=219667"}],"wp:term":[{"taxonomy":"product_brand","embeddable":true,"href":"https:\/\/www.huntersfriend.eu\/de\/wp-json\/wp\/v2\/product_brand?post=219667"},{"taxonomy":"product_cat","embeddable":true,"href":"https:\/\/www.huntersfriend.eu\/de\/wp-json\/wp\/v2\/product_cat?post=219667"},{"taxonomy":"product_tag","embeddable":true,"href":"https:\/\/www.huntersfriend.eu\/de\/wp-json\/wp\/v2\/product_tag?post=219667"}],"curies":[{"name":"wp","href":"https:\/\/api.w.org\/{rel}","templated":true}]}}