{"id":219594,"date":"2021-01-27T13:24:43","date_gmt":"2021-01-27T11:24:43","guid":{"rendered":"https:\/\/www.huntersfriend.eu\/product\/gold-tip-hunter-xt-carbon-schaft\/"},"modified":"2025-09-02T08:59:18","modified_gmt":"2025-09-02T06:59:18","slug":"gold-tip-hunter-xt-carbon-schaft","status":"publish","type":"product","link":"https:\/\/www.huntersfriend.eu\/de\/produkt\/gold-tip-hunter-xt-carbon-schaft\/","title":{"rendered":"Gold Tip Hunter XT Carbonsch\u00e4fte"},"content":{"rendered":"<p><strong>LASERSTRAHL-PR\u00c4ZISION<\/strong><br \/>\nDank der 100%igen Carbon-Technologie von Gold Tip vereinen sich Geschwindigkeit, Stabilit\u00e4t und St\u00e4rke, um Hunter XT Pfeile f\u00fcr praktisch jede Jagdsituation hervorragend zu machen. XT-Versionen weisen einen bemerkenswert pr\u00e4zisen Geradheitsfaktor von \u00b10,003&#8243; auf. Die Hunter XTs sind dieses Jahr zu einem kleinen Favoriten im Laden geworden, und ich bin ein gro\u00dfer Fan von ihnen geworden. Wenn Sie einen hervorragenden Pfeil suchen, der Ihr Budget nicht sprengt, H\u00d6REN SIE AUF ZU SUCHEN, Sie haben ihn gefunden! Es wird nicht lange dauern, bis Sie merken, dass Sie die richtige Wahl getroffen haben, sobald Sie ein paar davon abgeschossen haben.    <strong><br \/>\n<\/strong><\/p>\n<h3>GOLD TIP HUNTER XT SPEZIFIKATIONEN<\/h3>\n<table>\n<tbody>\n<tr>\n<td><\/td>\n<td><strong>340er<\/strong><br \/>\n0,340&#8243; Ablenkung<br \/>\n8,9 GPI<br \/>\n+\/-0,003&#8243; Geradheit<br \/>\n0,246&#8243; Au\u00dfendurchmesser<\/td>\n<td><strong>400er<\/strong><br \/>\n0,400&#8243; Ablenkung<br \/>\n8,2 GPI<br \/>\n+\/-0,003&#8243; Geradheit<br \/>\n0,295&#8243; Au\u00dfendurchmesser<\/td>\n<td><\/td>\n<\/tr>\n<\/tbody>\n<\/table>\n<p>&nbsp;<\/p>\n","protected":false},"excerpt":{"rendered":"<p>Nocken und Eins\u00e4tze inklusive. Bitte kontaktieren Sie uns direkt f\u00fcr weitere Spines oder weitere Gold Tip Produkte.<\/p>\n","protected":false},"featured_media":194387,"comment_status":"open","ping_status":"closed","template":"","meta":[],"product_brand":[],"product_cat":[1105],"product_tag":[],"class_list":{"0":"post-219594","1":"product","2":"type-product","3":"status-publish","4":"has-post-thumbnail","6":"product_cat-karbon-jagd-schaefte","8":"first","9":"instock","10":"taxable","11":"shipping-taxable","12":"purchasable","13":"product-type-variable"},"composite_virtual":false,"composite_layout":"","composite_add_to_cart_form_location":"","composite_editable_in_cart":false,"composite_sold_individually_context":"","composite_shop_price_calc":"","composite_components":[],"composite_scenarios":[],"group_of_quantity":0,"min_quantity":0,"max_quantity":"","exclude_order_quantity_value_rules":"no","exclude_category_quantity_rules":"no","combine_variations":"no","exclude_global_add_ons":false,"addons":[{"name":"Zuschnitt","type":"multiple_choice","position":0,"required":true,"title_format":"label","default":"","description_enable":false,"description":null,"placeholder_enable":false,"placeholder":null,"display":"select","restrictions_type":"any_text","adjust_price":false,"price":"","price_type":"flat_fee","restrictions":false,"min":"0","max":"0","options":[{"label":"Nicht schneiden","price":"","price_type":"flat_fee","image":0,"visibility":true},{"label":"Bitte schneiden - f\u00fcgen Sie die gew\u00fcnschte L\u00e4nge im Infofeld beim Auschecken hinzu","price":"","price_type":"flat_fee","image":0,"visibility":true}]},{"name":"Eins\u00e4tze","type":"multiple_choice","position":1,"required":true,"title_format":"label","default":"","description_enable":false,"description":null,"placeholder_enable":false,"placeholder":null,"display":"select","restrictions_type":"any_text","adjust_price":false,"price":"","price_type":"flat_fee","restrictions":false,"min":"0","max":"0","options":[{"label":"Eins\u00e4tze installieren (Dies ist dauerhaft!)","price":"","price_type":"flat_fee","image":0,"visibility":true},{"label":"Eins\u00e4tze nicht installieren (lose beilegen)","price":"","price_type":"flat_fee","image":0,"visibility":true}]}],"_links":{"self":[{"href":"https:\/\/www.huntersfriend.eu\/de\/wp-json\/wp\/v2\/product\/219594","targetHints":{"allow":["GET"]}}],"collection":[{"href":"https:\/\/www.huntersfriend.eu\/de\/wp-json\/wp\/v2\/product"}],"about":[{"href":"https:\/\/www.huntersfriend.eu\/de\/wp-json\/wp\/v2\/types\/product"}],"replies":[{"embeddable":true,"href":"https:\/\/www.huntersfriend.eu\/de\/wp-json\/wp\/v2\/comments?post=219594"}],"wp:featuredmedia":[{"embeddable":true,"href":"https:\/\/www.huntersfriend.eu\/de\/wp-json\/wp\/v2\/media\/194387"}],"wp:attachment":[{"href":"https:\/\/www.huntersfriend.eu\/de\/wp-json\/wp\/v2\/media?parent=219594"}],"wp:term":[{"taxonomy":"product_brand","embeddable":true,"href":"https:\/\/www.huntersfriend.eu\/de\/wp-json\/wp\/v2\/product_brand?post=219594"},{"taxonomy":"product_cat","embeddable":true,"href":"https:\/\/www.huntersfriend.eu\/de\/wp-json\/wp\/v2\/product_cat?post=219594"},{"taxonomy":"product_tag","embeddable":true,"href":"https:\/\/www.huntersfriend.eu\/de\/wp-json\/wp\/v2\/product_tag?post=219594"}],"curies":[{"name":"wp","href":"https:\/\/api.w.org\/{rel}","templated":true}]}}