{"id":219491,"date":"2021-02-04T12:22:54","date_gmt":"2021-02-04T10:22:54","guid":{"rendered":"https:\/\/www.huntersfriend.eu\/product\/final-approach-12-facher-lockvogel-tasche\/"},"modified":"2025-02-26T13:08:05","modified_gmt":"2025-02-26T11:08:05","slug":"final-approach-12-facher-lockvogel-tasche","status":"publish","type":"product","link":"https:\/\/www.huntersfriend.eu\/de\/produkt\/final-approach-12-facher-lockvogel-tasche\/","title":{"rendered":"Final Approach 12 F\u00e4cher-Lockvogel Tasche"},"content":{"rendered":"<p>Tasche mit 12 F\u00e4chern f\u00fcr kleinere K\u00f6der wie Kr\u00e4hen, Tauben und kleinere Enten. Leichtes, strapazierf\u00e4higes Material mit Schulterriemen und Tragegriffen.<\/p>\n<p>Fachgr\u00f6\u00dfe: 18cm x 18cm x 43cm.<\/p>\n","protected":false},"excerpt":{"rendered":"<p>Tasche mit 12 F\u00e4chern f\u00fcr kleinere K\u00f6der wie Kr\u00e4hen, Tauben und kleinere Enten. Leichtes, strapazierf\u00e4higes Material mit Schulterriemen und Tragegriffen. Fachgr\u00f6\u00dfe: 18cm x 18cm x 43cm.<\/p>\n","protected":false},"featured_media":226534,"comment_status":"open","ping_status":"closed","template":"","meta":[],"product_brand":[],"product_cat":[1145],"product_tag":[],"class_list":{"0":"post-219491","1":"product","2":"type-product","3":"status-publish","4":"has-post-thumbnail","6":"product_cat-sonstiges","8":"first","9":"outofstock","10":"taxable","11":"shipping-taxable","12":"purchasable","13":"product-type-simple"},"composite_virtual":false,"composite_layout":"","composite_add_to_cart_form_location":"","composite_editable_in_cart":false,"composite_sold_individually_context":"","composite_shop_price_calc":"","composite_components":[],"composite_scenarios":[],"group_of_quantity":0,"min_quantity":0,"max_quantity":"","exclude_order_quantity_value_rules":"no","exclude_category_quantity_rules":"no","combine_variations":"no","exclude_global_add_ons":[],"addons":[],"_links":{"self":[{"href":"https:\/\/www.huntersfriend.eu\/de\/wp-json\/wp\/v2\/product\/219491","targetHints":{"allow":["GET"]}}],"collection":[{"href":"https:\/\/www.huntersfriend.eu\/de\/wp-json\/wp\/v2\/product"}],"about":[{"href":"https:\/\/www.huntersfriend.eu\/de\/wp-json\/wp\/v2\/types\/product"}],"replies":[{"embeddable":true,"href":"https:\/\/www.huntersfriend.eu\/de\/wp-json\/wp\/v2\/comments?post=219491"}],"wp:featuredmedia":[{"embeddable":true,"href":"https:\/\/www.huntersfriend.eu\/de\/wp-json\/wp\/v2\/media\/226534"}],"wp:attachment":[{"href":"https:\/\/www.huntersfriend.eu\/de\/wp-json\/wp\/v2\/media?parent=219491"}],"wp:term":[{"taxonomy":"product_brand","embeddable":true,"href":"https:\/\/www.huntersfriend.eu\/de\/wp-json\/wp\/v2\/product_brand?post=219491"},{"taxonomy":"product_cat","embeddable":true,"href":"https:\/\/www.huntersfriend.eu\/de\/wp-json\/wp\/v2\/product_cat?post=219491"},{"taxonomy":"product_tag","embeddable":true,"href":"https:\/\/www.huntersfriend.eu\/de\/wp-json\/wp\/v2\/product_tag?post=219491"}],"curies":[{"name":"wp","href":"https:\/\/api.w.org\/{rel}","templated":true}]}}