{"id":219490,"date":"2021-02-08T15:20:36","date_gmt":"2021-02-08T13:20:36","guid":{"rendered":"https:\/\/www.huntersfriend.eu\/product\/final-approach-last-pass-stockente\/"},"modified":"2026-02-25T10:35:55","modified_gmt":"2026-02-25T08:35:55","slug":"final-approach-last-pass-stockente","status":"publish","type":"product","link":"https:\/\/www.huntersfriend.eu\/de\/produkt\/final-approach-last-pass-stockente\/","title":{"rendered":"Final Approach Last Pass Mallard: 8 Enten, 4 Erpel"},"content":{"rendered":"<p>Robuster Lockvogel zu einem erstaunlichen Preis mit einer hervorragenden Bemalung. Diese Lockv\u00f6gel sind leicht und kleiner als unsere Live Series Mallards, was sie perfekt f\u00fcr lange Wege zu Jagdrevieren oder zum Unterbringen von mehr Lockv\u00f6geln in einem Netzbeutel oder kleinen Boot macht. <\/p>\n<ul>\n<li>12er-Pack<\/li>\n<li>GLEICHE ROBUSTE KONSTRUKTION UND HALTBARKEIT WIE IMMER!<\/li>\n<li>Neue Modelle vom 17-fachen Weltmeister Pat Godin!<\/li>\n<li>Perfekt zur Erh\u00f6hung der Anzahl in Ihrer Auslage<\/li>\n<li>Leicht<\/li>\n<li>Robuste einteilige Konstruktion,<\/li>\n<li>Gewichteter Kiel und Kordelverschlusssystem<\/li>\n<li>Inhalt: 4 Erpel und 8 Enten<\/li>\n<\/ul>\n<p><strong>Achtung: Online-Bestellungen sind auf einen Karton pro Bestellung begrenzt. F\u00fcr gr\u00f6\u00dfere Mengen kontaktieren Sie bitte direkt den Kundenservice, um Informationen \u00fcber Lieferkosten zu erhalten. <\/strong><\/p>\n","protected":false},"excerpt":{"rendered":"<p>12 Stk.\/Karton<\/p>\n<p><strong>Achtung: Online-Bestellungen sind auf einen Karton pro Bestellung begrenzt. F\u00fcr gr\u00f6\u00dfere Mengen kontaktieren Sie bitte direkt den Kundenservice, um Informationen \u00fcber Lieferkosten zu erhalten. <\/strong><\/p>\n","protected":false},"featured_media":230907,"comment_status":"open","ping_status":"closed","template":"","meta":[],"product_brand":[],"product_cat":[1368],"product_tag":[],"class_list":{"0":"post-219490","1":"product","2":"type-product","3":"status-publish","4":"has-post-thumbnail","6":"product_cat-enten-lockvogel","7":"product_shipping_class-big-de","9":"first","10":"instock","11":"sale","12":"taxable","13":"shipping-taxable","14":"purchasable","15":"product-type-simple"},"composite_virtual":false,"composite_layout":"","composite_add_to_cart_form_location":"","composite_editable_in_cart":false,"composite_sold_individually_context":"","composite_shop_price_calc":"","composite_components":[],"composite_scenarios":[],"group_of_quantity":0,"min_quantity":0,"max_quantity":"","exclude_order_quantity_value_rules":"no","exclude_category_quantity_rules":"no","combine_variations":"no","exclude_global_add_ons":[],"addons":[],"_links":{"self":[{"href":"https:\/\/www.huntersfriend.eu\/de\/wp-json\/wp\/v2\/product\/219490","targetHints":{"allow":["GET"]}}],"collection":[{"href":"https:\/\/www.huntersfriend.eu\/de\/wp-json\/wp\/v2\/product"}],"about":[{"href":"https:\/\/www.huntersfriend.eu\/de\/wp-json\/wp\/v2\/types\/product"}],"replies":[{"embeddable":true,"href":"https:\/\/www.huntersfriend.eu\/de\/wp-json\/wp\/v2\/comments?post=219490"}],"wp:featuredmedia":[{"embeddable":true,"href":"https:\/\/www.huntersfriend.eu\/de\/wp-json\/wp\/v2\/media\/230907"}],"wp:attachment":[{"href":"https:\/\/www.huntersfriend.eu\/de\/wp-json\/wp\/v2\/media?parent=219490"}],"wp:term":[{"taxonomy":"product_brand","embeddable":true,"href":"https:\/\/www.huntersfriend.eu\/de\/wp-json\/wp\/v2\/product_brand?post=219490"},{"taxonomy":"product_cat","embeddable":true,"href":"https:\/\/www.huntersfriend.eu\/de\/wp-json\/wp\/v2\/product_cat?post=219490"},{"taxonomy":"product_tag","embeddable":true,"href":"https:\/\/www.huntersfriend.eu\/de\/wp-json\/wp\/v2\/product_tag?post=219490"}],"curies":[{"name":"wp","href":"https:\/\/api.w.org\/{rel}","templated":true}]}}