{"id":219489,"date":"2021-02-08T15:20:36","date_gmt":"2021-02-08T13:20:36","guid":{"rendered":"https:\/\/www.huntersfriend.eu\/product\/final-approach-hd-vollkorper-barnacle-goose-decoy\/"},"modified":"2026-03-04T12:53:18","modified_gmt":"2026-03-04T10:53:18","slug":"final-approach-hd-vollkorper-barnacle-goose-decoy","status":"publish","type":"product","link":"https:\/\/www.huntersfriend.eu\/de\/produkt\/final-approach-hd-vollkorper-barnacle-goose-decoy\/","title":{"rendered":"Final Approach HD Ganzk\u00f6rper-Ringelgans-Lockvogel"},"content":{"rendered":"<p>Neuer realistischer und langlebiger Ringelgans-Lockvogel von Final Approach. Diese Lockv\u00f6gel verf\u00fcgen \u00fcber ein neues Bewegungssystem. Ihr Lockbild wird mit diesem neuen Bewegungssystem lebendig. Lockv\u00f6gel mit dem Zero Gravity Bewegungssystem bewegen sich bei sehr wenig Wind in alle Richtungen. Der Aufbau ist einfacher geworden; setzen Sie den Lockvogel einfach auf den Erdspie\u00df und fahren Sie mit dem n\u00e4chsten fort. Unsere Erdspie\u00dfe haben gesch\u00e4rfte Spitzen und einen T-Griff, der das Einstecken und Herausziehen der Spie\u00dfe aus dem Boden zum Kinderspiel macht. Sie werden staunen, wenn Sie die lebensechte Bewegung unserer Lockv\u00f6gel sehen.      <\/p>\n<p>Eigenschaften:<\/p>\n<ul>\n<li>Neues \u201eZERO GRAVITY\u201c Bewegungssystem-<\/li>\n<li>Strapazierf\u00e4higer Kunststoff mit realistischer Lackierung-<\/li>\n<li>Realistische graue Basis-<\/li>\n<li>19 Zoll Faser-Erdspie\u00dfe<\/li>\n<li>6er-Pack enth\u00e4lt: 4 Fressende, 2 Aufrechte<\/li>\n<\/ul>\n<p><strong>Achtung: Online-Bestellungen sind auf einen Karton pro Bestellung begrenzt. F\u00fcr gr\u00f6\u00dfere Mengen kontaktieren Sie bitte direkt den Kundenservice, um Informationen \u00fcber Lieferkosten zu erhalten. <\/strong><\/p>\n","protected":false},"excerpt":{"rendered":"<p>6 Stk.\/Karton<\/p>\n<p><strong>Achtung: Online-Bestellungen sind auf eine Packung pro Bestellung begrenzt. F\u00fcr gr\u00f6\u00dfere Mengen kontaktieren Sie bitte direkt den Kundenservice, um Informationen zu den Lieferkosten zu erhalten. <\/strong><\/p>\n","protected":false},"featured_media":209330,"comment_status":"open","ping_status":"closed","template":"","meta":[],"product_brand":[],"product_cat":[1394],"product_tag":[],"class_list":{"0":"post-219489","1":"product","2":"type-product","3":"status-publish","4":"has-post-thumbnail","6":"product_cat-ganse-lockvogel","7":"product_shipping_class-big-de","9":"first","10":"instock","11":"sale","12":"taxable","13":"shipping-taxable","14":"purchasable","15":"product-type-simple"},"composite_virtual":false,"composite_layout":"","composite_add_to_cart_form_location":"","composite_editable_in_cart":false,"composite_sold_individually_context":"","composite_shop_price_calc":"","composite_components":[],"composite_scenarios":[],"group_of_quantity":0,"min_quantity":0,"max_quantity":"","exclude_order_quantity_value_rules":"no","exclude_category_quantity_rules":"no","combine_variations":"no","exclude_global_add_ons":[],"addons":[],"_links":{"self":[{"href":"https:\/\/www.huntersfriend.eu\/de\/wp-json\/wp\/v2\/product\/219489","targetHints":{"allow":["GET"]}}],"collection":[{"href":"https:\/\/www.huntersfriend.eu\/de\/wp-json\/wp\/v2\/product"}],"about":[{"href":"https:\/\/www.huntersfriend.eu\/de\/wp-json\/wp\/v2\/types\/product"}],"replies":[{"embeddable":true,"href":"https:\/\/www.huntersfriend.eu\/de\/wp-json\/wp\/v2\/comments?post=219489"}],"wp:featuredmedia":[{"embeddable":true,"href":"https:\/\/www.huntersfriend.eu\/de\/wp-json\/wp\/v2\/media\/209330"}],"wp:attachment":[{"href":"https:\/\/www.huntersfriend.eu\/de\/wp-json\/wp\/v2\/media?parent=219489"}],"wp:term":[{"taxonomy":"product_brand","embeddable":true,"href":"https:\/\/www.huntersfriend.eu\/de\/wp-json\/wp\/v2\/product_brand?post=219489"},{"taxonomy":"product_cat","embeddable":true,"href":"https:\/\/www.huntersfriend.eu\/de\/wp-json\/wp\/v2\/product_cat?post=219489"},{"taxonomy":"product_tag","embeddable":true,"href":"https:\/\/www.huntersfriend.eu\/de\/wp-json\/wp\/v2\/product_tag?post=219489"}],"curies":[{"name":"wp","href":"https:\/\/api.w.org\/{rel}","templated":true}]}}