{"id":219488,"date":"2021-02-08T15:20:37","date_gmt":"2021-02-08T13:20:37","guid":{"rendered":"https:\/\/www.huntersfriend.eu\/product\/final-approach-last-pass-greenwing-teal\/"},"modified":"2026-04-11T11:58:17","modified_gmt":"2026-04-11T09:58:17","slug":"final-approach-last-pass-greenwing-teal","status":"publish","type":"product","link":"https:\/\/www.huntersfriend.eu\/de\/produkt\/final-approach-last-pass-greenwing-teal\/","title":{"rendered":"Gr\u00fcndelente im letzten Anflug und Vorbeiflug"},"content":{"rendered":"<p>Robustes, verbessertes Plastik und Farbschema! Herausragende Details vom Weltmeister-Schnitzer Wayne Simkin. <\/p>\n<p>Eigenschaften:<\/p>\n<ul>\n<li>Einteiliges Design in Originalgr\u00f6\u00dfe<\/li>\n<li>Naturgetreues Farbschema<\/li>\n<li>12er-Pack beinhaltet: 6 Erpel (Kopf unten), 6 Hennen (Oberfl\u00e4chenfresser)<\/li>\n<\/ul>\n<p><strong>Achtung: Online-Bestellungen sind auf einen Karton pro Bestellung begrenzt. F\u00fcr gr\u00f6\u00dfere Mengen kontaktieren Sie bitte direkt den Kundenservice, um Informationen \u00fcber Lieferkosten zu erhalten. <\/strong><\/p>\n","protected":false},"excerpt":{"rendered":"<p>12 Stk. \/ Karton<\/p>\n<p><strong>Achtung: Online-Bestellungen sind auf eine Packung pro Bestellung begrenzt. F\u00fcr gr\u00f6\u00dfere Mengen kontaktieren Sie bitte direkt den Kundenservice, um Informationen zu den Lieferkosten zu erhalten. <\/strong><\/p>\n","protected":false},"featured_media":226585,"comment_status":"open","ping_status":"closed","template":"","meta":[],"product_brand":[],"product_cat":[1368],"product_tag":[],"class_list":{"0":"post-219488","1":"product","2":"type-product","3":"status-publish","4":"has-post-thumbnail","6":"product_cat-enten-lockvogel","7":"product_shipping_class-big-de","9":"first","10":"instock","11":"sale","12":"taxable","13":"shipping-taxable","14":"purchasable","15":"product-type-simple"},"composite_virtual":false,"composite_layout":"","composite_add_to_cart_form_location":"","composite_editable_in_cart":false,"composite_sold_individually_context":"","composite_shop_price_calc":"","composite_components":[],"composite_scenarios":[],"group_of_quantity":0,"min_quantity":0,"max_quantity":"","exclude_order_quantity_value_rules":"no","exclude_category_quantity_rules":"no","combine_variations":"no","exclude_global_add_ons":[],"addons":[],"_links":{"self":[{"href":"https:\/\/www.huntersfriend.eu\/de\/wp-json\/wp\/v2\/product\/219488","targetHints":{"allow":["GET"]}}],"collection":[{"href":"https:\/\/www.huntersfriend.eu\/de\/wp-json\/wp\/v2\/product"}],"about":[{"href":"https:\/\/www.huntersfriend.eu\/de\/wp-json\/wp\/v2\/types\/product"}],"replies":[{"embeddable":true,"href":"https:\/\/www.huntersfriend.eu\/de\/wp-json\/wp\/v2\/comments?post=219488"}],"wp:featuredmedia":[{"embeddable":true,"href":"https:\/\/www.huntersfriend.eu\/de\/wp-json\/wp\/v2\/media\/226585"}],"wp:attachment":[{"href":"https:\/\/www.huntersfriend.eu\/de\/wp-json\/wp\/v2\/media?parent=219488"}],"wp:term":[{"taxonomy":"product_brand","embeddable":true,"href":"https:\/\/www.huntersfriend.eu\/de\/wp-json\/wp\/v2\/product_brand?post=219488"},{"taxonomy":"product_cat","embeddable":true,"href":"https:\/\/www.huntersfriend.eu\/de\/wp-json\/wp\/v2\/product_cat?post=219488"},{"taxonomy":"product_tag","embeddable":true,"href":"https:\/\/www.huntersfriend.eu\/de\/wp-json\/wp\/v2\/product_tag?post=219488"}],"curies":[{"name":"wp","href":"https:\/\/api.w.org\/{rel}","templated":true}]}}