{"id":219486,"date":"2021-02-09T22:22:13","date_gmt":"2021-02-09T20:22:13","guid":{"rendered":"https:\/\/www.huntersfriend.eu\/product\/219486\/"},"modified":"2025-10-29T10:09:42","modified_gmt":"2025-10-29T08:09:42","slug":"219486","status":"publish","type":"product","link":"https:\/\/www.huntersfriend.eu\/de\/produkt\/219486\/","title":{"rendered":"Final Approach Last Pass G\u00e4nselockvogel-Tasche"},"content":{"rendered":"<p>Sch\u00fctzen Sie Ihre Lockv\u00f6gel und bleiben Sie organisiert. Diese Tasche passt gut zu unseren Lesser Full Bodies, Specklebelly Full Bodies, Snow Goose Full Bodies, Last Pass Canada Goose Floaters, Last Pass Specklebelly Floaters und Snow Goose Floaters. Sechs F\u00e4cher f\u00fcr G\u00e4nselockv\u00f6gel  <\/p>\n<p>&nbsp;<\/p>\n<p><b>MERKMALE<\/b><\/p>\n<ul>\n<li>Kordelzugverschluss f\u00fcr zus\u00e4tzlichen Schutz<\/li>\n<li>Mit Tragegurten und Schultergurten<\/li>\n<li>Seitliche Tasche f\u00fcr Zubeh\u00f6r<\/li>\n<li>Strapazierf\u00e4higes Material<\/li>\n<li>Die F\u00e4cher sind 9&#8243; x 9&#8243; x 17&#8243;<\/li>\n<\/ul>\n","protected":false},"excerpt":{"rendered":"<p>Sch\u00fctzen Sie Ihre Lockv\u00f6gel und bleiben Sie organisiert. Diese Tasche passt gut zu unseren Lesser Full Bodies, Specklebelly Full Bodies, Snow Goose Full Bodies, Last Pass Canada Goose Floaters, Last Pass Specklebelly Floaters und Snow Goose Floaters. Sechs F\u00e4cher f\u00fcr G\u00e4nselockv\u00f6gel &nbsp; MERKMALE Kordelzugverschluss f\u00fcr zus\u00e4tzlichen Schutz Mit Tragegurten und Schultergurten Seitliche Tasche f\u00fcr Zubeh\u00f6r [&#8230;]\n","protected":false},"featured_media":209366,"comment_status":"open","ping_status":"closed","template":"","meta":[],"product_brand":[],"product_cat":[1393],"product_tag":[],"class_list":{"0":"post-219486","1":"product","2":"type-product","3":"status-publish","4":"has-post-thumbnail","6":"product_cat-taschen-fur-lockvogel","8":"first","9":"outofstock","10":"taxable","11":"shipping-taxable","12":"purchasable","13":"product-type-simple"},"composite_virtual":false,"composite_layout":"","composite_add_to_cart_form_location":"","composite_editable_in_cart":false,"composite_sold_individually_context":"","composite_shop_price_calc":"","composite_components":[],"composite_scenarios":[],"group_of_quantity":0,"min_quantity":0,"max_quantity":"","exclude_order_quantity_value_rules":"no","exclude_category_quantity_rules":"no","combine_variations":"no","exclude_global_add_ons":[],"addons":[],"_links":{"self":[{"href":"https:\/\/www.huntersfriend.eu\/de\/wp-json\/wp\/v2\/product\/219486","targetHints":{"allow":["GET"]}}],"collection":[{"href":"https:\/\/www.huntersfriend.eu\/de\/wp-json\/wp\/v2\/product"}],"about":[{"href":"https:\/\/www.huntersfriend.eu\/de\/wp-json\/wp\/v2\/types\/product"}],"replies":[{"embeddable":true,"href":"https:\/\/www.huntersfriend.eu\/de\/wp-json\/wp\/v2\/comments?post=219486"}],"wp:featuredmedia":[{"embeddable":true,"href":"https:\/\/www.huntersfriend.eu\/de\/wp-json\/wp\/v2\/media\/209366"}],"wp:attachment":[{"href":"https:\/\/www.huntersfriend.eu\/de\/wp-json\/wp\/v2\/media?parent=219486"}],"wp:term":[{"taxonomy":"product_brand","embeddable":true,"href":"https:\/\/www.huntersfriend.eu\/de\/wp-json\/wp\/v2\/product_brand?post=219486"},{"taxonomy":"product_cat","embeddable":true,"href":"https:\/\/www.huntersfriend.eu\/de\/wp-json\/wp\/v2\/product_cat?post=219486"},{"taxonomy":"product_tag","embeddable":true,"href":"https:\/\/www.huntersfriend.eu\/de\/wp-json\/wp\/v2\/product_tag?post=219486"}],"curies":[{"name":"wp","href":"https:\/\/api.w.org\/{rel}","templated":true}]}}