{"id":219272,"date":"2021-03-19T12:28:06","date_gmt":"2021-03-19T10:28:06","guid":{"rendered":"https:\/\/www.huntersfriend.eu\/product\/mathews-modules-85-v3-vxr-atlas\/"},"modified":"2025-10-21T09:02:19","modified_gmt":"2025-10-21T07:02:19","slug":"mathews-modules-85-v3-vxr-atlas","status":"publish","type":"product","link":"https:\/\/www.huntersfriend.eu\/de\/produkt\/mathews-modules-85-v3-vxr-atlas\/","title":{"rendered":"Mathews SW Module 85 % \u2013 Phase 4\/V3 \/ V3X\/VXR \/ ATLAS"},"content":{"rendered":"<p>Diese Module werden als Ersatzteile f\u00fcr Mathews Vertix, VXR, V3, V3X, Phase 4 und Atlas B\u00f6gen angeboten. Bitte konsultieren Sie die Tabellen f\u00fcr Hinweise zur Auswahl der korrekten Module oder kontaktieren Sie unseren Kundenservice unter info@huntersfriend.eu f\u00fcr Hilfe. <\/p>\n<p><span data-text-color=\"primary\"><strong>Bitte beachten Sie, dass, falls diese Module derzeit nicht auf Lager sind, die Lieferzeit etwa 6-8 Wochen betr\u00e4gt, um sie von Mathews zu erhalten. Wir bitten um Ihr Verst\u00e4ndnis. <\/strong><\/span><\/p>\n","protected":false},"excerpt":{"rendered":"<p>85 % Let-Off<\/p>\n","protected":false},"featured_media":203460,"comment_status":"open","ping_status":"closed","template":"","meta":[],"product_brand":[],"product_cat":[1247,1125,1241],"product_tag":[],"class_list":{"0":"post-219272","1":"product","2":"type-product","3":"status-publish","4":"has-post-thumbnail","6":"product_cat-compoundboegen-und-sets","7":"product_cat-compoundbogen-blank","8":"product_cat-fachgeschaeft-pakete","10":"first","11":"instock","12":"taxable","13":"shipping-taxable","14":"purchasable","15":"product-type-variable"},"composite_virtual":false,"composite_layout":"","composite_add_to_cart_form_location":"","composite_editable_in_cart":false,"composite_sold_individually_context":"","composite_shop_price_calc":"","composite_components":[],"composite_scenarios":[],"group_of_quantity":0,"min_quantity":0,"max_quantity":"","exclude_order_quantity_value_rules":"no","exclude_category_quantity_rules":"no","combine_variations":"no","exclude_global_add_ons":[],"addons":[],"_links":{"self":[{"href":"https:\/\/www.huntersfriend.eu\/de\/wp-json\/wp\/v2\/product\/219272","targetHints":{"allow":["GET"]}}],"collection":[{"href":"https:\/\/www.huntersfriend.eu\/de\/wp-json\/wp\/v2\/product"}],"about":[{"href":"https:\/\/www.huntersfriend.eu\/de\/wp-json\/wp\/v2\/types\/product"}],"replies":[{"embeddable":true,"href":"https:\/\/www.huntersfriend.eu\/de\/wp-json\/wp\/v2\/comments?post=219272"}],"wp:featuredmedia":[{"embeddable":true,"href":"https:\/\/www.huntersfriend.eu\/de\/wp-json\/wp\/v2\/media\/203460"}],"wp:attachment":[{"href":"https:\/\/www.huntersfriend.eu\/de\/wp-json\/wp\/v2\/media?parent=219272"}],"wp:term":[{"taxonomy":"product_brand","embeddable":true,"href":"https:\/\/www.huntersfriend.eu\/de\/wp-json\/wp\/v2\/product_brand?post=219272"},{"taxonomy":"product_cat","embeddable":true,"href":"https:\/\/www.huntersfriend.eu\/de\/wp-json\/wp\/v2\/product_cat?post=219272"},{"taxonomy":"product_tag","embeddable":true,"href":"https:\/\/www.huntersfriend.eu\/de\/wp-json\/wp\/v2\/product_tag?post=219272"}],"curies":[{"name":"wp","href":"https:\/\/api.w.org\/{rel}","templated":true}]}}