{"id":219260,"date":"2021-04-22T14:21:27","date_gmt":"2021-04-22T12:21:27","guid":{"rendered":"https:\/\/www.huntersfriend.eu\/product\/219260\/"},"modified":"2025-09-02T09:01:53","modified_gmt":"2025-09-02T07:01:53","slug":"219260","status":"publish","type":"product","link":"https:\/\/www.huntersfriend.eu\/de\/produkt\/219260\/","title":{"rendered":"Truglo Side-Lock Nitrus Release mit schwarzem BOA-Gurt"},"content":{"rendered":"<p>Ultra-leichtg\u00e4ngiger Bogenschie\u00df-Release mit Doppelbacken<\/p>\n<div data-content-type=\"row\" data-appearance=\"contained\" data-element=\"main\">\n<div data-enable-parallax=\"0\" data-parallax-speed=\"0.5\" data-background-images=\"{}\" data-element=\"inner\">\n<div data-content-type=\"text\" data-appearance=\"default\" data-element=\"main\">\n<ul>\n<li>Extrem leise<\/li>\n<li>Bahnbrechendes Edelstahl-Doppelbacken-Design sorgt f\u00fcr einen perfekt ausbalancierten Release<\/li>\n<li>Ultraglatter, mikro-justierbarer Abzug mit pr\u00e4zisem Gef\u00fchl<\/li>\n<li>Kein unerw\u00fcnschter Abzugsweg<\/li>\n<li>Stromlinienf\u00f6rmiges Backen-Design f\u00fcr schnelles und einfaches Laden \u2013 perfekt f\u00fcr Sehnen-D-Loops<\/li>\n<li>Pr\u00e4zisionsbacken aus verschlei\u00dffreiem Edelstahl<\/li>\n<li>Ausl\u00f6semechanismus aus rostfreiem Stahl f\u00fcr erh\u00f6hte Haltbarkeit und Wiederholgenauigkeit<\/li>\n<li>Vorverlagerte Abzugsposition erm\u00f6glicht h\u00f6here Pfeilgeschwindigkeiten<\/li>\n<li>Ergonomische Hand- und Fingerposition<\/li>\n<li>360-Grad-Drehkopf eliminiert Sehnenverdrehen<\/li>\n<li>Hochwertiger Ausl\u00f6seriemen f\u00fcr langanhaltenden Komfort<\/li>\n<li>Patentiert<\/li>\n<\/ul>\n<p><strong>DOPPELBACKEN-DESIGN<\/strong><\/p>\n<p>Bahnbrechendes Edelstahl-Zangenbacken-Design mit vorgezogener Abzugsposition.<\/p>\n<p><strong>BOA<sup>\u00ae<\/sup> FIT SYSTEM<\/strong><\/p>\n<p>Pr\u00e4zise und m\u00fchelos auf eine schnelle Passform einstellen.<\/p>\n<p><strong>SIDE\u2022LOCK-VERBINDER<\/strong><\/p>\n<p>Der Verbinder arretiert den Release-Kopf aus dem Weg.<\/p>\n<\/div>\n<\/div>\n<\/div>\n","protected":false},"excerpt":{"rendered":"<p>Schwarzer Gurt<\/p>\n","protected":false},"featured_media":218486,"comment_status":"open","ping_status":"closed","template":"","meta":[],"product_brand":[],"product_cat":[1095],"product_tag":[],"class_list":{"0":"post-219260","1":"product","2":"type-product","3":"status-publish","4":"has-post-thumbnail","6":"product_cat-handgelenks-release","8":"first","9":"instock","10":"taxable","11":"shipping-taxable","12":"purchasable","13":"product-type-simple"},"composite_virtual":false,"composite_layout":"","composite_add_to_cart_form_location":"","composite_editable_in_cart":false,"composite_sold_individually_context":"","composite_shop_price_calc":"","composite_components":[],"composite_scenarios":[],"group_of_quantity":0,"min_quantity":0,"max_quantity":"","exclude_order_quantity_value_rules":"no","exclude_category_quantity_rules":"no","combine_variations":"no","exclude_global_add_ons":[],"addons":[],"_links":{"self":[{"href":"https:\/\/www.huntersfriend.eu\/de\/wp-json\/wp\/v2\/product\/219260","targetHints":{"allow":["GET"]}}],"collection":[{"href":"https:\/\/www.huntersfriend.eu\/de\/wp-json\/wp\/v2\/product"}],"about":[{"href":"https:\/\/www.huntersfriend.eu\/de\/wp-json\/wp\/v2\/types\/product"}],"replies":[{"embeddable":true,"href":"https:\/\/www.huntersfriend.eu\/de\/wp-json\/wp\/v2\/comments?post=219260"}],"wp:featuredmedia":[{"embeddable":true,"href":"https:\/\/www.huntersfriend.eu\/de\/wp-json\/wp\/v2\/media\/218486"}],"wp:attachment":[{"href":"https:\/\/www.huntersfriend.eu\/de\/wp-json\/wp\/v2\/media?parent=219260"}],"wp:term":[{"taxonomy":"product_brand","embeddable":true,"href":"https:\/\/www.huntersfriend.eu\/de\/wp-json\/wp\/v2\/product_brand?post=219260"},{"taxonomy":"product_cat","embeddable":true,"href":"https:\/\/www.huntersfriend.eu\/de\/wp-json\/wp\/v2\/product_cat?post=219260"},{"taxonomy":"product_tag","embeddable":true,"href":"https:\/\/www.huntersfriend.eu\/de\/wp-json\/wp\/v2\/product_tag?post=219260"}],"curies":[{"name":"wp","href":"https:\/\/api.w.org\/{rel}","templated":true}]}}