{"id":219256,"date":"2021-09-21T11:46:04","date_gmt":"2021-09-21T09:46:04","guid":{"rendered":"https:\/\/www.huntersfriend.eu\/product\/219256\/"},"modified":"2025-08-27T11:15:26","modified_gmt":"2025-08-27T09:15:26","slug":"bitzenburger-fletching-klammer","status":"publish","type":"product","link":"https:\/\/www.huntersfriend.eu\/de\/produkt\/bitzenburger-fletching-klammer\/","title":{"rendered":"Bitzenburger Fletching Klemme"},"content":{"rendered":"<p>Bei diesem Produkt handelt es sich um ein komplettes Set aus Schablone und Klemme (nur eine Klemme enthalten).<\/p>\n<p>Jede Klemme ist pr\u00e4zisionsgeschliffen, um eine Wiederholgenauigkeit zu gew\u00e4hrleisten.<\/p>\n<p>Die rechte und linke spiralf\u00f6rmige Klemme sind mit einem Radius geschliffen, um eine echte spiralf\u00f6rmige Befiederung zu erreichen.<\/p>\n<p>Die hohle Aussparung erm\u00f6glicht die Kontrolle mit Daumen und Fingerspitzen, was zu einem festeren Griff und einem pr\u00e4ziseren Endprodukt f\u00fchrt.<\/p>\n<p>Die Skala am hinteren Ende der Klemmenbasis erm\u00f6glicht einen gleichm\u00e4\u00dfigen und genauen Abstand der Federn und Fahnen von der Nocke.<\/p>\n<p>Die scharfe Kante an der Basis der Klemmen verhindert die Ansammlung von \u00fcbersch\u00fcssigem Kleber und sorgt f\u00fcr ein sauberes und professionelles Endprodukt. (Keine unsauberen Pfeile!)<\/p>\n<p>Bitzenburger Pr\u00e4zisionsdruckgussklammern sind in drei verschiedenen Modellen erh\u00e4ltlich:<\/p>\n<p>Gerade Klemmen (erh\u00e4ltlich als Vorrichtungsset)<br \/>\nF\u00fcr die gerade Befiederung<br \/>\nRechte Klemmen (als Vorrichtungsset erh\u00e4ltlich)<br \/>\nF\u00fcr rechtsspiralige Befiederung<br \/>\nLinke Klemmen (nur als Klemme erh\u00e4ltlich)<br \/>\nF\u00fcr schraubenf\u00f6rmige Befiederung links<\/p>\n","protected":false},"excerpt":{"rendered":"<p>Bei diesem Produkt handelt es sich um ein komplettes Set aus Schablone und Klemme (nur eine Klemme enthalten). Jede Klemme ist pr\u00e4zisionsgeschliffen, um eine Wiederholgenauigkeit zu gew\u00e4hrleisten. Die rechte und linke spiralf\u00f6rmige Klemme sind mit einem Radius geschliffen, um eine echte spiralf\u00f6rmige Befiederung zu erreichen. Die hohle Aussparung erm\u00f6glicht die Kontrolle mit Daumen und Fingerspitzen, [&#8230;]\n","protected":false},"featured_media":38707,"comment_status":"open","ping_status":"closed","template":"","meta":[],"product_brand":[],"product_cat":[1176],"product_tag":[],"class_list":{"0":"post-219256","1":"product","2":"type-product","3":"status-publish","4":"has-post-thumbnail","6":"product_cat-befiederungsgeraete","8":"first","9":"instock","10":"taxable","11":"shipping-taxable","12":"purchasable","13":"product-type-variable"},"composite_virtual":false,"composite_layout":"","composite_add_to_cart_form_location":"","composite_editable_in_cart":false,"composite_sold_individually_context":"","composite_shop_price_calc":"","composite_components":[],"composite_scenarios":[],"group_of_quantity":0,"min_quantity":0,"max_quantity":"","exclude_order_quantity_value_rules":"no","exclude_category_quantity_rules":"no","combine_variations":"no","exclude_global_add_ons":[],"addons":[],"_links":{"self":[{"href":"https:\/\/www.huntersfriend.eu\/de\/wp-json\/wp\/v2\/product\/219256","targetHints":{"allow":["GET"]}}],"collection":[{"href":"https:\/\/www.huntersfriend.eu\/de\/wp-json\/wp\/v2\/product"}],"about":[{"href":"https:\/\/www.huntersfriend.eu\/de\/wp-json\/wp\/v2\/types\/product"}],"replies":[{"embeddable":true,"href":"https:\/\/www.huntersfriend.eu\/de\/wp-json\/wp\/v2\/comments?post=219256"}],"wp:featuredmedia":[{"embeddable":true,"href":"https:\/\/www.huntersfriend.eu\/de\/wp-json\/wp\/v2\/media\/38707"}],"wp:attachment":[{"href":"https:\/\/www.huntersfriend.eu\/de\/wp-json\/wp\/v2\/media?parent=219256"}],"wp:term":[{"taxonomy":"product_brand","embeddable":true,"href":"https:\/\/www.huntersfriend.eu\/de\/wp-json\/wp\/v2\/product_brand?post=219256"},{"taxonomy":"product_cat","embeddable":true,"href":"https:\/\/www.huntersfriend.eu\/de\/wp-json\/wp\/v2\/product_cat?post=219256"},{"taxonomy":"product_tag","embeddable":true,"href":"https:\/\/www.huntersfriend.eu\/de\/wp-json\/wp\/v2\/product_tag?post=219256"}],"curies":[{"name":"wp","href":"https:\/\/api.w.org\/{rel}","templated":true}]}}