{"id":219253,"date":"2021-04-29T14:20:47","date_gmt":"2021-04-29T12:20:47","guid":{"rendered":"https:\/\/www.huntersfriend.eu\/product\/chevalier-triangle-reppu\/"},"modified":"2026-02-25T10:36:07","modified_gmt":"2026-02-25T08:36:07","slug":"chevalier-triangle-reppu","status":"publish","type":"product","link":"https:\/\/www.huntersfriend.eu\/de\/produkt\/chevalier-triangle-reppu\/","title":{"rendered":"Chevalier Dreiecksrucksack"},"content":{"rendered":"<div class=\"t1ro9c5k\">\n<article>\n<div class=\"product-description\">Der Grouse Triangle sitzt dank Dreipunktbefestigung und einem gummierten Schulterbereich fest am K\u00f6rper. Die Tasche verf\u00fcgt \u00fcber ein gro\u00dfes, ger\u00e4umiges Fach mit Rei\u00dfverschluss. Es gibt eine Rei\u00dfverschluss-Netzinnentasche, ein abnehmbares Netzfach mit Kordelzug und eine Flaschentasche, um Ihre Thermoskanne aufrecht zu halten. Au\u00dfen befindet sich eine gro\u00dfe Netztasche und eine abnehmbare Funkger\u00e4tetasche. Integrierte Vogelschlingen am Boden. Obere Schlaufe zum Aufh\u00e4ngen an einem Haken. Der Grouse Triangle ist aus robustem, wasserabweisendem Polyestergewebe mit versiegelten N\u00e4hten gefertigt. Die R\u00fcckseite ist mit einer weichen Schaumstoff-Netzpolsterung f\u00fcr erh\u00f6hten Tragekomfort am K\u00f6rper ausgestattet. Gesticktes, kontrastarmes Chevalier-Logo. 17 Liter Volumen. Au\u00dfenma\u00dfe: 44x17x54 cm          <\/div>\n<\/article>\n<\/div>\n<div class=\"s1oxfphw\"><\/div>\n","protected":false},"excerpt":{"rendered":"<p>Volumen 17 Liter<\/p>\n","protected":false},"featured_media":209540,"comment_status":"open","ping_status":"closed","template":"","meta":[],"product_brand":[],"product_cat":[2565],"product_tag":[],"class_list":{"0":"post-219253","1":"product","2":"type-product","3":"status-publish","4":"has-post-thumbnail","6":"product_cat-jaktryggsackar","8":"first","9":"instock","10":"taxable","11":"shipping-taxable","12":"purchasable","13":"product-type-simple"},"composite_virtual":false,"composite_layout":"","composite_add_to_cart_form_location":"","composite_editable_in_cart":false,"composite_sold_individually_context":"","composite_shop_price_calc":"","composite_components":[],"composite_scenarios":[],"group_of_quantity":0,"min_quantity":0,"max_quantity":"","exclude_order_quantity_value_rules":"no","exclude_category_quantity_rules":"no","combine_variations":"no","exclude_global_add_ons":[],"addons":[],"_links":{"self":[{"href":"https:\/\/www.huntersfriend.eu\/de\/wp-json\/wp\/v2\/product\/219253","targetHints":{"allow":["GET"]}}],"collection":[{"href":"https:\/\/www.huntersfriend.eu\/de\/wp-json\/wp\/v2\/product"}],"about":[{"href":"https:\/\/www.huntersfriend.eu\/de\/wp-json\/wp\/v2\/types\/product"}],"replies":[{"embeddable":true,"href":"https:\/\/www.huntersfriend.eu\/de\/wp-json\/wp\/v2\/comments?post=219253"}],"wp:featuredmedia":[{"embeddable":true,"href":"https:\/\/www.huntersfriend.eu\/de\/wp-json\/wp\/v2\/media\/209540"}],"wp:attachment":[{"href":"https:\/\/www.huntersfriend.eu\/de\/wp-json\/wp\/v2\/media?parent=219253"}],"wp:term":[{"taxonomy":"product_brand","embeddable":true,"href":"https:\/\/www.huntersfriend.eu\/de\/wp-json\/wp\/v2\/product_brand?post=219253"},{"taxonomy":"product_cat","embeddable":true,"href":"https:\/\/www.huntersfriend.eu\/de\/wp-json\/wp\/v2\/product_cat?post=219253"},{"taxonomy":"product_tag","embeddable":true,"href":"https:\/\/www.huntersfriend.eu\/de\/wp-json\/wp\/v2\/product_tag?post=219253"}],"curies":[{"name":"wp","href":"https:\/\/api.w.org\/{rel}","templated":true}]}}