{"id":219252,"date":"2021-04-29T14:20:47","date_gmt":"2021-04-29T12:20:47","guid":{"rendered":"https:\/\/www.huntersfriend.eu\/product\/chevalier-sitz-rucksack\/"},"modified":"2025-09-02T09:03:43","modified_gmt":"2025-09-02T07:03:43","slug":"chevalier-sitz-rucksack","status":"publish","type":"product","link":"https:\/\/www.huntersfriend.eu\/de\/produkt\/chevalier-sitz-rucksack\/","title":{"rendered":"Chevalier Stuhlrucksack 35 L"},"content":{"rendered":"<p>Der Chair Pack 35 L ist robust und besteht aus einem starken, ger\u00e4uscharmen, wasserabweisenden Polyestermaterial. Das Sitzkissen verf\u00fcgt \u00fcber eine W\u00e4rmeisolierung und ein dekoratives, graviertes Logo. Der stabile Metallrahmen ist textilverkleidet, um Ger\u00e4usche bei Kontakt mit der Waffe zu reduzieren. Der Sitz dient bei Nichtgebrauch als Tragegestell und wird einfach mit einem Klettverschluss gesichert. Die Tasche verf\u00fcgt \u00fcber zwei Flaschentaschen au\u00dfen, eine Deckeltasche und eine orangefarbene Innentasche mit Rei\u00dfverschluss. Verstellbare Schulter- und H\u00fcftgurte. Als zus\u00e4tzliches Detail verf\u00fcgt ein Schultergurt \u00fcber eine integrierte Pfeife. Sitzh\u00f6he: 43,5 cm. Volumen: 35 Liter. Au\u00dfenma\u00dfe: 55 x 29 x 46 cm. Gewicht: 2,2 kg.          <\/p>\n","protected":false},"excerpt":{"rendered":"<p>Fassungsverm\u00f6gen 35 Liter<\/p>\n","protected":false},"featured_media":209538,"comment_status":"open","ping_status":"closed","template":"","meta":[],"product_brand":[],"product_cat":[1407],"product_tag":[],"class_list":{"0":"post-219252","1":"product","2":"type-product","3":"status-publish","4":"has-post-thumbnail","6":"product_cat-jagdrucksacke","7":"product_shipping_class-medium-de","9":"first","10":"onbackorder","11":"taxable","12":"shipping-taxable","13":"purchasable","14":"product-type-simple"},"composite_virtual":false,"composite_layout":"","composite_add_to_cart_form_location":"","composite_editable_in_cart":false,"composite_sold_individually_context":"","composite_shop_price_calc":"","composite_components":[],"composite_scenarios":[],"group_of_quantity":0,"min_quantity":0,"max_quantity":"","exclude_order_quantity_value_rules":"no","exclude_category_quantity_rules":"no","combine_variations":"no","exclude_global_add_ons":[],"addons":[],"_links":{"self":[{"href":"https:\/\/www.huntersfriend.eu\/de\/wp-json\/wp\/v2\/product\/219252","targetHints":{"allow":["GET"]}}],"collection":[{"href":"https:\/\/www.huntersfriend.eu\/de\/wp-json\/wp\/v2\/product"}],"about":[{"href":"https:\/\/www.huntersfriend.eu\/de\/wp-json\/wp\/v2\/types\/product"}],"replies":[{"embeddable":true,"href":"https:\/\/www.huntersfriend.eu\/de\/wp-json\/wp\/v2\/comments?post=219252"}],"wp:featuredmedia":[{"embeddable":true,"href":"https:\/\/www.huntersfriend.eu\/de\/wp-json\/wp\/v2\/media\/209538"}],"wp:attachment":[{"href":"https:\/\/www.huntersfriend.eu\/de\/wp-json\/wp\/v2\/media?parent=219252"}],"wp:term":[{"taxonomy":"product_brand","embeddable":true,"href":"https:\/\/www.huntersfriend.eu\/de\/wp-json\/wp\/v2\/product_brand?post=219252"},{"taxonomy":"product_cat","embeddable":true,"href":"https:\/\/www.huntersfriend.eu\/de\/wp-json\/wp\/v2\/product_cat?post=219252"},{"taxonomy":"product_tag","embeddable":true,"href":"https:\/\/www.huntersfriend.eu\/de\/wp-json\/wp\/v2\/product_tag?post=219252"}],"curies":[{"name":"wp","href":"https:\/\/api.w.org\/{rel}","templated":true}]}}