{"id":219251,"date":"2021-05-11T08:20:36","date_gmt":"2021-05-11T06:20:36","guid":{"rendered":"https:\/\/www.huntersfriend.eu\/product\/b3-hawk-flex-release\/"},"modified":"2024-08-27T08:21:34","modified_gmt":"2024-08-27T06:21:34","slug":"b3-hawk-flex-release","status":"publish","type":"product","link":"https:\/\/www.huntersfriend.eu\/de\/produkt\/b3-hawk-flex-release\/","title":{"rendered":"B3 Hawk Flex Release"},"content":{"rendered":"<p>Das Hawk aus 440c Edelstahl mit offenem Haken-System. Der Hawk flex verf\u00fcgt \u00fcber einen einstellbaren, abgewinkelten Abzug f\u00fcr Weg und Spannung. Au\u00dferdem verf\u00fcgt er \u00fcber einen austauschbaren ger\u00e4ndelten Pfosten und einen federbelasteten R\u00fcckholhaken, sodass Sie bei Ihrem perfekten Schuss keine Zeit verlieren. Der Hawk flex wird mit einem Handgelenkband in Standardgr\u00f6\u00dfe und einem grauen Kopf geliefert. Unser patentierter Flex-Anschluss ist das einfachste System auf dem Markt. Mit nur einer Schraube, die sich ein- und ausfahren l\u00e4sst, kann der Ausl\u00f6ser an jede Handgr\u00f6\u00dfe angepasst werden. Wenn Sie eine andere Gr\u00f6\u00dfe der Handschlaufe mit Ihrem Ausl\u00f6ser w\u00fcnschen, rufen Sie uns bitte an.<\/p>\n<p>Hawk Flex Merkmale:<\/p>\n<p>Patentierter Flex-Anschluss<br \/>440c Single-Sear-Konstruktion<br \/>Federweg und Spannung einstellbar<br \/>Handpolierter Haken aus rostfreiem Stahl<br \/>Unendliche L\u00e4ngeneinstellung<br \/>Abgewinkelter Abzug mit Hakenr\u00fcckstellung<\/p>\n","protected":false},"excerpt":{"rendered":"<p>Flex Connector Gunmetal<\/p>\n","protected":false},"featured_media":210421,"comment_status":"open","ping_status":"closed","template":"","meta":[],"product_brand":[],"product_cat":[1145],"product_tag":[],"class_list":{"0":"post-219251","1":"product","2":"type-product","3":"status-publish","4":"has-post-thumbnail","6":"product_cat-sonstiges","8":"first","9":"onbackorder","10":"taxable","11":"shipping-taxable","12":"purchasable","13":"product-type-simple"},"composite_virtual":false,"composite_layout":"","composite_add_to_cart_form_location":"","composite_editable_in_cart":false,"composite_sold_individually_context":"","composite_shop_price_calc":"","composite_components":[],"composite_scenarios":[],"group_of_quantity":0,"min_quantity":0,"max_quantity":"","exclude_order_quantity_value_rules":"no","exclude_category_quantity_rules":"no","combine_variations":"no","exclude_global_add_ons":[],"addons":[],"_links":{"self":[{"href":"https:\/\/www.huntersfriend.eu\/de\/wp-json\/wp\/v2\/product\/219251","targetHints":{"allow":["GET"]}}],"collection":[{"href":"https:\/\/www.huntersfriend.eu\/de\/wp-json\/wp\/v2\/product"}],"about":[{"href":"https:\/\/www.huntersfriend.eu\/de\/wp-json\/wp\/v2\/types\/product"}],"replies":[{"embeddable":true,"href":"https:\/\/www.huntersfriend.eu\/de\/wp-json\/wp\/v2\/comments?post=219251"}],"wp:featuredmedia":[{"embeddable":true,"href":"https:\/\/www.huntersfriend.eu\/de\/wp-json\/wp\/v2\/media\/210421"}],"wp:attachment":[{"href":"https:\/\/www.huntersfriend.eu\/de\/wp-json\/wp\/v2\/media?parent=219251"}],"wp:term":[{"taxonomy":"product_brand","embeddable":true,"href":"https:\/\/www.huntersfriend.eu\/de\/wp-json\/wp\/v2\/product_brand?post=219251"},{"taxonomy":"product_cat","embeddable":true,"href":"https:\/\/www.huntersfriend.eu\/de\/wp-json\/wp\/v2\/product_cat?post=219251"},{"taxonomy":"product_tag","embeddable":true,"href":"https:\/\/www.huntersfriend.eu\/de\/wp-json\/wp\/v2\/product_tag?post=219251"}],"curies":[{"name":"wp","href":"https:\/\/api.w.org\/{rel}","templated":true}]}}