{"id":219249,"date":"2021-05-11T08:20:35","date_gmt":"2021-05-11T06:20:35","guid":{"rendered":"https:\/\/www.huntersfriend.eu\/product\/b3-hawk-swivel-release\/"},"modified":"2024-08-27T08:21:34","modified_gmt":"2024-08-27T06:21:34","slug":"b3-hawk-swivel-release","status":"publish","type":"product","link":"https:\/\/www.huntersfriend.eu\/de\/produkt\/b3-hawk-swivel-release\/","title":{"rendered":"B3 Hawk Swivel Release"},"content":{"rendered":"<p>Unser Hawk aus 440c Edelstahl mit offenen Haken-System. Der Hawk-Wirbel ist mit einem einstellbaren, abgewinkelten Ausl\u00f6ser f\u00fcr Weg und Spannung ausgestattet. Au\u00dferdem verf\u00fcgt es \u00fcber einen austauschbaren ger\u00e4ndelten Pfosten und einen federbelasteten R\u00fcckholhaken, sodass bei Ihrem perfekten Schuss keine Zeit verloren geht. Der Hawk flex wird mit einer Handschlaufe in Standardgr\u00f6\u00dfe, grauem Kopf und schwarzem Schaft geliefert. Unser patentiertes Drehgelenk l\u00e4sst sich auf verschiedene L\u00e4ngen einstellen und passt sich so jeder Handgr\u00f6\u00dfe an. Es ist um 360 Grad drehbar und kann sogar zur\u00fcckgeklappt und arretiert werden, damit es beim Aufbaumen des Standes nicht im Weg ist. Wenn Sie eine Handschlaufe in einer anderen Gr\u00f6\u00dfe mit Ihrem Ausl\u00f6ser w\u00fcnschen, rufen Sie uns bitte an.<\/p>\n<p>Hawk Swivel Merkmale:<\/p>\n<p>Patentierter Drehgelenkanschluss<br \/>440c Single-Sear-Design<br \/>Einstellm\u00f6glichkeiten f\u00fcr Weg und Spannung<br \/>Handpolierter Haken aus rostfreiem Stahl<br \/>Mehrere L\u00e4ngeneinstellungen<br \/>Abgewinkelter Abzug mit Hakenr\u00fcckstellung<\/p>\n","protected":false},"excerpt":{"rendered":"<p>Swivel Connector Gunmetal<\/p>\n","protected":false},"featured_media":221588,"comment_status":"open","ping_status":"closed","template":"","meta":[],"product_brand":[],"product_cat":[1145],"product_tag":[],"class_list":{"0":"post-219249","1":"product","2":"type-product","3":"status-publish","4":"has-post-thumbnail","6":"product_cat-sonstiges","8":"first","9":"onbackorder","10":"taxable","11":"shipping-taxable","12":"purchasable","13":"product-type-simple"},"composite_virtual":false,"composite_layout":"","composite_add_to_cart_form_location":"","composite_editable_in_cart":false,"composite_sold_individually_context":"","composite_shop_price_calc":"","composite_components":[],"composite_scenarios":[],"group_of_quantity":0,"min_quantity":0,"max_quantity":"","exclude_order_quantity_value_rules":"no","exclude_category_quantity_rules":"no","combine_variations":"no","exclude_global_add_ons":[],"addons":[],"_links":{"self":[{"href":"https:\/\/www.huntersfriend.eu\/de\/wp-json\/wp\/v2\/product\/219249","targetHints":{"allow":["GET"]}}],"collection":[{"href":"https:\/\/www.huntersfriend.eu\/de\/wp-json\/wp\/v2\/product"}],"about":[{"href":"https:\/\/www.huntersfriend.eu\/de\/wp-json\/wp\/v2\/types\/product"}],"replies":[{"embeddable":true,"href":"https:\/\/www.huntersfriend.eu\/de\/wp-json\/wp\/v2\/comments?post=219249"}],"wp:featuredmedia":[{"embeddable":true,"href":"https:\/\/www.huntersfriend.eu\/de\/wp-json\/wp\/v2\/media\/221588"}],"wp:attachment":[{"href":"https:\/\/www.huntersfriend.eu\/de\/wp-json\/wp\/v2\/media?parent=219249"}],"wp:term":[{"taxonomy":"product_brand","embeddable":true,"href":"https:\/\/www.huntersfriend.eu\/de\/wp-json\/wp\/v2\/product_brand?post=219249"},{"taxonomy":"product_cat","embeddable":true,"href":"https:\/\/www.huntersfriend.eu\/de\/wp-json\/wp\/v2\/product_cat?post=219249"},{"taxonomy":"product_tag","embeddable":true,"href":"https:\/\/www.huntersfriend.eu\/de\/wp-json\/wp\/v2\/product_tag?post=219249"}],"curies":[{"name":"wp","href":"https:\/\/api.w.org\/{rel}","templated":true}]}}