{"id":219248,"date":"2021-06-14T11:23:15","date_gmt":"2021-06-14T09:23:15","guid":{"rendered":"https:\/\/www.huntersfriend.eu\/product\/hme-mantis-100-pro\/"},"modified":"2025-09-02T09:00:59","modified_gmt":"2025-09-02T07:00:59","slug":"hme-mantis-100-pro","status":"publish","type":"product","link":"https:\/\/www.huntersfriend.eu\/de\/produkt\/hme-mantis-100-pro\/","title":{"rendered":"HME mantis 100 pro"},"content":{"rendered":"<p>Der Mantis Pro 100 ist ein kompakter, ferngesteuerter Locker mit 100 vorinstallierten Sounds. Die realistischen Tierstimmen umfassen, Wapiti-Hirsche, W\u00f6lfe, Wei\u00dfwedelhirsche, Truth\u00e4hne, Rotluchse, Kojoten, Elche, Kaninchen, Enten und F\u00fcchse. <\/p>\n<p><strong>Hauptmerkmale<\/strong><\/p>\n<ul>\n<li>32 MB Interner Speicher<\/li>\n<li>4-Zoll Hi-Output-Lautsprecher mit einer Lautst\u00e4rke von bis zu 110 dB<\/li>\n<li>Externer Stromanschluss und Synchronisationsanschluss mit Montagehalterung f\u00fcr motorisierte Lockv\u00f6gel<\/li>\n<li>Beinhaltet Signaturrufe des Meister-Truthahnrufmeisters Paul Butski<\/li>\n<li>Integriertes Halterung f\u00fcr die Fernbedienung<\/li>\n<li>Schwenkbeine<\/li>\n<li>Betrieben durch 8 AA-Batterien &#8211; nicht im Lieferumfang enthalten<\/li>\n<li>Haltbare Konstruktion aus ABS Kunststoff<\/li>\n<\/ul>\n<p><strong>Fernbedienung<\/strong><\/p>\n<ul>\n<li>Integrierte\/abnehmbare Fernbedienung mit gro\u00dfer Reichweite von 300 Yards<\/li>\n<li>Fernbedienung mit 2,0-Zoll-Bildschirm mit 4 bis 6 Zeilen Text\/Symbolen (LED beleuchtet)<\/li>\n<\/ul>\n","protected":false},"excerpt":{"rendered":"<p>Elektronischer Wildlocker f\u00fcr Kleinraubwild<\/p>\n","protected":false},"featured_media":208416,"comment_status":"open","ping_status":"closed","template":"","meta":[],"product_brand":[],"product_cat":[1145],"product_tag":[],"class_list":{"0":"post-219248","1":"product","2":"type-product","3":"status-publish","4":"has-post-thumbnail","6":"product_cat-sonstiges","8":"first","9":"instock","10":"taxable","11":"shipping-taxable","12":"purchasable","13":"product-type-simple"},"composite_virtual":false,"composite_layout":"","composite_add_to_cart_form_location":"","composite_editable_in_cart":false,"composite_sold_individually_context":"","composite_shop_price_calc":"","composite_components":[],"composite_scenarios":[],"group_of_quantity":0,"min_quantity":0,"max_quantity":"","exclude_order_quantity_value_rules":"no","exclude_category_quantity_rules":"no","combine_variations":"no","exclude_global_add_ons":[],"addons":[],"_links":{"self":[{"href":"https:\/\/www.huntersfriend.eu\/de\/wp-json\/wp\/v2\/product\/219248","targetHints":{"allow":["GET"]}}],"collection":[{"href":"https:\/\/www.huntersfriend.eu\/de\/wp-json\/wp\/v2\/product"}],"about":[{"href":"https:\/\/www.huntersfriend.eu\/de\/wp-json\/wp\/v2\/types\/product"}],"replies":[{"embeddable":true,"href":"https:\/\/www.huntersfriend.eu\/de\/wp-json\/wp\/v2\/comments?post=219248"}],"wp:featuredmedia":[{"embeddable":true,"href":"https:\/\/www.huntersfriend.eu\/de\/wp-json\/wp\/v2\/media\/208416"}],"wp:attachment":[{"href":"https:\/\/www.huntersfriend.eu\/de\/wp-json\/wp\/v2\/media?parent=219248"}],"wp:term":[{"taxonomy":"product_brand","embeddable":true,"href":"https:\/\/www.huntersfriend.eu\/de\/wp-json\/wp\/v2\/product_brand?post=219248"},{"taxonomy":"product_cat","embeddable":true,"href":"https:\/\/www.huntersfriend.eu\/de\/wp-json\/wp\/v2\/product_cat?post=219248"},{"taxonomy":"product_tag","embeddable":true,"href":"https:\/\/www.huntersfriend.eu\/de\/wp-json\/wp\/v2\/product_tag?post=219248"}],"curies":[{"name":"wp","href":"https:\/\/api.w.org\/{rel}","templated":true}]}}