{"id":219247,"date":"2021-06-14T11:23:16","date_gmt":"2021-06-14T09:23:16","guid":{"rendered":"https:\/\/www.huntersfriend.eu\/product\/hme-trail-camera-wildkamera-halter\/"},"modified":"2025-09-02T08:59:49","modified_gmt":"2025-09-02T06:59:49","slug":"hme-trail-camera-wildkamera-halter","status":"publish","type":"product","link":"https:\/\/www.huntersfriend.eu\/de\/produkt\/hme-trail-camera-wildkamera-halter\/","title":{"rendered":"HME Wildkamera-Halterung"},"content":{"rendered":"<ul>\n<li>Robuste Wildkamera-Halterung mit einzigartiger Befestigungsschraube f\u00fcr zus\u00e4tzliche Stabilit\u00e4t<\/li>\n<li>Schwenk-\/Neigefunktion f\u00fcr die perfekte Kameraausrichtung<\/li>\n<li>Leicht abnehmbar und Jahr f\u00fcr Jahr wieder anbringbar.<\/li>\n<\/ul>\n","protected":false},"excerpt":{"rendered":"<p>S\u00e4\u00e4dett\u00e4v\u00e4 riistakamerakiinnike puuhun\/sein\u00e4\u00e4n<\/p>\n","protected":false},"featured_media":209439,"comment_status":"open","ping_status":"closed","template":"","meta":[],"product_brand":[],"product_cat":[2069],"product_tag":[],"class_list":{"0":"post-219247","1":"product","2":"type-product","3":"status-publish","4":"has-post-thumbnail","6":"product_cat-wildkamera-zubehor","8":"first","9":"instock","10":"taxable","11":"shipping-taxable","12":"purchasable","13":"product-type-simple"},"composite_virtual":false,"composite_layout":"","composite_add_to_cart_form_location":"","composite_editable_in_cart":false,"composite_sold_individually_context":"","composite_shop_price_calc":"","composite_components":[],"composite_scenarios":[],"group_of_quantity":0,"min_quantity":0,"max_quantity":"","exclude_order_quantity_value_rules":"no","exclude_category_quantity_rules":"no","combine_variations":"no","exclude_global_add_ons":[],"addons":[],"_links":{"self":[{"href":"https:\/\/www.huntersfriend.eu\/de\/wp-json\/wp\/v2\/product\/219247","targetHints":{"allow":["GET"]}}],"collection":[{"href":"https:\/\/www.huntersfriend.eu\/de\/wp-json\/wp\/v2\/product"}],"about":[{"href":"https:\/\/www.huntersfriend.eu\/de\/wp-json\/wp\/v2\/types\/product"}],"replies":[{"embeddable":true,"href":"https:\/\/www.huntersfriend.eu\/de\/wp-json\/wp\/v2\/comments?post=219247"}],"wp:featuredmedia":[{"embeddable":true,"href":"https:\/\/www.huntersfriend.eu\/de\/wp-json\/wp\/v2\/media\/209439"}],"wp:attachment":[{"href":"https:\/\/www.huntersfriend.eu\/de\/wp-json\/wp\/v2\/media?parent=219247"}],"wp:term":[{"taxonomy":"product_brand","embeddable":true,"href":"https:\/\/www.huntersfriend.eu\/de\/wp-json\/wp\/v2\/product_brand?post=219247"},{"taxonomy":"product_cat","embeddable":true,"href":"https:\/\/www.huntersfriend.eu\/de\/wp-json\/wp\/v2\/product_cat?post=219247"},{"taxonomy":"product_tag","embeddable":true,"href":"https:\/\/www.huntersfriend.eu\/de\/wp-json\/wp\/v2\/product_tag?post=219247"}],"curies":[{"name":"wp","href":"https:\/\/api.w.org\/{rel}","templated":true}]}}