{"id":219245,"date":"2021-06-14T11:23:17","date_gmt":"2021-06-14T09:23:17","guid":{"rendered":"https:\/\/www.huntersfriend.eu\/product\/sme-bi-pod\/"},"modified":"2025-09-02T09:00:53","modified_gmt":"2025-09-02T07:00:53","slug":"sme-bi-pod","status":"publish","type":"product","link":"https:\/\/www.huntersfriend.eu\/de\/produkt\/sme-bi-pod\/","title":{"rendered":"SME Zweibein"},"content":{"rendered":"<ul>\n<li>KLEMMHALTERUNG ZUR EINFACHEN BEFESTIGUNG AN SCHUSSWAFFEN MIT PICATINNY-\/WEAVER-STIL. LIEFERUNG MIT RIEMENB\u00dcGELADAPTER ZUR BEFESTIGUNG AN SCHUSSWAFFEN MIT EINEM STANDARD-RIEMENB\u00dcGEL. * ZUS\u00c4TZLICHER RIEMENB\u00dcGEL AM ADAPTER F\u00dcR SCHWENKBEFESTIGUNG<\/li>\n<li>KLAPPBARE BEINE MIT FEDER-ARRETIERKNOPF<\/li>\n<li>AUSZIEHBARE BEINE F\u00dcR EINE VERSTELLBARE SCHUSSPOSITION, WEICHE GUMMIF\u00dcSSE F\u00dcR STABILIT\u00c4T<\/li>\n<li>6 Zoll<\/li>\n<li>PREMIUM 6061-T6 ELOXIERTES ALUMINIUM<\/li>\n<\/ul>\n","protected":false},"excerpt":{"rendered":"<p>L\u00e4nge 15,2 cm<\/p>\n","protected":false},"featured_media":209451,"comment_status":"open","ping_status":"closed","template":"","meta":[],"product_brand":[],"product_cat":[1145],"product_tag":[],"class_list":{"0":"post-219245","1":"product","2":"type-product","3":"status-publish","4":"has-post-thumbnail","6":"product_cat-sonstiges","8":"first","9":"outofstock","10":"taxable","11":"shipping-taxable","12":"purchasable","13":"product-type-simple"},"composite_virtual":false,"composite_layout":"","composite_add_to_cart_form_location":"","composite_editable_in_cart":false,"composite_sold_individually_context":"","composite_shop_price_calc":"","composite_components":[],"composite_scenarios":[],"group_of_quantity":0,"min_quantity":0,"max_quantity":"","exclude_order_quantity_value_rules":"no","exclude_category_quantity_rules":"no","combine_variations":"no","exclude_global_add_ons":[],"addons":[],"_links":{"self":[{"href":"https:\/\/www.huntersfriend.eu\/de\/wp-json\/wp\/v2\/product\/219245","targetHints":{"allow":["GET"]}}],"collection":[{"href":"https:\/\/www.huntersfriend.eu\/de\/wp-json\/wp\/v2\/product"}],"about":[{"href":"https:\/\/www.huntersfriend.eu\/de\/wp-json\/wp\/v2\/types\/product"}],"replies":[{"embeddable":true,"href":"https:\/\/www.huntersfriend.eu\/de\/wp-json\/wp\/v2\/comments?post=219245"}],"wp:featuredmedia":[{"embeddable":true,"href":"https:\/\/www.huntersfriend.eu\/de\/wp-json\/wp\/v2\/media\/209451"}],"wp:attachment":[{"href":"https:\/\/www.huntersfriend.eu\/de\/wp-json\/wp\/v2\/media?parent=219245"}],"wp:term":[{"taxonomy":"product_brand","embeddable":true,"href":"https:\/\/www.huntersfriend.eu\/de\/wp-json\/wp\/v2\/product_brand?post=219245"},{"taxonomy":"product_cat","embeddable":true,"href":"https:\/\/www.huntersfriend.eu\/de\/wp-json\/wp\/v2\/product_cat?post=219245"},{"taxonomy":"product_tag","embeddable":true,"href":"https:\/\/www.huntersfriend.eu\/de\/wp-json\/wp\/v2\/product_tag?post=219245"}],"curies":[{"name":"wp","href":"https:\/\/api.w.org\/{rel}","templated":true}]}}