{"id":219241,"date":"2021-06-14T11:23:19","date_gmt":"2021-06-14T09:23:19","guid":{"rendered":"https:\/\/www.huntersfriend.eu\/product\/nap-quickfletch-2-twister\/"},"modified":"2024-08-27T08:15:47","modified_gmt":"2024-08-27T06:15:47","slug":"nap-quickfletch-2-twister","status":"publish","type":"product","link":"https:\/\/www.huntersfriend.eu\/de\/produkt\/nap-quickfletch-2-twister\/","title":{"rendered":"NAP Quickfletch 2&#8243; Twister"},"content":{"rendered":"<p>Durch kochendes Wasser k\u00f6nnen Sie einen Pfeil in weniger als 10 Sekunden professionell befiedern. QuikFletch ist der einfachste Weg, um Ihre Pfeile entweder von unterwegs oder zu Hause zu befiedern und sie sind garantiert rutschfest!!! Sie schrumpfen und passen auf jede Gr\u00f6\u00dfe von Carbon- oder Aluminiumpfeilsch\u00e4ften.<\/p>\n<p>Wei\u00dfe\/gelbe\/gelbe 2-Zoll-Fahnen<\/p>\n<p>6er Pack<\/p>\n","protected":false},"excerpt":{"rendered":"<p>White\/Yellow\/Yellow<\/p>\n","protected":false},"featured_media":221709,"comment_status":"open","ping_status":"closed","template":"","meta":[],"product_brand":[],"product_cat":[1097],"product_tag":[],"class_list":{"0":"post-219241","1":"product","2":"type-product","3":"status-publish","4":"has-post-thumbnail","6":"product_cat-fletching-de","8":"first","9":"onbackorder","10":"taxable","11":"shipping-taxable","12":"purchasable","13":"product-type-simple"},"composite_virtual":false,"composite_layout":"","composite_add_to_cart_form_location":"","composite_editable_in_cart":false,"composite_sold_individually_context":"","composite_shop_price_calc":"","composite_components":[],"composite_scenarios":[],"group_of_quantity":0,"min_quantity":0,"max_quantity":"","exclude_order_quantity_value_rules":"no","exclude_category_quantity_rules":"no","combine_variations":"no","exclude_global_add_ons":[],"addons":[],"_links":{"self":[{"href":"https:\/\/www.huntersfriend.eu\/de\/wp-json\/wp\/v2\/product\/219241","targetHints":{"allow":["GET"]}}],"collection":[{"href":"https:\/\/www.huntersfriend.eu\/de\/wp-json\/wp\/v2\/product"}],"about":[{"href":"https:\/\/www.huntersfriend.eu\/de\/wp-json\/wp\/v2\/types\/product"}],"replies":[{"embeddable":true,"href":"https:\/\/www.huntersfriend.eu\/de\/wp-json\/wp\/v2\/comments?post=219241"}],"wp:featuredmedia":[{"embeddable":true,"href":"https:\/\/www.huntersfriend.eu\/de\/wp-json\/wp\/v2\/media\/221709"}],"wp:attachment":[{"href":"https:\/\/www.huntersfriend.eu\/de\/wp-json\/wp\/v2\/media?parent=219241"}],"wp:term":[{"taxonomy":"product_brand","embeddable":true,"href":"https:\/\/www.huntersfriend.eu\/de\/wp-json\/wp\/v2\/product_brand?post=219241"},{"taxonomy":"product_cat","embeddable":true,"href":"https:\/\/www.huntersfriend.eu\/de\/wp-json\/wp\/v2\/product_cat?post=219241"},{"taxonomy":"product_tag","embeddable":true,"href":"https:\/\/www.huntersfriend.eu\/de\/wp-json\/wp\/v2\/product_tag?post=219241"}],"curies":[{"name":"wp","href":"https:\/\/api.w.org\/{rel}","templated":true}]}}