{"id":219238,"date":"2021-06-16T11:22:22","date_gmt":"2021-06-16T09:22:22","guid":{"rendered":"https:\/\/www.huntersfriend.eu\/product\/alps-outdoorz-falcon\/"},"modified":"2026-03-18T22:00:19","modified_gmt":"2026-03-18T20:00:19","slug":"alps-outdoorz-falcon","status":"publish","type":"product","link":"https:\/\/www.huntersfriend.eu\/de\/produkt\/alps-outdoorz-falcon\/","title":{"rendered":"Alps Outdoorz Falcon"},"content":{"rendered":"<p><span class=\"Y2IQFc\" lang=\"en\">Der Falcon ist ein vielseitiger Tagesrucksack f\u00fcr Jagd- und Outdoor-Ausfl\u00fcge. Die R\u00fcckseite des Rucksacktr\u00e4gers verf\u00fcgt \u00fcber ein gut bel\u00fcftetes Netzgewebe, was den Tragekomfort erheblich verbessert.  <\/span><span class=\"Y2IQFc\" lang=\"en\">Der Rucksack verf\u00fcgt \u00fcber zwei Hauptf\u00e4cher. Das zweite Hauptfach hat mehrere kleinere Taschen, um die Gegenst\u00e4nde gut geordnet zu halten. Die zweite Haupttasche verf\u00fcgt \u00fcber ein separates Trinkblasenfach und einen Ausgang.  <\/span><span class=\"Y2IQFc\" lang=\"en\">Der Falcon hat einen stabilen H\u00fcftgurt mit zwei Taschen f\u00fcr kleine Gegenst\u00e4nde, die schnell zug\u00e4nglich sein m\u00fcssen. Der Rucksack verf\u00fcgt \u00fcber eine ausklappbare Tasche zum Tragen einer Waffe oder eines Bogens und eine integrierte HiVis-orangefarbene Regenh\u00fclle.<br \/>\n<\/span><\/p>\n<ul>\n<li>Mehrere Innentaschen<\/li>\n<li>Gut bel\u00fcftete R\u00fcckenpartie des Tr\u00e4gers<\/li>\n<li>Ausklappbare Tasche zum Tragen einer Waffe oder eines Bogens<\/li>\n<li>Ger\u00e4umiges Vorder- und Hauptfach<\/li>\n<li>Zus\u00e4tzliche Befestigungsriemen au\u00dfen und an den Seiten<\/li>\n<li>Gepolsterter H\u00fcftgurt mit Taschen auf beiden Seiten<\/li>\n<li>Der Zwei-Wege-Rahmen ist auch bei schweren Lasten stabil<\/li>\n<li>HiVis-orange integrierte Regenh\u00fclle<\/li>\n<li>Zwei Netz-Seitentaschen<\/li>\n<li>Trinkblasenfach und -ausgang<\/li>\n<li>Gewicht 2,2 kg<\/li>\n<li>Volumen 41 l<\/li>\n<\/ul>\n<p>&nbsp;<\/p>\n<p>&nbsp;<\/p>\n","protected":false},"excerpt":{"rendered":"<p>Realtree Edge Camo<\/p>\n","protected":false},"featured_media":209601,"comment_status":"open","ping_status":"closed","template":"","meta":[],"product_brand":[],"product_cat":[1407],"product_tag":[],"class_list":{"0":"post-219238","1":"product","2":"type-product","3":"status-publish","4":"has-post-thumbnail","6":"product_cat-jagdrucksacke","7":"product_shipping_class-medium-de","9":"first","10":"instock","11":"taxable","12":"shipping-taxable","13":"purchasable","14":"product-type-simple"},"composite_virtual":false,"composite_layout":"","composite_add_to_cart_form_location":"","composite_editable_in_cart":false,"composite_sold_individually_context":"","composite_shop_price_calc":"","composite_components":[],"composite_scenarios":[],"group_of_quantity":0,"min_quantity":0,"max_quantity":"","exclude_order_quantity_value_rules":"no","exclude_category_quantity_rules":"no","combine_variations":"no","exclude_global_add_ons":[],"addons":[],"_links":{"self":[{"href":"https:\/\/www.huntersfriend.eu\/de\/wp-json\/wp\/v2\/product\/219238","targetHints":{"allow":["GET"]}}],"collection":[{"href":"https:\/\/www.huntersfriend.eu\/de\/wp-json\/wp\/v2\/product"}],"about":[{"href":"https:\/\/www.huntersfriend.eu\/de\/wp-json\/wp\/v2\/types\/product"}],"replies":[{"embeddable":true,"href":"https:\/\/www.huntersfriend.eu\/de\/wp-json\/wp\/v2\/comments?post=219238"}],"wp:featuredmedia":[{"embeddable":true,"href":"https:\/\/www.huntersfriend.eu\/de\/wp-json\/wp\/v2\/media\/209601"}],"wp:attachment":[{"href":"https:\/\/www.huntersfriend.eu\/de\/wp-json\/wp\/v2\/media?parent=219238"}],"wp:term":[{"taxonomy":"product_brand","embeddable":true,"href":"https:\/\/www.huntersfriend.eu\/de\/wp-json\/wp\/v2\/product_brand?post=219238"},{"taxonomy":"product_cat","embeddable":true,"href":"https:\/\/www.huntersfriend.eu\/de\/wp-json\/wp\/v2\/product_cat?post=219238"},{"taxonomy":"product_tag","embeddable":true,"href":"https:\/\/www.huntersfriend.eu\/de\/wp-json\/wp\/v2\/product_tag?post=219238"}],"curies":[{"name":"wp","href":"https:\/\/api.w.org\/{rel}","templated":true}]}}