{"id":219192,"date":"2021-06-16T11:22:22","date_gmt":"2021-06-16T09:22:22","guid":{"rendered":"https:\/\/www.huntersfriend.eu\/product\/219192\/"},"modified":"2025-08-27T11:20:27","modified_gmt":"2025-08-27T09:20:27","slug":"219192","status":"publish","type":"product","link":"https:\/\/www.huntersfriend.eu\/de\/produkt\/219192\/","title":{"rendered":""},"content":{"rendered":"<p>Die Upland Game Vest X ist das perfekte Zubeh\u00f6r f\u00fcr die Hochwildjagd und verf\u00fcgt \u00fcber eine Vielzahl innovativer Funktionen. Die ultrad\u00fcnnen Schultergurte sorgen f\u00fcr maximalen Komfort beim Schie\u00dfen, und die beiden vorderen Patronentaschen sind gro\u00df genug, um jeweils eine ganze Schachtel Patronen aufzunehmen. Zwei umklappbare Gewehrauflagen sind im Lieferumfang enthalten (Gewehrauflagen sind nur bei der Option Large erh\u00e4ltlich), ebenso wie eine leichte, bel\u00fcftete R\u00fccken- und H\u00fcftgurtkonstruktion.<\/p>\n<p>&#8211; Ultrad\u00fcnne Schultergurte f\u00fcr maximalen Schie\u00dfkomfort<\/p>\n<p>&#8211; Eine gro\u00dfe, umlaufende Wildtasche, die zur einfachen Reinigung ge\u00f6ffnet werden kann<\/p>\n<p>&#8211; Zwei vordere Patronentaschen &#8211; passend f\u00fcr eine ganze Schachtel Patronen<\/p>\n<p>&#8211; Leichter, bel\u00fcfteter R\u00fccken und H\u00fcftgurt<\/p>\n<p>&#8211; Verbesserter H\u00fcftgurt mit zwei umklappbaren Gewehrauflagen (Gewehrauflagen nur bei der Option Large erh\u00e4ltlich)<\/p>\n<p>&#8211; H2O-kompatibel<\/p>\n<p>&#8211; Ein gro\u00dfes hinteres Organisationsfach<\/p>\n<p>&#8211; Zwei zus\u00e4tzliche Ausr\u00fcstungstaschen<\/p>\n<p>&#8211; Zwei Taschen f\u00fcr Wasserflaschen<\/p>\n<p>&#8211; Zwei Funkger\u00e4tetaschen<\/p>\n<table style=\"height: 158px\" border=\"3\" width=\"544\">\n<tbody>\n<tr align=\"CENTER\">\n<td><b>H\u00fcftgurtbereich<\/b><\/td>\n<td>36&#8243; \u2013 60&#8243;<\/td>\n<\/tr>\n<tr align=\"CENTER\">\n<td><b>Gewicht<\/b><\/td>\n<td>2 lbs. 9 oz.<\/td>\n<\/tr>\n<tr>\n<th colspan=\"2\">&lt;h3<br \/>X-Large&lt;\/h3<\/th>\n<\/tr>\n<tr align=\"CENTER\">\n<td><b>H\u00fcftgurtbereich<\/b><\/td>\n<td>40&#8243; \u2013 64&#8243;<\/td>\n<\/tr>\n<tr align=\"CENTER\">\n<td><b>Gewicht<\/b><\/td>\n<td>2 lbs. 12 oz.<\/td>\n<\/tr>\n<\/tbody>\n<\/table>\n","protected":false},"excerpt":{"rendered":"<p>Blaze Orange<\/p>\n","protected":false},"featured_media":211820,"comment_status":"open","ping_status":"closed","template":"","meta":[],"product_brand":[],"product_cat":[1145],"product_tag":[],"class_list":{"0":"post-219192","1":"product","2":"type-product","3":"status-publish","4":"has-post-thumbnail","6":"product_cat-sonstiges","8":"first","9":"instock","10":"taxable","11":"shipping-taxable","12":"product-type-simple"},"composite_virtual":false,"composite_layout":"","composite_add_to_cart_form_location":"","composite_editable_in_cart":false,"composite_sold_individually_context":"","composite_shop_price_calc":"","composite_components":[],"composite_scenarios":[],"group_of_quantity":0,"min_quantity":0,"max_quantity":"","exclude_order_quantity_value_rules":"no","exclude_category_quantity_rules":"no","combine_variations":"no","exclude_global_add_ons":[],"addons":[],"_links":{"self":[{"href":"https:\/\/www.huntersfriend.eu\/de\/wp-json\/wp\/v2\/product\/219192","targetHints":{"allow":["GET"]}}],"collection":[{"href":"https:\/\/www.huntersfriend.eu\/de\/wp-json\/wp\/v2\/product"}],"about":[{"href":"https:\/\/www.huntersfriend.eu\/de\/wp-json\/wp\/v2\/types\/product"}],"replies":[{"embeddable":true,"href":"https:\/\/www.huntersfriend.eu\/de\/wp-json\/wp\/v2\/comments?post=219192"}],"wp:featuredmedia":[{"embeddable":true,"href":"https:\/\/www.huntersfriend.eu\/de\/wp-json\/wp\/v2\/media\/211820"}],"wp:attachment":[{"href":"https:\/\/www.huntersfriend.eu\/de\/wp-json\/wp\/v2\/media?parent=219192"}],"wp:term":[{"taxonomy":"product_brand","embeddable":true,"href":"https:\/\/www.huntersfriend.eu\/de\/wp-json\/wp\/v2\/product_brand?post=219192"},{"taxonomy":"product_cat","embeddable":true,"href":"https:\/\/www.huntersfriend.eu\/de\/wp-json\/wp\/v2\/product_cat?post=219192"},{"taxonomy":"product_tag","embeddable":true,"href":"https:\/\/www.huntersfriend.eu\/de\/wp-json\/wp\/v2\/product_tag?post=219192"}],"curies":[{"name":"wp","href":"https:\/\/api.w.org\/{rel}","templated":true}]}}