{"id":219191,"date":"2021-06-16T11:22:23","date_gmt":"2021-06-16T09:22:23","guid":{"rendered":"https:\/\/www.huntersfriend.eu\/product\/alps-outdoorz-dark-timber\/"},"modified":"2026-04-04T05:13:26","modified_gmt":"2026-04-04T03:13:26","slug":"alps-outdoorz-dark-timber","status":"publish","type":"product","link":"https:\/\/www.huntersfriend.eu\/de\/produkt\/alps-outdoorz-dark-timber\/","title":{"rendered":"Alps outdoorz dark Timber"},"content":{"rendered":"<p>Der Dark Timber ist eine ausgezeichnete Wahl f\u00fcr Reisen, bei denen Komfort und Haltbarkeit unerl\u00e4sslich sind. Er verf\u00fcgt \u00fcber einen gepolsterten H\u00fcftgurt und Schultergurte. Mit 3 separaten Taschen zur Organisation Ihrer Ausr\u00fcstung und zus\u00e4tzlichen Wasserflaschentaschen auf jeder Seite bietet er gen\u00fcgend Platz f\u00fcr das N\u00f6tigste und noch mehr! Der Rucksack ist trinksystemkompatibel und verf\u00fcgt \u00fcber Zurrgurte, um noch mehr Ausr\u00fcstung zu befestigen.   <\/p>\n<p>\u2022 Gro\u00dfe Frontzubeh\u00f6r- und Haupttasche<\/p>\n<p>\u2022 Untere Aufbewahrungstasche<\/p>\n<p>\u2022 Untere Seitentaschen aus Netzstoff<\/p>\n<p>\u2022 Seitliche Kompressionsriemen<\/p>\n<p>\u2022 Verstellbarer Brustgurt<\/p>\n<p>\u2022 Trinksystemtasche und -\u00f6ffnung<\/p>\n<p>\u2022 Der gepolsterte H\u00fcftgurt und die Schultergurte<\/p>\n<p>\u2022 Bartack-verst\u00e4rktes Gurtband bietet mehrere Befestigungspunkte<\/p>\n<p><b>Fassungsverm\u00f6gen<\/b>2285 in\u00b3 \/ 37 L<\/p>\n<p><b>Abmessungen Hauptfach<\/b>18.75&#8243; H x 10.5&#8243; W x 9&#8243; D<\/p>\n<p><b>H\u00fcftgurtbereich<\/b>24&#8243; &#8211; 55&#8243;<\/p>\n<p><b>Gewicht<\/b>2 lbs. 3 oz.<\/p>\n","protected":false},"excerpt":{"rendered":"<p>Realtree edge camo<\/p>\n","protected":false},"featured_media":209657,"comment_status":"open","ping_status":"closed","template":"","meta":[],"product_brand":[],"product_cat":[2565,1328,1407],"product_tag":[],"class_list":{"0":"post-219191","1":"product","2":"type-product","3":"status-publish","4":"has-post-thumbnail","6":"product_cat-jaktryggsackar","7":"product_cat-hunting-backpacks","8":"product_cat-jagdrucksacke","9":"product_shipping_class-medium-de","11":"first","12":"instock","13":"taxable","14":"shipping-taxable","15":"purchasable","16":"product-type-simple"},"composite_virtual":false,"composite_layout":"","composite_add_to_cart_form_location":"","composite_editable_in_cart":false,"composite_sold_individually_context":"","composite_shop_price_calc":"","composite_components":[],"composite_scenarios":[],"group_of_quantity":0,"min_quantity":0,"max_quantity":"","exclude_order_quantity_value_rules":"no","exclude_category_quantity_rules":"no","combine_variations":"no","exclude_global_add_ons":[],"addons":[],"_links":{"self":[{"href":"https:\/\/www.huntersfriend.eu\/de\/wp-json\/wp\/v2\/product\/219191","targetHints":{"allow":["GET"]}}],"collection":[{"href":"https:\/\/www.huntersfriend.eu\/de\/wp-json\/wp\/v2\/product"}],"about":[{"href":"https:\/\/www.huntersfriend.eu\/de\/wp-json\/wp\/v2\/types\/product"}],"replies":[{"embeddable":true,"href":"https:\/\/www.huntersfriend.eu\/de\/wp-json\/wp\/v2\/comments?post=219191"}],"wp:featuredmedia":[{"embeddable":true,"href":"https:\/\/www.huntersfriend.eu\/de\/wp-json\/wp\/v2\/media\/209657"}],"wp:attachment":[{"href":"https:\/\/www.huntersfriend.eu\/de\/wp-json\/wp\/v2\/media?parent=219191"}],"wp:term":[{"taxonomy":"product_brand","embeddable":true,"href":"https:\/\/www.huntersfriend.eu\/de\/wp-json\/wp\/v2\/product_brand?post=219191"},{"taxonomy":"product_cat","embeddable":true,"href":"https:\/\/www.huntersfriend.eu\/de\/wp-json\/wp\/v2\/product_cat?post=219191"},{"taxonomy":"product_tag","embeddable":true,"href":"https:\/\/www.huntersfriend.eu\/de\/wp-json\/wp\/v2\/product_tag?post=219191"}],"curies":[{"name":"wp","href":"https:\/\/api.w.org\/{rel}","templated":true}]}}