{"id":219189,"date":"2021-06-16T11:22:23","date_gmt":"2021-06-16T09:22:23","guid":{"rendered":"https:\/\/www.huntersfriend.eu\/product\/alps-outdoorz-crossfire\/"},"modified":"2025-07-26T12:22:20","modified_gmt":"2025-07-26T10:22:20","slug":"alps-outdoorz-crossfire","status":"publish","type":"product","link":"https:\/\/www.huntersfriend.eu\/de\/produkt\/alps-outdoorz-crossfire\/","title":{"rendered":"Alps Outdoorz Crossfire"},"content":{"rendered":"<p>Ein vielseitiger Tagesrucksack mit einem Fassungsverm\u00f6gen von 38 Litern. Der Rucksack hat ein ger\u00e4umiges Hauptfach, sowie eine Tasche mit mehreren kleineren F\u00e4chern f\u00fcr kleine Gegenst\u00e4nde. Dar\u00fcber hinaus verf\u00fcgt der Rucksack \u00fcber eine abnehmbare Zubeh\u00f6rtasche, die am R\u00fccken, an den Schultergurten befestigt oder dank des Tragegurts separat verwendet werden kann.die R\u00fcckseite des Tr\u00e4gers ist ein sehr gut bel\u00fcftetes Mesh-Netz, das den Tragekomfort deutlich verbessert. Der X-f\u00f6rmige Rahmen sorgt f\u00fcr Stabilit\u00e4t auch bei schwerer Last, ein gepolsterter H\u00fcftgurt und Schultergurte verbessern den Tragekomfort.An den Seiten des H\u00fcftgurtes befinden sich zwei Rei\u00dfverschlusstaschen f\u00fcr kleine Gegenst\u00e4nde, die leicht zug\u00e4nglich sein sollen. Au\u00dferdem gibt es auf beiden Seiten Netztaschen f\u00fcr Wasserflaschen.<\/p>\n<p>&nbsp;<\/p>\n<p>Gut bel\u00fcftete R\u00fcckseite des Tr\u00e4gers aus Netzgewebe<br \/>Abnehmbare Zubeh\u00f6rtasche, die an der Vorderseite angebracht oder separat verwendet werden kann<br \/>Gepolsterter, stabiler H\u00fcftgurt mit zwei Seitentaschen<br \/>Abnehmbares Fach f\u00fcr Gewehr oder Bogen<br \/>HiVis-orange integrierte Regenh\u00fclle<br \/>Tasche und Anschluss f\u00fcr Trinksystem<br \/>Zus\u00e4tzliche Spanngurte an den Seiten und am Boden<br \/>Gewicht 1,9 kg<br \/>Volumen 38l<br \/>Farbe Realtree Edge<\/p>\n","protected":false},"excerpt":{"rendered":"<p>Realtree Edge Camo<\/p>\n","protected":false},"featured_media":209622,"comment_status":"open","ping_status":"closed","template":"","meta":[],"product_brand":[],"product_cat":[1407],"product_tag":[],"class_list":{"0":"post-219189","1":"product","2":"type-product","3":"status-publish","4":"has-post-thumbnail","6":"product_cat-jagdrucksacke","8":"first","9":"outofstock","10":"taxable","11":"shipping-taxable","12":"purchasable","13":"product-type-simple"},"composite_virtual":false,"composite_layout":"","composite_add_to_cart_form_location":"","composite_editable_in_cart":false,"composite_sold_individually_context":"","composite_shop_price_calc":"","composite_components":[],"composite_scenarios":[],"group_of_quantity":0,"min_quantity":0,"max_quantity":"","exclude_order_quantity_value_rules":"no","exclude_category_quantity_rules":"no","combine_variations":"no","exclude_global_add_ons":[],"addons":[],"_links":{"self":[{"href":"https:\/\/www.huntersfriend.eu\/de\/wp-json\/wp\/v2\/product\/219189","targetHints":{"allow":["GET"]}}],"collection":[{"href":"https:\/\/www.huntersfriend.eu\/de\/wp-json\/wp\/v2\/product"}],"about":[{"href":"https:\/\/www.huntersfriend.eu\/de\/wp-json\/wp\/v2\/types\/product"}],"replies":[{"embeddable":true,"href":"https:\/\/www.huntersfriend.eu\/de\/wp-json\/wp\/v2\/comments?post=219189"}],"wp:featuredmedia":[{"embeddable":true,"href":"https:\/\/www.huntersfriend.eu\/de\/wp-json\/wp\/v2\/media\/209622"}],"wp:attachment":[{"href":"https:\/\/www.huntersfriend.eu\/de\/wp-json\/wp\/v2\/media?parent=219189"}],"wp:term":[{"taxonomy":"product_brand","embeddable":true,"href":"https:\/\/www.huntersfriend.eu\/de\/wp-json\/wp\/v2\/product_brand?post=219189"},{"taxonomy":"product_cat","embeddable":true,"href":"https:\/\/www.huntersfriend.eu\/de\/wp-json\/wp\/v2\/product_cat?post=219189"},{"taxonomy":"product_tag","embeddable":true,"href":"https:\/\/www.huntersfriend.eu\/de\/wp-json\/wp\/v2\/product_tag?post=219189"}],"curies":[{"name":"wp","href":"https:\/\/api.w.org\/{rel}","templated":true}]}}