{"id":219086,"date":"2021-06-16T11:22:25","date_gmt":"2021-06-16T09:22:25","guid":{"rendered":"https:\/\/www.huntersfriend.eu\/product\/alps-outdoorz-matrix\/"},"modified":"2025-09-02T09:01:09","modified_gmt":"2025-09-02T07:01:09","slug":"alps-outdoorz-matrix","status":"publish","type":"product","link":"https:\/\/www.huntersfriend.eu\/de\/produkt\/alps-outdoorz-matrix\/","title":{"rendered":"Alps OutdoorZ Matrix"},"content":{"rendered":"<p><span class=\"Y2IQFc\" lang=\"en\">Ein praktischer Tagesrucksack, der leicht zu tragen ist, entweder mit einer Waffe oder einem Bogen.<\/span><span class=\"Y2IQFc\" lang=\"en\">Der Rucksack verf\u00fcgt \u00fcber ein ger\u00e4umiges Hauptfach und Taschen auf der R\u00fcckseite, die auch die zu tragende Waffe sch\u00fctzen und st\u00fctzen.<br \/>\n<\/span><span class=\"Y2IQFc\" lang=\"en\">Der Boden des Rucksacks verf\u00fcgt \u00fcber eine sogenannte verstellbare Drop-Down-Tasche, die Ihre Waffe w\u00e4hrend des Transports fest an Ort und Stelle h\u00e4lt.<\/span><span class=\"Y2IQFc\" lang=\"en\">Im Hauptfach befinden sich mehrere Taschen f\u00fcr kleinere Utensilien. Der Rucksack verf\u00fcgt \u00fcber einen stabilen, gepolsterten H\u00fcftgurt mit Rei\u00dfverschlusstaschen auf beiden Seiten.<\/span><span class=\"Y2IQFc\" lang=\"en\">Gepolsterte Schultergurte sorgen f\u00fcr einen angenehmen Tragekomfort. Der Rucksack verf\u00fcgt au\u00dferdem \u00fcber eine integrierte, signalorangefarbene Regenh\u00fclle sowie eine separate Tasche und einen Ausgang f\u00fcr den Trinkschlauch. <\/span><\/p>\n<p>&nbsp;<\/p>\n<ul>\n<li class=\"tw-data-text tw-text-large XcVN5d tw-ta\" data-placeholder=\"K\u00e4\u00e4nn\u00f6s\"><span class=\"Y2IQFc\" lang=\"en\">Tragesystem f\u00fcr Bogen oder Waffe<br \/>\n<\/span><\/li>\n<li class=\"tw-data-text tw-text-large XcVN5d tw-ta\" data-placeholder=\"K\u00e4\u00e4nn\u00f6s\"><span class=\"Y2IQFc\" lang=\"en\">Die oberen Taschen auf der R\u00fcckseite fixieren die transportierte Waffe fest<br \/>\n<\/span><\/li>\n<li class=\"tw-data-text tw-text-large XcVN5d tw-ta\" data-placeholder=\"K\u00e4\u00e4nn\u00f6s\"><span class=\"Y2IQFc\" lang=\"en\">Verstellbare Drop-Down-Tasche, die die Waffe beim Transport an Ort und Stelle h\u00e4lt<br \/>\n<\/span><\/li>\n<li class=\"tw-data-text tw-text-large XcVN5d tw-ta\" data-placeholder=\"K\u00e4\u00e4nn\u00f6s\"><span class=\"Y2IQFc\" lang=\"en\">Pfeilhalterung auf beiden Seiten<br \/>\n<\/span><\/li>\n<li class=\"tw-data-text tw-text-large XcVN5d tw-ta\" data-placeholder=\"K\u00e4\u00e4nn\u00f6s\"><span class=\"Y2IQFc\" lang=\"en\">Gepolsterter H\u00fcftgurt mit Rei\u00dfverschlusstaschen an den Seiten<br \/>\n<\/span><\/li>\n<li class=\"tw-data-text tw-text-large XcVN5d tw-ta\" data-placeholder=\"K\u00e4\u00e4nn\u00f6s\"><span class=\"Y2IQFc\" lang=\"en\">Gepolsterte Schultergurte<br \/>\n<\/span><\/li>\n<li data-placeholder=\"K\u00e4\u00e4nn\u00f6s\"><span class=\"Y2IQFc\" lang=\"en\">Integrierte signalorange Regenh\u00fclle<\/span><\/li>\n<\/ul>\n<table border=\"3\">\n<tbody>\n<tr align=\"CENTER\">\n<td><b>Fassungsverm\u00f6gen<\/b><\/td>\n<td>2700 in\u00b3 \/ 44 L<\/td>\n<\/tr>\n<tr align=\"CENTER\">\n<td><b>Hauptfach-Abmessungen<\/b><\/td>\n<td>50,8 cm H x 30,5 cm B x 19,1 cm T<\/td>\n<\/tr>\n<tr align=\"CENTER\">\n<td><b>H\u00fcftgurtumfang<\/b><\/td>\n<td>31&#8243; &#8211; 58&#8243;<\/td>\n<\/tr>\n<tr align=\"CENTER\">\n<td><b>Gewicht<\/b><\/td>\n<td>2,04 kg <\/td>\n<\/tr>\n<tr align=\"CENTER\">\n<td><b>Taschen<\/b><\/td>\n<td>Hauptfach, 2 vordere Fl\u00fcgeltaschen, 2 seitliche Netztaschen und 2 H\u00fcftgurttaschen<\/td>\n<\/tr>\n<\/tbody>\n<\/table>\n<pre id=\"tw-target-text\" class=\"tw-data-text tw-text-large XcVN5d tw-ta\" data-placeholder=\"K\u00e4\u00e4nn\u00f6s\"><\/pre>\n<pre id=\"tw-target-text\" class=\"tw-data-text tw-text-large XcVN5d tw-ta\" data-placeholder=\"K\u00e4\u00e4nn\u00f6s\"><\/pre>\n<pre id=\"tw-target-text\" class=\"tw-data-text tw-text-large XcVN5d tw-ta\" data-placeholder=\"K\u00e4\u00e4nn\u00f6s\"><\/pre>\n<pre id=\"tw-target-text\" class=\"tw-data-text tw-text-large XcVN5d tw-ta\" data-placeholder=\"K\u00e4\u00e4nn\u00f6s\"><\/pre>\n<pre id=\"tw-target-text\" class=\"tw-data-text tw-text-large XcVN5d tw-ta\" data-placeholder=\"K\u00e4\u00e4nn\u00f6s\"><span class=\"Y2IQFc\" lang=\"en\"> <\/span><\/pre>\n<p>&nbsp;<\/p>\n<pre id=\"tw-target-text\" class=\"tw-data-text tw-text-large XcVN5d tw-ta\" data-placeholder=\"K\u00e4\u00e4nn\u00f6s\"><span class=\"Y2IQFc\" lang=\"en\"> <\/span><\/pre>\n<pre class=\"tw-data-text tw-text-large XcVN5d tw-ta\" data-placeholder=\"K\u00e4\u00e4nn\u00f6s\"><span class=\"Y2IQFc\" lang=\"en\"> <\/span><\/pre>\n","protected":false},"excerpt":{"rendered":"<p>Mossy Oak Shadow Grass Habitat Tarnmuster<\/p>\n","protected":false},"featured_media":209691,"comment_status":"open","ping_status":"closed","template":"","meta":[],"product_brand":[],"product_cat":[1145],"product_tag":[],"class_list":{"0":"post-219086","1":"product","2":"type-product","3":"status-publish","4":"has-post-thumbnail","6":"product_cat-sonstiges","7":"product_shipping_class-medium-de","9":"first","10":"outofstock","11":"taxable","12":"shipping-taxable","13":"purchasable","14":"product-type-simple"},"composite_virtual":false,"composite_layout":"","composite_add_to_cart_form_location":"","composite_editable_in_cart":false,"composite_sold_individually_context":"","composite_shop_price_calc":"","composite_components":[],"composite_scenarios":[],"group_of_quantity":0,"min_quantity":0,"max_quantity":"","exclude_order_quantity_value_rules":"no","exclude_category_quantity_rules":"no","combine_variations":"no","exclude_global_add_ons":[],"addons":[],"_links":{"self":[{"href":"https:\/\/www.huntersfriend.eu\/de\/wp-json\/wp\/v2\/product\/219086","targetHints":{"allow":["GET"]}}],"collection":[{"href":"https:\/\/www.huntersfriend.eu\/de\/wp-json\/wp\/v2\/product"}],"about":[{"href":"https:\/\/www.huntersfriend.eu\/de\/wp-json\/wp\/v2\/types\/product"}],"replies":[{"embeddable":true,"href":"https:\/\/www.huntersfriend.eu\/de\/wp-json\/wp\/v2\/comments?post=219086"}],"wp:featuredmedia":[{"embeddable":true,"href":"https:\/\/www.huntersfriend.eu\/de\/wp-json\/wp\/v2\/media\/209691"}],"wp:attachment":[{"href":"https:\/\/www.huntersfriend.eu\/de\/wp-json\/wp\/v2\/media?parent=219086"}],"wp:term":[{"taxonomy":"product_brand","embeddable":true,"href":"https:\/\/www.huntersfriend.eu\/de\/wp-json\/wp\/v2\/product_brand?post=219086"},{"taxonomy":"product_cat","embeddable":true,"href":"https:\/\/www.huntersfriend.eu\/de\/wp-json\/wp\/v2\/product_cat?post=219086"},{"taxonomy":"product_tag","embeddable":true,"href":"https:\/\/www.huntersfriend.eu\/de\/wp-json\/wp\/v2\/product_tag?post=219086"}],"curies":[{"name":"wp","href":"https:\/\/api.w.org\/{rel}","templated":true}]}}