{"id":219079,"date":"2021-06-22T08:20:10","date_gmt":"2021-06-22T06:20:10","guid":{"rendered":"https:\/\/www.huntersfriend.eu\/product\/alps-outdoorz-xtreme-bino-harness-x-fernglastasche\/"},"modified":"2026-03-18T22:00:55","modified_gmt":"2026-03-18T20:00:55","slug":"alps-outdoorz-xtreme-bino-harness-x-fernglastasche","status":"publish","type":"product","link":"https:\/\/www.huntersfriend.eu\/de\/produkt\/alps-outdoorz-xtreme-bino-harness-x-fernglastasche\/","title":{"rendered":"Alps OutdoorZ Xtreme Bino Harness X"},"content":{"rendered":"<p>Als eine der ersten Produkterweiterungen der sehr beliebten und erfolgreichen Extreme-Linie von Alps ist das Bino Harness X der perfekte Begleiter f\u00fcr Ihre Optik. Entwickelt, um die Tasche nah an Ihrer Brust zu halten und die Bewegung Ihrer Optik zu reduzieren. Hergestellt aus 1680D ballistischem Nylongewebe, ist das Bino Harness X so robust wie Sie und bereit f\u00fcr jede Jagdumgebung. Ein Linsenreinigungstuch ist im Lieferumfang enthalten, und das Design verf\u00fcgt \u00fcber einen einfach zu bedienenden Einhand-\u00d6ffnungsmechanismus f\u00fcr schnellen Zugriff.   <\/p>\n<p>\u2022 Tasche bleibt w\u00e4hrend der Bewegung sicher an der Brust<\/p>\n<p>\u2022 Durchgehend verwendetes 1680D ballistisches Nylongewebe f\u00fcr un\u00fcbertroffene Festigkeit<\/p>\n<p>\u2022 U-f\u00f6rmiges Frontdesign erm\u00f6glicht leichteren Zugriff auf das Fernglas<\/p>\n<p>\u2022 Reinigungstuch f\u00fcr Linsen inklusive<\/p>\n<p>\u2022 Gepolstertes R\u00fcckenteil f\u00fcr zus\u00e4tzlichen Komfort<\/p>\n<p>\u2022 Elastischer Verschluss zur Aufnahme einer Vielzahl von Ferngl\u00e4sern<\/p>\n<p>\u2022 Verstellbares Befestigungsgeschirr f\u00fcr alle K\u00f6rpergr\u00f6\u00dfen<\/p>\n<p>\u2022 Nicht-metallische Fernglas-Befestigungsriemen<\/p>\n<p>\u2022 Mehrere Befestigungspunkte f\u00fcr zus\u00e4tzliches Zubeh\u00f6r<\/p>\n<p>\u2022 Eine Seitentasche zur Aufbewahrung eines Windanzeigers<\/p>\n<p>\u2022 Einschubtasche auf der R\u00fcckseite eignet sich hervorragend f\u00fcr eine Handfeuerwaffe, ein Telefon oder zus\u00e4tzliche Ausr\u00fcstung<\/p>\n<table style=\"height: 72px;\" border=\"3\" width=\"263\">\n<tbody>\n<tr>\n<th colspan=\"2\">Standard<\/th>\n<\/tr>\n<tr align=\"CENTER\">\n<td><b>Abmessungen<\/b><\/td>\n<td>6,5&#8243; H x 5,5&#8243; B x 2,25&#8243; T<\/td>\n<\/tr>\n<tr align=\"CENTER\">\n<td><b>Gewicht<\/b><\/td>\n<td>312 g<\/td>\n<\/tr>\n<tr>\n<th colspan=\"2\"><\/th>\n<\/tr>\n<tr align=\"CENTER\">\n<td><\/td>\n<td><\/td>\n<\/tr>\n<tr align=\"CENTER\">\n<td><\/td>\n<td><\/td>\n<\/tr>\n<\/tbody>\n<\/table>\n","protected":false},"excerpt":{"rendered":"<p>Coyote oder Real Tree Excape Camo<\/p>\n","protected":false},"featured_media":209730,"comment_status":"open","ping_status":"closed","template":"","meta":[],"product_brand":[],"product_cat":[1773],"product_tag":[],"class_list":{"0":"post-219079","1":"product","2":"type-product","3":"status-publish","4":"has-post-thumbnail","6":"product_cat-bino-harnesses-de","8":"first","9":"instock","10":"taxable","11":"shipping-taxable","12":"purchasable","13":"product-type-variable"},"composite_virtual":false,"composite_layout":"","composite_add_to_cart_form_location":"","composite_editable_in_cart":false,"composite_sold_individually_context":"","composite_shop_price_calc":"","composite_components":[],"composite_scenarios":[],"group_of_quantity":0,"min_quantity":0,"max_quantity":"","exclude_order_quantity_value_rules":"no","exclude_category_quantity_rules":"no","combine_variations":"no","exclude_global_add_ons":[],"addons":[],"_links":{"self":[{"href":"https:\/\/www.huntersfriend.eu\/de\/wp-json\/wp\/v2\/product\/219079","targetHints":{"allow":["GET"]}}],"collection":[{"href":"https:\/\/www.huntersfriend.eu\/de\/wp-json\/wp\/v2\/product"}],"about":[{"href":"https:\/\/www.huntersfriend.eu\/de\/wp-json\/wp\/v2\/types\/product"}],"replies":[{"embeddable":true,"href":"https:\/\/www.huntersfriend.eu\/de\/wp-json\/wp\/v2\/comments?post=219079"}],"wp:featuredmedia":[{"embeddable":true,"href":"https:\/\/www.huntersfriend.eu\/de\/wp-json\/wp\/v2\/media\/209730"}],"wp:attachment":[{"href":"https:\/\/www.huntersfriend.eu\/de\/wp-json\/wp\/v2\/media?parent=219079"}],"wp:term":[{"taxonomy":"product_brand","embeddable":true,"href":"https:\/\/www.huntersfriend.eu\/de\/wp-json\/wp\/v2\/product_brand?post=219079"},{"taxonomy":"product_cat","embeddable":true,"href":"https:\/\/www.huntersfriend.eu\/de\/wp-json\/wp\/v2\/product_cat?post=219079"},{"taxonomy":"product_tag","embeddable":true,"href":"https:\/\/www.huntersfriend.eu\/de\/wp-json\/wp\/v2\/product_tag?post=219079"}],"curies":[{"name":"wp","href":"https:\/\/api.w.org\/{rel}","templated":true}]}}