{"id":219077,"date":"2021-06-24T11:20:21","date_gmt":"2021-06-24T09:20:21","guid":{"rendered":"https:\/\/www.huntersfriend.eu\/product\/nikon-prostaff-1000-laser-entfernungsmesser\/"},"modified":"2026-02-25T10:35:35","modified_gmt":"2026-02-25T08:35:35","slug":"nikon-prostaff-1000-laser-entfernungsmesser","status":"publish","type":"product","link":"https:\/\/www.huntersfriend.eu\/de\/produkt\/nikon-prostaff-1000-laser-entfernungsmesser\/","title":{"rendered":"Nikon Prostaff 1000 Laser-Entfernungsmesser"},"content":{"rendered":"<section class=\"nkn-resp-pdp-section redesign nkn-resp-pdp-overview-text-only container-fluid text-center row\">\n<div class=\"nkn-resp-pdp-overview-content max-750\">\n<h3 class=\"nkn-resp-pdp-title\">Genauigkeit, Konsistenz &amp; Wert<\/h3>\n<div class=\"nkn-resp-pdp-description\">Der PROSTAFF 1000 6&#215;20 Laser-Entfernungsmesser bietet Ihnen eine zuverl\u00e4ssige maximale Reichweite von 1.000 Yards und eine kompakte Ergonomie, die in Ihre Tasche passt. Das 6-fach optische System erm\u00f6glicht das Erkennen und Messen von Wild auf bis zu 600 Yards, w\u00e4hrend das Tru-Target-System die Auswahl zwischen der Priorit\u00e4t des ersten Ziels oder der Priorit\u00e4t des entferntesten Ziels erm\u00f6glicht. Wetterbest\u00e4ndige\/regenabweisende Konstruktion.  <\/div>\n<\/div>\n<\/section>\n<section class=\"nkn-resp-pdp-section redesign nkn-resp-pdp-overview-text-only container-fluid text-center row\">\n<div class=\"nkn-resp-pdp-overview-content max-750\">\n<h3 class=\"nkn-resp-pdp-title\">Tru-Target-Technologie<\/h3>\n<div class=\"nkn-resp-pdp-description\">W\u00e4hlen Sie je nach Situation zwischen zwei verschiedenen Messmodi. Der Modus \u201ePriorit\u00e4t des ersten Ziels\u201c erm\u00f6glicht die Messung eines Objekts, das so klein wie ein Zaunpfahl ist, w\u00e4hrend der Modus \u201ePriorit\u00e4t des entferntesten Ziels\u201c die Entfernung des entferntesten Ziels innerhalb einer Gruppe gemessener Ziele anzeigt. <\/div>\n<\/div>\n<div>\n<ol class=\"specs-group-content expandable\">\n<li class=\"spec-content row\">\n<h4 class=\"spec-title col-sm-6\">Messbereich 6- <span class=\"value\">1.000<\/span><span class=\"suffix\"> yd.<\/span><\/h4>\n<\/li>\n<li class=\"spec-content row\">\n<h4 class=\"spec-title col-sm-6\">Vergr\u00f6\u00dferung &#8211; 6<span class=\"suffix\">x<\/span><\/h4>\n<\/li>\n<li class=\"spec-content row\">\n<h4 class=\"spec-title col-sm-6\">Sehfeld (real) &#8211; 6<span class=\"suffix\">\u00b0<\/span><\/h4>\n<\/li>\n<li class=\"spec-content row\">\n<h4 class=\"spec-title col-sm-6\">Sucheranzeige &#8211; Meter\/Yards<\/h4>\n<\/li>\n<li class=\"spec-content row\">\n<h4 class=\"spec-title col-sm-6\">Austrittspupille &#8211; 3,3<span class=\"suffix\">mm<\/span><\/h4>\n<\/li>\n<li class=\"spec-content row\">\n<h4 class=\"spec-title col-sm-6\">Dioptrienausgleich &#8211; +\/- <span class=\"value\">4<\/span><span class=\"suffix\">\u00b0<\/span><\/h4>\n<\/li>\n<li class=\"spec-content row\">\n<h4 class=\"spec-title col-sm-6\">Stromquelle &#8211; 1 CR2 Lithium-Batterie<\/h4>\n<\/li>\n<li class=\"spec-content row\">\n<h4 class=\"spec-title col-sm-6\">Gr\u00f6\u00dfe (L\u00e4nge x Breite x H\u00f6he) &#8211; 3,6<span class=\"suffix\"> in.<\/span> x <span class=\"value\">1,5<\/span><span class=\"suffix\"> in.<\/span> x <span class=\"value\">2,9<\/span><span class=\"suffix\"> in.<\/span><\/h4>\n<\/li>\n<li class=\"spec-content row\">\n<h4 class=\"spec-title col-sm-6\">Gewicht (ohne Batterien) &#8211; 4,6<span class=\"suffix\"> oz<\/span><\/h4>\n<\/li>\n<li class=\"spec-content row\">\n<h4 class=\"spec-title col-sm-6\">Objektivdurchmesser &#8211; 20<span class=\"suffix\">mm<\/span><\/h4>\n<\/li>\n<\/ol>\n<\/div>\n<\/section>\n","protected":false},"excerpt":{"rendered":"<p>Reichweite 5 &#8211; 910 m<\/p>\n","protected":false},"featured_media":208771,"comment_status":"open","ping_status":"closed","template":"","meta":[],"product_brand":[],"product_cat":[2829,1131],"product_tag":[],"class_list":{"0":"post-219077","1":"product","2":"type-product","3":"status-publish","4":"has-post-thumbnail","6":"product_cat-avstandsmatare","7":"product_cat-entfernungsmesser","9":"first","10":"instock","11":"taxable","12":"shipping-taxable","13":"purchasable","14":"product-type-simple"},"composite_virtual":false,"composite_layout":"","composite_add_to_cart_form_location":"","composite_editable_in_cart":false,"composite_sold_individually_context":"","composite_shop_price_calc":"","composite_components":[],"composite_scenarios":[],"group_of_quantity":0,"min_quantity":0,"max_quantity":"","exclude_order_quantity_value_rules":"no","exclude_category_quantity_rules":"no","combine_variations":"no","exclude_global_add_ons":[],"addons":[],"_links":{"self":[{"href":"https:\/\/www.huntersfriend.eu\/de\/wp-json\/wp\/v2\/product\/219077","targetHints":{"allow":["GET"]}}],"collection":[{"href":"https:\/\/www.huntersfriend.eu\/de\/wp-json\/wp\/v2\/product"}],"about":[{"href":"https:\/\/www.huntersfriend.eu\/de\/wp-json\/wp\/v2\/types\/product"}],"replies":[{"embeddable":true,"href":"https:\/\/www.huntersfriend.eu\/de\/wp-json\/wp\/v2\/comments?post=219077"}],"wp:featuredmedia":[{"embeddable":true,"href":"https:\/\/www.huntersfriend.eu\/de\/wp-json\/wp\/v2\/media\/208771"}],"wp:attachment":[{"href":"https:\/\/www.huntersfriend.eu\/de\/wp-json\/wp\/v2\/media?parent=219077"}],"wp:term":[{"taxonomy":"product_brand","embeddable":true,"href":"https:\/\/www.huntersfriend.eu\/de\/wp-json\/wp\/v2\/product_brand?post=219077"},{"taxonomy":"product_cat","embeddable":true,"href":"https:\/\/www.huntersfriend.eu\/de\/wp-json\/wp\/v2\/product_cat?post=219077"},{"taxonomy":"product_tag","embeddable":true,"href":"https:\/\/www.huntersfriend.eu\/de\/wp-json\/wp\/v2\/product_tag?post=219077"}],"curies":[{"name":"wp","href":"https:\/\/api.w.org\/{rel}","templated":true}]}}