{"id":219076,"date":"2021-07-05T11:24:02","date_gmt":"2021-07-05T09:24:02","guid":{"rendered":"https:\/\/www.huntersfriend.eu\/product\/saunders-armschutz\/"},"modified":"2025-09-02T08:59:27","modified_gmt":"2025-09-02T06:59:27","slug":"saunders-armschutz","status":"publish","type":"product","link":"https:\/\/www.huntersfriend.eu\/de\/produkt\/saunders-armschutz\/","title":{"rendered":"Saunders Ziel-Armschutz"},"content":{"rendered":"<p>Dies ist ein klares, offenes Design von 3\u2033 x 5 1\/2\u2033, k\u00fchl, bequem und bestens geeignet f\u00fcr die Linie oder den Schie\u00dfstand. Es rollt sich nicht ein und rei\u00dft nicht. Verstellbares Gummiband mit Schnellhakenverschluss.  <\/p>\n","protected":false},"excerpt":{"rendered":"<p>Schwarzer Kunststoff \u2013 klein<\/p>\n","protected":false},"featured_media":220240,"comment_status":"open","ping_status":"closed","template":"","meta":[],"product_brand":[],"product_cat":[1146],"product_tag":[],"class_list":{"0":"post-219076","1":"product","2":"type-product","3":"status-publish","4":"has-post-thumbnail","6":"product_cat-jagd-und-scheiben-armschutz","8":"first","9":"instock","10":"taxable","11":"shipping-taxable","12":"purchasable","13":"product-type-simple"},"composite_virtual":false,"composite_layout":"","composite_add_to_cart_form_location":"","composite_editable_in_cart":false,"composite_sold_individually_context":"","composite_shop_price_calc":"","composite_components":[],"composite_scenarios":[],"group_of_quantity":0,"min_quantity":0,"max_quantity":"","exclude_order_quantity_value_rules":"no","exclude_category_quantity_rules":"no","combine_variations":"no","exclude_global_add_ons":[],"addons":[],"_links":{"self":[{"href":"https:\/\/www.huntersfriend.eu\/de\/wp-json\/wp\/v2\/product\/219076","targetHints":{"allow":["GET"]}}],"collection":[{"href":"https:\/\/www.huntersfriend.eu\/de\/wp-json\/wp\/v2\/product"}],"about":[{"href":"https:\/\/www.huntersfriend.eu\/de\/wp-json\/wp\/v2\/types\/product"}],"replies":[{"embeddable":true,"href":"https:\/\/www.huntersfriend.eu\/de\/wp-json\/wp\/v2\/comments?post=219076"}],"wp:featuredmedia":[{"embeddable":true,"href":"https:\/\/www.huntersfriend.eu\/de\/wp-json\/wp\/v2\/media\/220240"}],"wp:attachment":[{"href":"https:\/\/www.huntersfriend.eu\/de\/wp-json\/wp\/v2\/media?parent=219076"}],"wp:term":[{"taxonomy":"product_brand","embeddable":true,"href":"https:\/\/www.huntersfriend.eu\/de\/wp-json\/wp\/v2\/product_brand?post=219076"},{"taxonomy":"product_cat","embeddable":true,"href":"https:\/\/www.huntersfriend.eu\/de\/wp-json\/wp\/v2\/product_cat?post=219076"},{"taxonomy":"product_tag","embeddable":true,"href":"https:\/\/www.huntersfriend.eu\/de\/wp-json\/wp\/v2\/product_tag?post=219076"}],"curies":[{"name":"wp","href":"https:\/\/api.w.org\/{rel}","templated":true}]}}