{"id":219075,"date":"2021-07-07T14:20:35","date_gmt":"2021-07-07T12:20:35","guid":{"rendered":"https:\/\/www.huntersfriend.eu\/product\/final-approach-ez-grab-tasche-fur-locker\/"},"modified":"2026-04-15T11:47:46","modified_gmt":"2026-04-15T09:47:46","slug":"final-approach-ez-grab-tasche-fur-locker","status":"publish","type":"product","link":"https:\/\/www.huntersfriend.eu\/de\/produkt\/final-approach-ez-grab-tasche-fur-locker\/","title":{"rendered":"Final Approach EZ-Grab Silhouetten-Locktasche"},"content":{"rendered":"<p>Das Einsammeln von Silhouetten-Lockv\u00f6geln ist jetzt deutlich einfacher. Diese Tasche wurde daf\u00fcr entwickelt, beim Einsammeln von Silhouetten-Lockv\u00f6geln \u00fcber der Schulter getragen zu werden. Ziehen Sie einfach die \u00e4u\u00dferen Klappen auf die R\u00fcckseite der Tasche und beginnen Sie, die Silhouetten einzusammeln. Schieben Sie die Oberseite des Lockvogel-Stabs \u00fcber die obere Querstange und machen Sie weiter, bis die Arbeit erledigt ist. Die maximale Kapazit\u00e4t dieser Tasche betr\u00e4gt 5 Dutzend Silhouetten. Alles zuschnallen, und die Lockv\u00f6gel sind bereit f\u00fcr den n\u00e4chsten Einsatz.     <\/p>\n<p><strong>Merkmale<\/strong><\/p>\n<ul>\n<li>Einzigartiges Silhouetten-Aufh\u00e4ngesystem<\/li>\n<li>\u00dcberlappende Au\u00dfenklappen<\/li>\n<li>Schultergurt<\/li>\n<li>Fasst 5 Dutzend Silhouetten<\/li>\n<li>600D-Polyester<\/li>\n<\/ul>\n","protected":false},"excerpt":{"rendered":"<p>F\u00fcr Silhouetten-Lockv\u00f6gel<\/p>\n","protected":false},"featured_media":212615,"comment_status":"open","ping_status":"closed","template":"","meta":[],"product_brand":[],"product_cat":[1393],"product_tag":[],"class_list":{"0":"post-219075","1":"product","2":"type-product","3":"status-publish","4":"has-post-thumbnail","6":"product_cat-taschen-fur-lockvogel","8":"first","9":"instock","10":"taxable","11":"shipping-taxable","12":"purchasable","13":"product-type-simple"},"composite_virtual":false,"composite_layout":"","composite_add_to_cart_form_location":"","composite_editable_in_cart":false,"composite_sold_individually_context":"","composite_shop_price_calc":"","composite_components":[],"composite_scenarios":[],"group_of_quantity":0,"min_quantity":0,"max_quantity":"","exclude_order_quantity_value_rules":"no","exclude_category_quantity_rules":"no","combine_variations":"no","exclude_global_add_ons":[],"addons":[],"_links":{"self":[{"href":"https:\/\/www.huntersfriend.eu\/de\/wp-json\/wp\/v2\/product\/219075","targetHints":{"allow":["GET"]}}],"collection":[{"href":"https:\/\/www.huntersfriend.eu\/de\/wp-json\/wp\/v2\/product"}],"about":[{"href":"https:\/\/www.huntersfriend.eu\/de\/wp-json\/wp\/v2\/types\/product"}],"replies":[{"embeddable":true,"href":"https:\/\/www.huntersfriend.eu\/de\/wp-json\/wp\/v2\/comments?post=219075"}],"wp:featuredmedia":[{"embeddable":true,"href":"https:\/\/www.huntersfriend.eu\/de\/wp-json\/wp\/v2\/media\/212615"}],"wp:attachment":[{"href":"https:\/\/www.huntersfriend.eu\/de\/wp-json\/wp\/v2\/media?parent=219075"}],"wp:term":[{"taxonomy":"product_brand","embeddable":true,"href":"https:\/\/www.huntersfriend.eu\/de\/wp-json\/wp\/v2\/product_brand?post=219075"},{"taxonomy":"product_cat","embeddable":true,"href":"https:\/\/www.huntersfriend.eu\/de\/wp-json\/wp\/v2\/product_cat?post=219075"},{"taxonomy":"product_tag","embeddable":true,"href":"https:\/\/www.huntersfriend.eu\/de\/wp-json\/wp\/v2\/product_tag?post=219075"}],"curies":[{"name":"wp","href":"https:\/\/api.w.org\/{rel}","templated":true}]}}